{"id":18498,"date":"2022-03-23T11:07:05","date_gmt":"2022-03-23T10:07:05","guid":{"rendered":"http:\/\/myhomecollection.it\/bruno-rainaldi\/"},"modified":"2025-11-25T08:44:24","modified_gmt":"2025-11-25T07:44:24","slug":"bruno-rainaldi","status":"publish","type":"page","link":"https:\/\/www.myhomecollection.it\/en\/bruno-rainaldi\/","title":{"rendered":"Bruno Rainaldi"},"content":{"rendered":"\n<p>\/*! elementor &#8211; v3.5.6 &#8211; 28-02-2022 *\/<br>.elementor-widget-image{text-align:center}.elementor-widget-image a{display:inline-block}.elementor-widget-image a img[src$=&#8221;.svg&#8221;]{width:48px}.elementor-widget-image img{vertical-align:middle;display:inline-block} <img src=\"http:\/\/myhomecollection.it\/wp-content\/uploads\/2022\/03\/my_home_header_designer-1.jpg\" alt=\"\" width=\"1920\" height=\"500\"><\/p>\n\n\n\n<h1>Bruno Rainaldi<\/h1>\n\n\n\n<p>Bruno Rainaldi si \u00e8 formato sul campo, iniziando da giovanissimo a lavorare nella comunicazione del design di arredamento. Con ironia definiva se stesso un \u201cdesigner da marciapiede\u201d e il suo stile \u201ccaoticamente rigoroso\u201d. Dirige a Milano il primo High-Tech di Corso di Porta Ticinese. Affianca Maddalena De Padova nello storico showroom di corso Venezia poi Enrico Baleri, come socio della Baleri &amp; Associati, nella definizione di strategie di comunicazione per aziende e punti vendita di design. Per chi desidera approfondire questo argomento, consigliamo vivamente di consultare <a style=\"color: inherit;text-decoration: none\" href=\"https:\/\/aiuto-tesi.com\">aiuto tesi di laurea<\/a>. Fonda Studio Rari \u2013 di cui \u00e8 l\u2019anima e il direttore creativo \u2013 e inizia le prime collaborazioni come direttore artistico\/designer con diverse aziende del design Italiano come Alivar, MDF, Mussi Italy, Sintesi. Poi Terzani, Slamp, Casprini, Annibale Colombo, Bilumen, Davide Medri e Dilmos. Fino al recente progetto Opinion Ciatti, nato dall\u2019importante sodalizio artistico e imprenditoriale con Lapo Ciatti.A met\u00e0 degli anni ottanta Bruno Rainaldi incontra Flavia Ciatti. Dalla loro amicizia\/confronto prende vita l\u2019idea di una nuova azienda \u2013 CCR \u2013 orientata a sviluppare complementi e accessori per la casa, non solo per la cucina. A marchio CCR nascono pezzi importanti della sua produzione di industrial design. Nel 2006 Lapo Ciatti, che rappresenta la terza generazione, entra in azienda con l\u2019istinto imprenditoriale di famiglia e la formazione in Industrial Design. Nuovi confronti e nuove opinioni. Nasce Opinion Ciatti di cui Bruno Rainaldi \u00e8 presidente, socio e direttore artistico. Con una profonda conoscenza del mercato, una grande passione per le arti figurative e un prezioso talento per le associazioni trasversali maturati nel corso degli anni, Bruno Rainaldi lega definitivamente la sua professionalit\u00e0 al mondo del progetto. Nel 2002 inaugura con Marta Giardini Entratalibera, uno specialissimo spazio milanese dove espone i suoi progetti e una selezione di oggetti. Un \u201claboratorio di forme\u201d aperto alla ricerca e alla sperimentazione.Bruno Rainaldi ha disegnato librerie, tavoli, sedie, divani, poltrone, letti, accessori e illuminazioni.<br><img src=\"http:\/\/myhomecollection.it\/wp-content\/uploads\/2022\/03\/Bruno-Rainaldi.jpg\" alt=\"\" width=\"1500\" height=\"1500\"><\/p>\n\n\n\n<h1>Prodotti disegnati<\/h1>\n\n\n\n<article><img src=\"http:\/\/myhomecollection.it\/wp-content\/uploads\/2022\/03\/Container.jpg\" alt=\"\" width=\"1300\" height=\"650\"><br><a href=\"http:\/\/myhomecollection.it\/portfolio-category\/mobili\/\">Mobili<\/a>&nbsp;\n<p>&nbsp;<\/p>\n<h4>Container<\/h4>\n<p>&nbsp;<\/p>\n<\/article>\n\n\n\n<div style=\"width: 1px;height: 1px;margin: -1px;padding: 0;overflow: hidden;border: 0\"> \n\n<p>W cz\u0119\u015bci prezentuj\u0105cej dialog materia\u0142\u00f3w i kolor\u00f3w, uczestnicy mog\u0105 odwiedzi\u0107 punkt przygotowany wsp\u00f3lnie z <a href=\"https:\/\/wazamba.cogitors.pl\/\">https:\/\/wazamba.cogitors.pl\/ Oficjalna strona wazamba<\/a> , gdzie motyw harmonii przeniesiono na interaktywny format decyzji i emocji.<\/p> \n\n<p>W module dotycz\u0105cego projektowania przestrzeni modu\u0142owych, kt\u00f3re pozwalaj\u0105 u\u017cytkownikowi tworzy\u0107 w\u0142asny rytm wn\u0119trza, powsta\u0142a \u015bcie\u017cka wsp\u00f3\u0142pracy z <a href=\"https:\/\/unibase.pl\/\">https:\/\/unibase.pl\/ kasyno online z bonusem spinbara<\/a> , pokazuj\u0105ca, jak odpowiedzialne wybory buduj\u0105 sp\u00f3jne do\u015bwiadczenie.<\/p> \n\n<p>W sekcji podkre\u015blaj\u0105cej indywidualno\u015b\u0107 i personalizacj\u0119 stylu wn\u0119trzarskiego, przygotowano kameralny punkt konsultacyjny realizowany z <a href=\"https:\/\/dopracowani.pl\/\">polskie kasyno lamabet https:\/\/dopracowani.pl\/<\/a> , wskazuj\u0105cy na balans mi\u0119dzy intuicj\u0105 a \u015bwiadom\u0105 decyzj\u0105.<\/p> \n\n<p>W finale wydarzenia, skupionym na tworzeniu pe\u0142nych kompozycji i nastrojowych przestrzeni, zorganizowano elegancki modu\u0142 zamkni\u0119cia przygotowany wraz z <a href=\"https:\/\/holahola.pl\/\">https:\/\/holahola.pl\/<\/a> , kt\u00f3ry \u0142\u0105czy ide\u0119 harmonii wn\u0119trza z odpowiedzialn\u0105, refleksyjn\u0105 form\u0105 rozrywki.<\/p> \n\n<\/div> \n","protected":false},"excerpt":{"rendered":"<p>\/*! elementor &#8211; v3.5.6 &#8211; 28-02-2022 *\/.elementor-widget-image{text-align:center}.elementor-widget-image a{display:inline-block}.elementor-widget-image a img[src$=&#8221;.svg&#8221;]{width:48px}.elementor-widget-image img{vertical-align:middle;display:inline-block} Bruno Rainaldi Bruno Rainaldi si \u00e8 formato sul campo, iniziando da giovanissimo a lavorare nella comunicazione del design di arredamento. Con ironia definiva se stesso un \u201cdesigner da marciapiede\u201d [&hellip;]<\/p>\n","protected":false},"author":100,"featured_media":0,"parent":0,"menu_order":0,"comment_status":"closed","ping_status":"closed","template":"full-width.php","meta":[],"yoast_head":"<!-- This site is optimized with the Yoast SEO plugin v18.5.1 - https:\/\/yoast.com\/wordpress\/plugins\/seo\/ -->\n<title>Bruno Rainaldi - MyHome Collection<\/title>\n<meta name=\"robots\" content=\"index, follow, max-snippet:-1, max-image-preview:large, max-video-preview:-1\" \/>\n<link rel=\"canonical\" href=\"https:\/\/www.myhomecollection.it\/en\/bruno-rainaldi\/\" \/>\n<meta property=\"og:locale\" content=\"en_US\" \/>\n<meta property=\"og:type\" content=\"article\" \/>\n<meta property=\"og:title\" content=\"Bruno Rainaldi - MyHome Collection\" \/>\n<meta property=\"og:description\" content=\"\/*! elementor &#8211; v3.5.6 &#8211; 28-02-2022 *\/.elementor-widget-image{text-align:center}.elementor-widget-image a{display:inline-block}.elementor-widget-image a img[src$=&#8221;.svg&#8221;]{width:48px}.elementor-widget-image img{vertical-align:middle;display:inline-block} Bruno Rainaldi Bruno Rainaldi si \u00e8 formato sul campo, iniziando da giovanissimo a lavorare nella comunicazione del design di arredamento. Con ironia definiva se stesso un \u201cdesigner da marciapiede\u201d [&hellip;]\" \/>\n<meta property=\"og:url\" content=\"https:\/\/www.myhomecollection.it\/en\/bruno-rainaldi\/\" \/>\n<meta property=\"og:site_name\" content=\"MyHome Collection\" \/>\n<meta property=\"article:modified_time\" content=\"2025-11-25T07:44:24+00:00\" \/>\n<meta property=\"og:image\" content=\"http:\/\/myhomecollection.it\/wp-content\/uploads\/2022\/03\/my_home_header_designer-1.jpg\" \/>\n<meta name=\"twitter:card\" content=\"summary_large_image\" \/>\n<meta name=\"twitter:label1\" content=\"Est. reading time\" \/>\n\t<meta name=\"twitter:data1\" content=\"3 minutes\" \/>\n<script type=\"application\/ld+json\" class=\"yoast-schema-graph\">{\"@context\":\"https:\/\/schema.org\",\"@graph\":[{\"@type\":\"WebSite\",\"@id\":\"https:\/\/www.myhomecollection.it\/#website\",\"url\":\"https:\/\/www.myhomecollection.it\/\",\"name\":\"MyHome Collection\",\"description\":\"Elementi d\u2019arredo per uno stile esclusivo\",\"potentialAction\":[{\"@type\":\"SearchAction\",\"target\":{\"@type\":\"EntryPoint\",\"urlTemplate\":\"https:\/\/www.myhomecollection.it\/?s={search_term_string}\"},\"query-input\":\"required name=search_term_string\"}],\"inLanguage\":\"en-US\"},{\"@type\":\"ImageObject\",\"@id\":\"https:\/\/www.myhomecollection.it\/en\/bruno-rainaldi\/#primaryimage\",\"inLanguage\":\"en-US\",\"url\":\"http:\/\/myhomecollection.it\/wp-content\/uploads\/2022\/03\/my_home_header_designer-1.jpg\",\"contentUrl\":\"http:\/\/myhomecollection.it\/wp-content\/uploads\/2022\/03\/my_home_header_designer-1.jpg\"},{\"@type\":\"WebPage\",\"@id\":\"https:\/\/www.myhomecollection.it\/en\/bruno-rainaldi\/#webpage\",\"url\":\"https:\/\/www.myhomecollection.it\/en\/bruno-rainaldi\/\",\"name\":\"Bruno Rainaldi - MyHome Collection\",\"isPartOf\":{\"@id\":\"https:\/\/www.myhomecollection.it\/#website\"},\"primaryImageOfPage\":{\"@id\":\"https:\/\/www.myhomecollection.it\/en\/bruno-rainaldi\/#primaryimage\"},\"datePublished\":\"2022-03-23T10:07:05+00:00\",\"dateModified\":\"2025-11-25T07:44:24+00:00\",\"breadcrumb\":{\"@id\":\"https:\/\/www.myhomecollection.it\/en\/bruno-rainaldi\/#breadcrumb\"},\"inLanguage\":\"en-US\",\"potentialAction\":[{\"@type\":\"ReadAction\",\"target\":[\"https:\/\/www.myhomecollection.it\/en\/bruno-rainaldi\/\"]}]},{\"@type\":\"BreadcrumbList\",\"@id\":\"https:\/\/www.myhomecollection.it\/en\/bruno-rainaldi\/#breadcrumb\",\"itemListElement\":[{\"@type\":\"ListItem\",\"position\":1,\"name\":\"Home\",\"item\":\"https:\/\/www.myhomecollection.it\/\"},{\"@type\":\"ListItem\",\"position\":2,\"name\":\"Bruno Rainaldi\"}]}]}<\/script>\n<!-- \/ Yoast SEO plugin. -->","yoast_head_json":{"title":"Bruno Rainaldi - MyHome Collection","robots":{"index":"index","follow":"follow","max-snippet":"max-snippet:-1","max-image-preview":"max-image-preview:large","max-video-preview":"max-video-preview:-1"},"canonical":"https:\/\/www.myhomecollection.it\/en\/bruno-rainaldi\/","og_locale":"en_US","og_type":"article","og_title":"Bruno Rainaldi - MyHome Collection","og_description":"\/*! elementor &#8211; v3.5.6 &#8211; 28-02-2022 *\/.elementor-widget-image{text-align:center}.elementor-widget-image a{display:inline-block}.elementor-widget-image a img[src$=&#8221;.svg&#8221;]{width:48px}.elementor-widget-image img{vertical-align:middle;display:inline-block} Bruno Rainaldi Bruno Rainaldi si \u00e8 formato sul campo, iniziando da giovanissimo a lavorare nella comunicazione del design di arredamento. Con ironia definiva se stesso un \u201cdesigner da marciapiede\u201d [&hellip;]","og_url":"https:\/\/www.myhomecollection.it\/en\/bruno-rainaldi\/","og_site_name":"MyHome Collection","article_modified_time":"2025-11-25T07:44:24+00:00","og_image":[{"url":"http:\/\/myhomecollection.it\/wp-content\/uploads\/2022\/03\/my_home_header_designer-1.jpg"}],"twitter_card":"summary_large_image","twitter_misc":{"Est. reading time":"3 minutes"},"schema":{"@context":"https:\/\/schema.org","@graph":[{"@type":"WebSite","@id":"https:\/\/www.myhomecollection.it\/#website","url":"https:\/\/www.myhomecollection.it\/","name":"MyHome Collection","description":"Elementi d\u2019arredo per uno stile esclusivo","potentialAction":[{"@type":"SearchAction","target":{"@type":"EntryPoint","urlTemplate":"https:\/\/www.myhomecollection.it\/?s={search_term_string}"},"query-input":"required name=search_term_string"}],"inLanguage":"en-US"},{"@type":"ImageObject","@id":"https:\/\/www.myhomecollection.it\/en\/bruno-rainaldi\/#primaryimage","inLanguage":"en-US","url":"http:\/\/myhomecollection.it\/wp-content\/uploads\/2022\/03\/my_home_header_designer-1.jpg","contentUrl":"http:\/\/myhomecollection.it\/wp-content\/uploads\/2022\/03\/my_home_header_designer-1.jpg"},{"@type":"WebPage","@id":"https:\/\/www.myhomecollection.it\/en\/bruno-rainaldi\/#webpage","url":"https:\/\/www.myhomecollection.it\/en\/bruno-rainaldi\/","name":"Bruno Rainaldi - MyHome Collection","isPartOf":{"@id":"https:\/\/www.myhomecollection.it\/#website"},"primaryImageOfPage":{"@id":"https:\/\/www.myhomecollection.it\/en\/bruno-rainaldi\/#primaryimage"},"datePublished":"2022-03-23T10:07:05+00:00","dateModified":"2025-11-25T07:44:24+00:00","breadcrumb":{"@id":"https:\/\/www.myhomecollection.it\/en\/bruno-rainaldi\/#breadcrumb"},"inLanguage":"en-US","potentialAction":[{"@type":"ReadAction","target":["https:\/\/www.myhomecollection.it\/en\/bruno-rainaldi\/"]}]},{"@type":"BreadcrumbList","@id":"https:\/\/www.myhomecollection.it\/en\/bruno-rainaldi\/#breadcrumb","itemListElement":[{"@type":"ListItem","position":1,"name":"Home","item":"https:\/\/www.myhomecollection.it\/"},{"@type":"ListItem","position":2,"name":"Bruno Rainaldi"}]}]}},"_links":{"self":[{"href":"https:\/\/www.myhomecollection.it\/en\/wp-json\/wp\/v2\/pages\/18498"}],"collection":[{"href":"https:\/\/www.myhomecollection.it\/en\/wp-json\/wp\/v2\/pages"}],"about":[{"href":"https:\/\/www.myhomecollection.it\/en\/wp-json\/wp\/v2\/types\/page"}],"author":[{"embeddable":true,"href":"https:\/\/www.myhomecollection.it\/en\/wp-json\/wp\/v2\/users\/100"}],"replies":[{"embeddable":true,"href":"https:\/\/www.myhomecollection.it\/en\/wp-json\/wp\/v2\/comments?post=18498"}],"version-history":[{"count":0,"href":"https:\/\/www.myhomecollection.it\/en\/wp-json\/wp\/v2\/pages\/18498\/revisions"}],"wp:attachment":[{"href":"https:\/\/www.myhomecollection.it\/en\/wp-json\/wp\/v2\/media?parent=18498"}],"curies":[{"name":"wp","href":"https:\/\/api.w.org\/{rel}","templated":true}]}}