{"id":18519,"date":"2022-03-23T11:42:28","date_gmt":"2022-03-23T10:42:28","guid":{"rendered":"http:\/\/myhomecollection.it\/massimiliano-di-domenico\/"},"modified":"2026-02-05T12:42:49","modified_gmt":"2026-02-05T11:42:49","slug":"massimiliano-di-domenico","status":"publish","type":"page","link":"https:\/\/www.myhomecollection.it\/en\/massimiliano-di-domenico\/","title":{"rendered":"Massimiliano Di Domenico"},"content":{"rendered":"<p>\/*! elementor &#8211; v3.5.6 &#8211; 28-02-2022 *\/<br>\n.elementor-widget-image{text-align:center}.elementor-widget-image a{display:inline-block}.elementor-widget-image a img[src$=&#8221;.svg&#8221;]{width:48px}.elementor-widget-image img{vertical-align:middle;display:inline-block} <img src=\"http:\/\/myhomecollection.it\/wp-content\/uploads\/2022\/03\/my_home_header_designer-1.jpg\" alt=\"\" width=\"1920\" height=\"500\"><\/p>\n<h1 style=\"line-height: 70px\" data-item-class=\"eltdf-cf-6485\" data-line-height-680=\"55px\">Massimiliano Di Domenico<\/h1>\n<p>Massimiliano Di Domenico nasce nel 1987. Ha frequentato il corso di Industrial Design presso l\u2019Istituto Europeo di Design a Milano. Per chi desidera approfondire questo argomento, consigliamo vivamente di consultare <a href=\"https:\/\/aiuto-tesi.it\" style=\"color: inherit;text-decoration: none\">aiuto-tesi.it<\/a>.<\/p>\n<p>Collabora subito dopo con alcuni studi di design a Milano per poi approdare nel 2009 in uno studio in Brianza dove ha modo di confrontarsi con la vera realt\u00e0 produttiva che sta dietro ad ogni prodotto.<br>\nSi definisce una persona curiosa e attenta alle tendenze, senza dimenticare ci\u00f2 che hanno insegnato i grandi maestri; \u00e8 attratto dal design funzionale senza trascurare la parte poetica dei progetti.<br>\n<img src=\"http:\/\/myhomecollection.it\/wp-content\/uploads\/2022\/03\/Massimiliano-Di-Domenico.jpg\" alt=\"\" width=\"1500\" height=\"1500\"><\/p>\n<h1 style=\"line-height: 70px\" data-item-class=\"eltdf-cf-2424\" data-line-height-680=\"55px\">Prodotti disegnati<\/h1>\n<article><img src=\"http:\/\/myhomecollection.it\/wp-content\/uploads\/2022\/03\/Face-1.jpg\" alt=\"\" width=\"1300\" height=\"650\"><br>\n<a href=\"http:\/\/myhomecollection.it\/portfolio-category\/letti\/\">Letti<\/a>&nbsp;<p><\/p>\n<h4>Face<\/h4>\n<p>&nbsp;<\/p>\n<\/article>\n\n\n<p><p>F\u00fcr Studierende, die Unterst\u00fctzung bei akademischen Arbeiten ben\u00f6tigen, kann es hilfreich sein, eine  in Anspruch zu nehmen, um qualitativ hochwertige Ergebnisse zu erzielen.<\/p><\/p>\n","protected":false},"excerpt":{"rendered":"<p>\/*! elementor &#8211; v3.5.6 &#8211; 28-02-2022 *\/ .elementor-widget-image{text-align:center}.elementor-widget-image a{display:inline-block}.elementor-widget-image a img[src$=&#8221;.svg&#8221;]{width:48px}.elementor-widget-image img{vertical-align:middle;display:inline-block} Massimiliano Di Domenico Massimiliano Di Domenico nasce nel 1987. Ha frequentato il corso di Industrial Design presso l\u2019Istituto Europeo di Design a Milano. Per chi desidera approfondire questo [&hellip;]<\/p>\n","protected":false},"author":100,"featured_media":0,"parent":0,"menu_order":0,"comment_status":"closed","ping_status":"closed","template":"full-width.php","meta":[],"yoast_head":"<!-- This site is optimized with the Yoast SEO plugin v18.5.1 - https:\/\/yoast.com\/wordpress\/plugins\/seo\/ -->\n<title>Massimiliano Di Domenico - MyHome Collection<\/title>\n<meta name=\"robots\" content=\"index, follow, max-snippet:-1, max-image-preview:large, max-video-preview:-1\" \/>\n<link rel=\"canonical\" href=\"https:\/\/www.myhomecollection.it\/en\/massimiliano-di-domenico\/\" \/>\n<meta property=\"og:locale\" content=\"en_US\" \/>\n<meta property=\"og:type\" content=\"article\" \/>\n<meta property=\"og:title\" content=\"Massimiliano Di Domenico - MyHome Collection\" \/>\n<meta property=\"og:description\" content=\"\/*! elementor &#8211; v3.5.6 &#8211; 28-02-2022 *\/ .elementor-widget-image{text-align:center}.elementor-widget-image a{display:inline-block}.elementor-widget-image a img[src$=&#8221;.svg&#8221;]{width:48px}.elementor-widget-image img{vertical-align:middle;display:inline-block} Massimiliano Di Domenico Massimiliano Di Domenico nasce nel 1987. Ha frequentato il corso di Industrial Design presso l\u2019Istituto Europeo di Design a Milano. Per chi desidera approfondire questo [&hellip;]\" \/>\n<meta property=\"og:url\" content=\"https:\/\/www.myhomecollection.it\/en\/massimiliano-di-domenico\/\" \/>\n<meta property=\"og:site_name\" content=\"MyHome Collection\" \/>\n<meta property=\"article:modified_time\" content=\"2026-02-05T11:42:49+00:00\" \/>\n<meta property=\"og:image\" content=\"http:\/\/myhomecollection.it\/wp-content\/uploads\/2022\/03\/my_home_header_designer-1.jpg\" \/>\n<meta name=\"twitter:card\" content=\"summary_large_image\" \/>\n<meta name=\"twitter:label1\" content=\"Est. reading time\" \/>\n\t<meta name=\"twitter:data1\" content=\"2 minutes\" \/>\n<script type=\"application\/ld+json\" class=\"yoast-schema-graph\">{\"@context\":\"https:\/\/schema.org\",\"@graph\":[{\"@type\":\"WebSite\",\"@id\":\"https:\/\/www.myhomecollection.it\/#website\",\"url\":\"https:\/\/www.myhomecollection.it\/\",\"name\":\"MyHome Collection\",\"description\":\"Elementi d\u2019arredo per uno stile esclusivo\",\"potentialAction\":[{\"@type\":\"SearchAction\",\"target\":{\"@type\":\"EntryPoint\",\"urlTemplate\":\"https:\/\/www.myhomecollection.it\/?s={search_term_string}\"},\"query-input\":\"required name=search_term_string\"}],\"inLanguage\":\"en-US\"},{\"@type\":\"ImageObject\",\"@id\":\"https:\/\/www.myhomecollection.it\/en\/massimiliano-di-domenico\/#primaryimage\",\"inLanguage\":\"en-US\",\"url\":\"http:\/\/myhomecollection.it\/wp-content\/uploads\/2022\/03\/my_home_header_designer-1.jpg\",\"contentUrl\":\"http:\/\/myhomecollection.it\/wp-content\/uploads\/2022\/03\/my_home_header_designer-1.jpg\"},{\"@type\":\"WebPage\",\"@id\":\"https:\/\/www.myhomecollection.it\/en\/massimiliano-di-domenico\/#webpage\",\"url\":\"https:\/\/www.myhomecollection.it\/en\/massimiliano-di-domenico\/\",\"name\":\"Massimiliano Di Domenico - MyHome Collection\",\"isPartOf\":{\"@id\":\"https:\/\/www.myhomecollection.it\/#website\"},\"primaryImageOfPage\":{\"@id\":\"https:\/\/www.myhomecollection.it\/en\/massimiliano-di-domenico\/#primaryimage\"},\"datePublished\":\"2022-03-23T10:42:28+00:00\",\"dateModified\":\"2026-02-05T11:42:49+00:00\",\"breadcrumb\":{\"@id\":\"https:\/\/www.myhomecollection.it\/en\/massimiliano-di-domenico\/#breadcrumb\"},\"inLanguage\":\"en-US\",\"potentialAction\":[{\"@type\":\"ReadAction\",\"target\":[\"https:\/\/www.myhomecollection.it\/en\/massimiliano-di-domenico\/\"]}]},{\"@type\":\"BreadcrumbList\",\"@id\":\"https:\/\/www.myhomecollection.it\/en\/massimiliano-di-domenico\/#breadcrumb\",\"itemListElement\":[{\"@type\":\"ListItem\",\"position\":1,\"name\":\"Home\",\"item\":\"https:\/\/www.myhomecollection.it\/\"},{\"@type\":\"ListItem\",\"position\":2,\"name\":\"Massimiliano Di Domenico\"}]}]}<\/script>\n<!-- \/ Yoast SEO plugin. -->","yoast_head_json":{"title":"Massimiliano Di Domenico - MyHome Collection","robots":{"index":"index","follow":"follow","max-snippet":"max-snippet:-1","max-image-preview":"max-image-preview:large","max-video-preview":"max-video-preview:-1"},"canonical":"https:\/\/www.myhomecollection.it\/en\/massimiliano-di-domenico\/","og_locale":"en_US","og_type":"article","og_title":"Massimiliano Di Domenico - MyHome Collection","og_description":"\/*! elementor &#8211; v3.5.6 &#8211; 28-02-2022 *\/ .elementor-widget-image{text-align:center}.elementor-widget-image a{display:inline-block}.elementor-widget-image a img[src$=&#8221;.svg&#8221;]{width:48px}.elementor-widget-image img{vertical-align:middle;display:inline-block} Massimiliano Di Domenico Massimiliano Di Domenico nasce nel 1987. Ha frequentato il corso di Industrial Design presso l\u2019Istituto Europeo di Design a Milano. Per chi desidera approfondire questo [&hellip;]","og_url":"https:\/\/www.myhomecollection.it\/en\/massimiliano-di-domenico\/","og_site_name":"MyHome Collection","article_modified_time":"2026-02-05T11:42:49+00:00","og_image":[{"url":"http:\/\/myhomecollection.it\/wp-content\/uploads\/2022\/03\/my_home_header_designer-1.jpg"}],"twitter_card":"summary_large_image","twitter_misc":{"Est. reading time":"2 minutes"},"schema":{"@context":"https:\/\/schema.org","@graph":[{"@type":"WebSite","@id":"https:\/\/www.myhomecollection.it\/#website","url":"https:\/\/www.myhomecollection.it\/","name":"MyHome Collection","description":"Elementi d\u2019arredo per uno stile esclusivo","potentialAction":[{"@type":"SearchAction","target":{"@type":"EntryPoint","urlTemplate":"https:\/\/www.myhomecollection.it\/?s={search_term_string}"},"query-input":"required name=search_term_string"}],"inLanguage":"en-US"},{"@type":"ImageObject","@id":"https:\/\/www.myhomecollection.it\/en\/massimiliano-di-domenico\/#primaryimage","inLanguage":"en-US","url":"http:\/\/myhomecollection.it\/wp-content\/uploads\/2022\/03\/my_home_header_designer-1.jpg","contentUrl":"http:\/\/myhomecollection.it\/wp-content\/uploads\/2022\/03\/my_home_header_designer-1.jpg"},{"@type":"WebPage","@id":"https:\/\/www.myhomecollection.it\/en\/massimiliano-di-domenico\/#webpage","url":"https:\/\/www.myhomecollection.it\/en\/massimiliano-di-domenico\/","name":"Massimiliano Di Domenico - MyHome Collection","isPartOf":{"@id":"https:\/\/www.myhomecollection.it\/#website"},"primaryImageOfPage":{"@id":"https:\/\/www.myhomecollection.it\/en\/massimiliano-di-domenico\/#primaryimage"},"datePublished":"2022-03-23T10:42:28+00:00","dateModified":"2026-02-05T11:42:49+00:00","breadcrumb":{"@id":"https:\/\/www.myhomecollection.it\/en\/massimiliano-di-domenico\/#breadcrumb"},"inLanguage":"en-US","potentialAction":[{"@type":"ReadAction","target":["https:\/\/www.myhomecollection.it\/en\/massimiliano-di-domenico\/"]}]},{"@type":"BreadcrumbList","@id":"https:\/\/www.myhomecollection.it\/en\/massimiliano-di-domenico\/#breadcrumb","itemListElement":[{"@type":"ListItem","position":1,"name":"Home","item":"https:\/\/www.myhomecollection.it\/"},{"@type":"ListItem","position":2,"name":"Massimiliano Di Domenico"}]}]}},"_links":{"self":[{"href":"https:\/\/www.myhomecollection.it\/en\/wp-json\/wp\/v2\/pages\/18519"}],"collection":[{"href":"https:\/\/www.myhomecollection.it\/en\/wp-json\/wp\/v2\/pages"}],"about":[{"href":"https:\/\/www.myhomecollection.it\/en\/wp-json\/wp\/v2\/types\/page"}],"author":[{"embeddable":true,"href":"https:\/\/www.myhomecollection.it\/en\/wp-json\/wp\/v2\/users\/100"}],"replies":[{"embeddable":true,"href":"https:\/\/www.myhomecollection.it\/en\/wp-json\/wp\/v2\/comments?post=18519"}],"version-history":[{"count":0,"href":"https:\/\/www.myhomecollection.it\/en\/wp-json\/wp\/v2\/pages\/18519\/revisions"}],"wp:attachment":[{"href":"https:\/\/www.myhomecollection.it\/en\/wp-json\/wp\/v2\/media?parent=18519"}],"curies":[{"name":"wp","href":"https:\/\/api.w.org\/{rel}","templated":true}]}}