{"id":18412,"date":"2022-03-29T15:54:33","date_gmt":"2022-03-29T13:54:33","guid":{"rendered":"http:\/\/myhomecollection.it\/about-my\/"},"modified":"2022-05-02T16:12:01","modified_gmt":"2022-05-02T14:12:01","slug":"about-my","status":"publish","type":"page","link":"https:\/\/www.myhomecollection.it\/es\/about-my\/","title":{"rendered":"About"},"content":{"rendered":"\n\t\t\t<!-- START About  ES REVOLUTION SLIDER 6.4.11 --><p class=\"rs-p-wp-fix\"><\/p>\n\t\t\t<rs-module-wrap id=\"rev_slider_27_1_wrapper\" data-source=\"gallery\" style=\"background:transparent;padding:0;\">\n\t\t\t\t<rs-module id=\"rev_slider_27_1\" style=\"\" data-version=\"6.4.11\">\n\t\t\t\t\t<rs-slides>\n\t\t\t\t\t\t<rs-slide data-key=\"rs-72\" data-title=\"Slide\" data-in=\"o:0;\" data-out=\"a:false;\">\n\t\t\t\t\t\t\t<img src=\"\/\/myhomecollection.it\/wp-content\/uploads\/2022\/03\/header_azienda-1.jpg\" title=\"header_azienda\" width=\"1920\" height=\"1080\" class=\"rev-slidebg tp-rs-img\" data-parallax=\"off\" data-no-retina>\n<!--\n\t\t\t\t\t\t\t--><rs-group\n\t\t\t\t\t\t\t\tid=\"slider-27-slide-72-layer-16\" \n\t\t\t\t\t\t\t\tdata-type=\"group\"\n\t\t\t\t\t\t\t\tdata-xy=\"x:c,l,l,l;xo:-430px,407px,108px,-14px;y:m;yo:159px,138px,-36px,51px;\"\n\t\t\t\t\t\t\t\tdata-text=\"w:normal;l:22;a:inherit;\"\n\t\t\t\t\t\t\t\tdata-dim=\"w:430px,430px,374px,503px;h:200px,200px,174px,200px;\"\n\t\t\t\t\t\t\t\tdata-rsp_o=\"off\"\n\t\t\t\t\t\t\t\tdata-rsp_bd=\"off\"\n\t\t\t\t\t\t\t\tdata-frame_1=\"x:0,0,0px,0px;y:0,0,0px,0px;sR:10;\"\n\t\t\t\t\t\t\t\tdata-frame_999=\"o:0;st:w;sR:4190;sA:4500;\"\n\t\t\t\t\t\t\t\tstyle=\"z-index:12;\"\n\t\t\t\t\t\t\t><!--\t\t\t\t\t\t\t--><\/rs-group><!--\n\n\t\t\t\t\t\t\t--><rs-layer\n\t\t\t\t\t\t\t\tid=\"slider-27-slide-72-layer-11\" \n\t\t\t\t\t\t\t\tdata-type=\"image\"\n\t\t\t\t\t\t\t\tdata-xy=\"x:l,l,l,c;xo:141px,409px,110px,0;y:t,m,m,m;yo:377px,-10px,-197px,0;\"\n\t\t\t\t\t\t\t\tdata-text=\"l:22;a:inherit;\"\n\t\t\t\t\t\t\t\tdata-dim=\"w:590px,300px,339px,344px;h:166px,60px,68px,97px;\"\n\t\t\t\t\t\t\t\tdata-rsp_o=\"off\"\n\t\t\t\t\t\t\t\tdata-rsp_bd=\"off\"\n\t\t\t\t\t\t\t\tdata-frame_0=\"x:-175%;o:1;\"\n\t\t\t\t\t\t\t\tdata-frame_0_mask=\"u:t;x:100%;\"\n\t\t\t\t\t\t\t\tdata-frame_1=\"e:Quad.easeInOut;st:700;sp:1200;sR:700;\"\n\t\t\t\t\t\t\t\tdata-frame_1_mask=\"u:t;\"\n\t\t\t\t\t\t\t\tdata-frame_999=\"st:w;sp:900;sR:2600;auto:true;\"\n\t\t\t\t\t\t\t\tdata-frame_999_mask=\"u:t;\"\n\t\t\t\t\t\t\t\tstyle=\"z-index:8;\"\n\t\t\t\t\t\t\t><img src=\"\/\/myhomecollection.it\/wp-content\/uploads\/2022\/03\/title_design.png\" class=\"tp-rs-img\" width=\"593\" height=\"167\" data-no-retina> \n\t\t\t\t\t\t\t<\/rs-layer><!--\n\n\t\t\t\t\t\t\t--><rs-layer\n\t\t\t\t\t\t\t\tid=\"slider-27-slide-72-layer-12\" \n\t\t\t\t\t\t\t\tdata-type=\"text\"\n\t\t\t\t\t\t\t\tdata-color=\"#000000||#ffffff||#ffffff||#ffffff\"\n\t\t\t\t\t\t\t\tdata-xy=\"x:c,l,l,c;xo:-429px,401px,107px,0;y:m;yo:-74px,-100px,-272px,-62px;\"\n\t\t\t\t\t\t\t\tdata-text=\"s:121,67,77,69;l:97,59,100,75;ls:-1,-1px,-2px,0px;fw:600,700,700,700;a:inherit;\"\n\t\t\t\t\t\t\t\tdata-dim=\"w:auto,323px,auto,263px;h:117px,auto,auto,83px;\"\n\t\t\t\t\t\t\t\tdata-rsp_o=\"off\"\n\t\t\t\t\t\t\t\tdata-rsp_bd=\"off\"\n\t\t\t\t\t\t\t\tdata-frame_0=\"x:-175%;o:1;\"\n\t\t\t\t\t\t\t\tdata-frame_0_mask=\"u:t;x:100%;\"\n\t\t\t\t\t\t\t\tdata-frame_1=\"e:Quad.easeInOut;st:500;sp:1200;sR:500;\"\n\t\t\t\t\t\t\t\tdata-frame_1_mask=\"u:t;\"\n\t\t\t\t\t\t\t\tdata-frame_999=\"st:w;sp:900;sR:2800;auto:true;\"\n\t\t\t\t\t\t\t\tdata-frame_999_mask=\"u:t;\"\n\t\t\t\t\t\t\t\tstyle=\"z-index:9;font-family:Montserrat;text-transform:capitalize;\"\n\t\t\t\t\t\t\t>Calidad \n\t\t\t\t\t\t\t<\/rs-layer><!--\n\n\t\t\t\t\t\t\t--><rs-layer\n\t\t\t\t\t\t\t\tid=\"slider-27-slide-72-layer-14\" \n\t\t\t\t\t\t\t\tdata-type=\"image\"\n\t\t\t\t\t\t\t\tdata-xy=\"xo:-566px,-566px,105px,-493px;y:m;yo:176px,176px,169px,188px;\"\n\t\t\t\t\t\t\t\tdata-text=\"l:22;a:inherit;\"\n\t\t\t\t\t\t\t\tdata-dim=\"w:['259px','259px','259px','259px'];h:230px,230px,259px,230px;\"\n\t\t\t\t\t\t\t\tdata-vbility=\"f,f,t,f\"\n\t\t\t\t\t\t\t\tdata-basealign=\"slide\"\n\t\t\t\t\t\t\t\tdata-rsp_o=\"off\"\n\t\t\t\t\t\t\t\tdata-rsp_bd=\"off\"\n\t\t\t\t\t\t\t\tdata-frame_0=\"x:-100%;o:1;\"\n\t\t\t\t\t\t\t\tdata-frame_0_mask=\"u:t;\"\n\t\t\t\t\t\t\t\tdata-frame_1=\"e:Quad.easeInOut;st:150;sp:800;sR:150;\"\n\t\t\t\t\t\t\t\tdata-frame_1_mask=\"u:t;\"\n\t\t\t\t\t\t\t\tdata-frame_999=\"st:w;sp:800;sR:3550;auto:true;\"\n\t\t\t\t\t\t\t\tdata-frame_999_mask=\"u:t;\"\n\t\t\t\t\t\t\t\tstyle=\"z-index:10;\"\n\t\t\t\t\t\t\t><img src=\"\/\/myhomecollection.it\/wp-content\/uploads\/2022\/02\/myhome-7-1.jpg\" class=\"tp-rs-img\" width=\"530\" height=\"530\" data-no-retina> \n\t\t\t\t\t\t\t<\/rs-layer><!--\n\n\t\t\t\t\t\t\t--><rs-layer\n\t\t\t\t\t\t\t\tid=\"slider-27-slide-72-layer-15\" \n\t\t\t\t\t\t\t\tdata-type=\"image\"\n\t\t\t\t\t\t\t\tdata-xy=\"xo:-422px,-412px,420px,451px;y:m;yo:-422px,118px,171px,170px;\"\n\t\t\t\t\t\t\t\tdata-text=\"l:22;a:inherit;\"\n\t\t\t\t\t\t\t\tdata-dim=\"w:['259px','259px','259px','259px'];h:230px,230px,259px,230px;\"\n\t\t\t\t\t\t\t\tdata-vbility=\"f,f,t,f\"\n\t\t\t\t\t\t\t\tdata-basealign=\"slide\"\n\t\t\t\t\t\t\t\tdata-rsp_o=\"off\"\n\t\t\t\t\t\t\t\tdata-rsp_bd=\"off\"\n\t\t\t\t\t\t\t\tdata-frame_0=\"x:-100%;o:1;\"\n\t\t\t\t\t\t\t\tdata-frame_0_mask=\"u:t;\"\n\t\t\t\t\t\t\t\tdata-frame_1=\"e:Quad.easeInOut;st:300;sp:800;sR:300;\"\n\t\t\t\t\t\t\t\tdata-frame_1_mask=\"u:t;\"\n\t\t\t\t\t\t\t\tdata-frame_999=\"st:w;sp:800;sR:3400;auto:true;\"\n\t\t\t\t\t\t\t\tdata-frame_999_mask=\"u:t;\"\n\t\t\t\t\t\t\t\tstyle=\"z-index:11;\"\n\t\t\t\t\t\t\t><img src=\"\/\/myhomecollection.it\/wp-content\/uploads\/2022\/02\/myhome-8-1.jpg\" class=\"tp-rs-img\" width=\"530\" height=\"530\" data-no-retina> \n\t\t\t\t\t\t\t<\/rs-layer><!--\n-->\t\t\t\t\t\t<\/rs-slide>\n\t\t\t\t\t<\/rs-slides>\n\t\t\t\t<\/rs-module>\n\t\t\t\t<script type=\"text\/javascript\">\n\t\t\t\t\tsetREVStartSize({c: 'rev_slider_27_1',rl:[1240,1024,778,480],el:[868,768,960,720],gw:[1600,800,700,400],gh:[868,768,960,720],type:'standard',justify:'',layout:'fullscreen',offsetContainer:'.touch .eltdf-mobile-header',offset:'',mh:\"0\"});\n\t\t\t\t\tvar\trevapi27,\n\t\t\t\t\t\ttpj;\n\t\t\t\t\tfunction revinit_revslider271() {\n\t\t\t\t\tjQuery(function() {\n\t\t\t\t\t\ttpj = jQuery;\n\t\t\t\t\t\trevapi27 = tpj(\"#rev_slider_27_1\");\n\t\t\t\t\t\tif(revapi27==undefined || revapi27.revolution == undefined){\n\t\t\t\t\t\t\trevslider_showDoubleJqueryError(\"rev_slider_27_1\");\n\t\t\t\t\t\t}else{\n\t\t\t\t\t\t\trevapi27.revolution({\n\t\t\t\t\t\t\t\tDPR:\"dpr\",\n\t\t\t\t\t\t\t\tsliderLayout:\"fullscreen\",\n\t\t\t\t\t\t\t\tduration:4500,\n\t\t\t\t\t\t\t\tvisibilityLevels:\"1240,1024,778,480\",\n\t\t\t\t\t\t\t\tgridwidth:\"1600,800,700,400\",\n\t\t\t\t\t\t\t\tgridheight:\"868,768,960,720\",\n\t\t\t\t\t\t\t\tperspective:600,\n\t\t\t\t\t\t\t\tperspectiveType:\"local\",\n\t\t\t\t\t\t\t\teditorheight:\"868,768,960,720\",\n\t\t\t\t\t\t\t\tresponsiveLevels:\"1240,1024,778,480\",\n\t\t\t\t\t\t\t\tfullScreenOffsetContainer:\".touch .eltdf-mobile-header\",\n\t\t\t\t\t\t\t\tprogressBar:{disableProgressBar:true},\n\t\t\t\t\t\t\t\tnavigation: {\n\t\t\t\t\t\t\t\t\tonHoverStop:false\n\t\t\t\t\t\t\t\t},\n\t\t\t\t\t\t\t\tparallax: {\n\t\t\t\t\t\t\t\t\tlevels:[5,10,15,20,25,30,35,40,45,46,47,48,49,50,51,55],\n\t\t\t\t\t\t\t\t\ttype:\"mouse\"\n\t\t\t\t\t\t\t\t},\n\t\t\t\t\t\t\t\tfanim: {\n\t\t\t\t\t\t\t\t\tin:{\"o\":0},\n\t\t\t\t\t\t\t\t\tout:{\"a\":false},\n\t\t\t\t\t\t\t\t\tspeed:300\n\t\t\t\t\t\t\t\t},\n\t\t\t\t\t\t\t\tfallbacks: {\n\t\t\t\t\t\t\t\t\tallowHTML5AutoPlayOnAndroid:true\n\t\t\t\t\t\t\t\t},\n\t\t\t\t\t\t\t});\n\t\t\t\t\t\t}\n\t\t\t\t\t\t\n\t\t\t\t\t});\n\t\t\t\t\t} \/\/ End of RevInitScript\n\t\t\t\tvar once_revslider271 = false;\n\t\t\t\tif (document.readyState === \"loading\") {document.addEventListener('readystatechange',function() { if((document.readyState === \"interactive\" || document.readyState === \"complete\") && !once_revslider271 ) { once_revslider271 = true; revinit_revslider271();}});} else {once_revslider271 = true; revinit_revslider271();}\n\t\t\t\t<\/script>\n\t\t\t<\/rs-module-wrap>\n\t\t\t<!-- END REVOLUTION SLIDER -->\n\n<h2>Calidad, investigaci\u00f3n &#038; innovaci\u00f3n<\/h2>\n<p>\t\tMyHome es una marca que produce muebles y accesorios con una particular atenci\u00f3n y disposici\u00f3n para la creaci\u00f3n de muebles tapizados. MyHome es un proyecto de casa hecho en primera persona, es la idea de una vida cotidiana \u00ablista para usar\u00bb, un reflejo h\u00edper realista, visto como en una cinematograf\u00eda subjetiva, que luego, por vocaci\u00f3n y necesidad, es de todos. Por esto, \u00abMY\u00bb es hogar, un lugar dise\u00f1ado con seriedad y diversi\u00f3n a partir de los lenguajes de la moda, la pintura abstracta y la fotograf\u00eda, creando una idea original y nueva del espacio que cada uno puede hacer suyo. El proyecto de identidad corporativa se traduce en el logotipo como un reto de percepci\u00f3n. El enfoque en la palabra \u00abmy\u00bb, que desaparece para hacerse a\u00fan m\u00e1s presente, es el primer elemento de atracci\u00f3n.<br \/>\n\t\t\t\t\t\t\t\t\t\t\t\t\t\t\t<img width=\"768\" height=\"1024\" src=\"http:\/\/myhomecollection.it\/wp-content\/uploads\/2022\/03\/my_azienda2-768x1024.jpg\" alt=\"\" loading=\"lazy\" srcset=\"http:\/\/myhomecollection.it\/wp-content\/uploads\/2022\/03\/my_azienda2-768x1024.jpg 768w, http:\/\/myhomecollection.it\/wp-content\/uploads\/2022\/03\/my_azienda2-225x300.jpg 225w, http:\/\/myhomecollection.it\/wp-content\/uploads\/2022\/03\/my_azienda2.jpg 912w\" sizes=\"(max-width: 768px) 100vw, 768px\" \/><br \/>\n\t\t<img width=\"1920\" height=\"801\" src=\"http:\/\/myhomecollection.it\/wp-content\/uploads\/2022\/03\/video_azienda.jpg\" alt=\"\" loading=\"lazy\" srcset=\"http:\/\/myhomecollection.it\/wp-content\/uploads\/2022\/03\/video_azienda.jpg 1920w, http:\/\/myhomecollection.it\/wp-content\/uploads\/2022\/03\/video_azienda-300x125.jpg 300w, http:\/\/myhomecollection.it\/wp-content\/uploads\/2022\/03\/video_azienda-1024x427.jpg 1024w, http:\/\/myhomecollection.it\/wp-content\/uploads\/2022\/03\/video_azienda-768x320.jpg 768w, http:\/\/myhomecollection.it\/wp-content\/uploads\/2022\/03\/video_azienda-1536x641.jpg 1536w\" sizes=\"(max-width: 1920px) 100vw, 1920px\" \/><br \/>\n\t\t\t<a  href=\"https:\/\/www.youtube.com\/watch?v=MnzPoNIO4x4\" data-rel=\"prettyPhoto[video_button_pretty_photo_747]\"><br \/>\n\t\t<\/a><\/p>\n<h1>100% Hecho en Italia<\/h1>\n<p>\t\tTodos los productos de MyHome encarnan el concepto de Hecho y fabricado en Italia. De hecho, todo el proceso creativo y de producci\u00f3n se lleva a cabo, en Italia, por profesionales y personal cualificado con experiencia en la industria del mueble. La producci\u00f3n artesanal del \u00abHecho en Italia\u00bb va m\u00e1s all\u00e1 de la l\u00f3gica del producto estandarizado y, por lo tanto, garantiza un alto nivel de personalizaci\u00f3n del producto.<br \/>\nLa calidad de los productos est\u00e1 garantizada por la atenci\u00f3n sartorial de los maestros artesanos, en el cuidado de los detalles, en la elecci\u00f3n de los materiales y los acabados; la calidad del dise\u00f1o, en el arreglo para requisitos particulares, en la gesti\u00f3n de los peque\u00f1os lotes y en la estrecha relaci\u00f3n con los proveedores.<br \/>\nMyHome Collection es una empresa certificada \u00ab100% Hecho en Italia\u00bb y se ha inscrito en el registro nacional de fabricantes italianos. La marca 100% Hecho en Italia certifica que la fabricaci\u00f3n del producto es totalmente italiana, que los productos semiacabados se producen exclusivamente en Italia y que s\u00f3lo se utilizan materias primas y componentes italianos de primera calidad. La elaboraci\u00f3n es t\u00edpica de la tradici\u00f3n italiana. Todo el proceso de fabricaci\u00f3n de la empresa est\u00e1 garantizado con la certificaci\u00f3n 100% Hecho en Italia emitida por el Ente de Productores Italianos, Certificado N\u00b0 IT01.IT_532.091.M.<br \/>\n\t\t\t\t\t\t\t\t\t\t\t\t\t\t\t<img width=\"541\" height=\"172\" src=\"http:\/\/myhomecollection.it\/wp-content\/uploads\/2022\/03\/certificazioni-1.png\" alt=\"\" loading=\"lazy\" srcset=\"http:\/\/myhomecollection.it\/wp-content\/uploads\/2022\/03\/certificazioni-1.png 541w, http:\/\/myhomecollection.it\/wp-content\/uploads\/2022\/03\/certificazioni-1-300x95.png 300w\" sizes=\"(max-width: 541px) 100vw, 541px\" \/>\t\t\t\t\t\t\t\t\t\t\t\t\t\t\t<\/p>\n<h1>Proyectos<\/h1>\n<p>\t\tLa colecci\u00f3n dise\u00f1ada por MyHome es la definici\u00f3n de una nueva simplicidad, objetos ejemplares en el declarar su funci\u00f3n de uso, bien hechos y valientes al proponerse con mood coloridos, frescos y contempor\u00e1neos, capaces de dialogar con las instancias expresivas que animan a las nuevas categor\u00edas de consumidores y para todos aquellos que quieren a\u00f1adir un tono vivo, en\u00e9rgico y de ligereza al cat\u00e1logo de sus muebles.<br \/>\n                                    <a itemprop=\"url\" href=\"\/es\/portfolio-item\/switzerland-mountain-lodges\/\" target=\"_self\" title=\"myhome-15\" rel=\"noopener\"><br \/>\n                                                <img width=\"1289\" height=\"655\" src=\"http:\/\/myhomecollection.it\/wp-content\/uploads\/2018\/11\/myhome-15.jpg\" alt=\"\" loading=\"lazy\" srcset=\"http:\/\/myhomecollection.it\/wp-content\/uploads\/2018\/11\/myhome-15.jpg 1289w, http:\/\/myhomecollection.it\/wp-content\/uploads\/2018\/11\/myhome-15-300x152.jpg 300w, http:\/\/myhomecollection.it\/wp-content\/uploads\/2018\/11\/myhome-15-1024x520.jpg 1024w, http:\/\/myhomecollection.it\/wp-content\/uploads\/2018\/11\/myhome-15-768x390.jpg 768w, http:\/\/myhomecollection.it\/wp-content\/uploads\/2018\/11\/myhome-15-600x305.jpg 600w\" sizes=\"(max-width: 1289px) 100vw, 1289px\" \/>                                                                    <\/a><br \/>\n                                    <a itemprop=\"url\" href=\"\/es\/portfolio-item\/irsap-spa\/\" target=\"_self\" title=\"myhome-16\" rel=\"noopener\"><br \/>\n                                                <img width=\"1289\" height=\"655\" src=\"http:\/\/myhomecollection.it\/wp-content\/uploads\/2018\/11\/myhome-16.jpg\" alt=\"\" loading=\"lazy\" srcset=\"http:\/\/myhomecollection.it\/wp-content\/uploads\/2018\/11\/myhome-16.jpg 1289w, http:\/\/myhomecollection.it\/wp-content\/uploads\/2018\/11\/myhome-16-300x152.jpg 300w, http:\/\/myhomecollection.it\/wp-content\/uploads\/2018\/11\/myhome-16-1024x520.jpg 1024w, http:\/\/myhomecollection.it\/wp-content\/uploads\/2018\/11\/myhome-16-768x390.jpg 768w, http:\/\/myhomecollection.it\/wp-content\/uploads\/2018\/11\/myhome-16-600x305.jpg 600w\" sizes=\"(max-width: 1289px) 100vw, 1289px\" \/>                                                                    <\/a><br \/>\n                                    <a itemprop=\"url\" href=\"\/es\/portfolio-item\/sheraton-hotel\/\" target=\"_self\" title=\"myhome-14\" rel=\"noopener\"><br \/>\n                                                <img width=\"1289\" height=\"655\" src=\"http:\/\/myhomecollection.it\/wp-content\/uploads\/2018\/11\/myhome-14-2.jpg\" alt=\"\" loading=\"lazy\" srcset=\"http:\/\/myhomecollection.it\/wp-content\/uploads\/2018\/11\/myhome-14-2.jpg 1289w, http:\/\/myhomecollection.it\/wp-content\/uploads\/2018\/11\/myhome-14-2-300x152.jpg 300w, http:\/\/myhomecollection.it\/wp-content\/uploads\/2018\/11\/myhome-14-2-1024x520.jpg 1024w, http:\/\/myhomecollection.it\/wp-content\/uploads\/2018\/11\/myhome-14-2-768x390.jpg 768w, http:\/\/myhomecollection.it\/wp-content\/uploads\/2018\/11\/myhome-14-2-600x305.jpg 600w\" sizes=\"(max-width: 1289px) 100vw, 1289px\" \/>                                                                    <\/a><\/p>\n<h1>Dise\u00f1adores<\/h1>\n<p>\t\tLa propensione a cogliere il talento prima<br \/>\ndella firma \u00e8 un carattere distintivo per MyHome<br \/>\nche ben si concilia e traduce con un\u2019idea molto<br \/>\nprecisa di direzione artistica e commerciale.<br \/>\n\t\t\t<a href=\"http:\/\/myhomecollection.it\/es\/designers\/\" role=\"button\"><br \/>\n\t\t\t\t\t\tPARA SABER M\u00c1S<br \/>\n\t\t\t\t\t<\/a><\/p>\n<h2>Nos encantar\u00eda trabajar con usted.<\/h2>\n<p>\t\tMyHome tambi\u00e9n tiene una mirada atenta hacia dise\u00f1adores internacionales con talento, que demuestra el esp\u00edritu cosmopolita al que la empresa siempre se ha dirigido.\t\t<\/p>\n<p role=\"status\" aria-live=\"polite\" aria-atomic=\"true\">\n<ul><\/ul>\n<form action=\"\/wp-admin\/admin-ajax.php#wpcf7-f314-o3\" method=\"post\" novalidate=\"novalidate\" data-status=\"init\">\n<input type=\"hidden\" name=\"_wpcf7\" value=\"314\" \/><br \/>\n<input type=\"hidden\" name=\"_wpcf7_version\" value=\"5.5.6\" \/><br \/>\n<input type=\"hidden\" name=\"_wpcf7_locale\" value=\"en_US\" \/><br \/>\n<input type=\"hidden\" name=\"_wpcf7_unit_tag\" value=\"wpcf7-f314-o3\" \/><br \/>\n<input type=\"hidden\" name=\"_wpcf7_container_post\" value=\"0\" \/><br \/>\n<input type=\"hidden\" name=\"_wpcf7_posted_data_hash\" value=\"\" \/><br \/>\n <input type=\"text\" name=\"your-name\" value=\"\" size=\"40\" aria-required=\"true\" aria-invalid=\"false\" placeholder=\"Full Name\" \/><br \/>\n <input type=\"email\" name=\"your-email\" value=\"\" size=\"40\" aria-required=\"true\" aria-invalid=\"false\" placeholder=\"Email\" \/><br \/>\n<textarea name=\"your-message\" cols=\"40\" rows=\"10\" aria-invalid=\"false\" placeholder=\"Message...\"><\/textarea><br \/>\n<input type=\"submit\" value=\"Send\" \/><br \/>\n<\/form>\n","protected":false},"excerpt":{"rendered":"<p>Calidad, investigaci\u00f3n &#038; innovaci\u00f3n MyHome es una marca que produce muebles y accesorios con una particular atenci\u00f3n y disposici\u00f3n para la creaci\u00f3n de muebles tapizados. MyHome es un proyecto de casa hecho en primera persona, es la idea de una [&hellip;]<\/p>\n","protected":false},"author":100,"featured_media":0,"parent":0,"menu_order":0,"comment_status":"closed","ping_status":"closed","template":"full-width.php","meta":[],"yoast_head":"<!-- This site is optimized with the Yoast SEO plugin v18.5.1 - https:\/\/yoast.com\/wordpress\/plugins\/seo\/ -->\n<title>About - My Home<\/title>\n<meta name=\"robots\" content=\"index, follow, max-snippet:-1, max-image-preview:large, max-video-preview:-1\" \/>\n<link rel=\"canonical\" href=\"https:\/\/www.myhomecollection.it\/es\/about-my\/\" \/>\n<meta property=\"og:locale\" content=\"es_ES\" \/>\n<meta property=\"og:type\" content=\"article\" \/>\n<meta property=\"og:title\" content=\"About - My Home\" \/>\n<meta property=\"og:description\" content=\"Calidad, investigaci\u00f3n &#038; innovaci\u00f3n MyHome es una marca que produce muebles y accesorios con una particular atenci\u00f3n y disposici\u00f3n para la creaci\u00f3n de muebles tapizados. MyHome es un proyecto de casa hecho en primera persona, es la idea de una [&hellip;]\" \/>\n<meta property=\"og:url\" content=\"https:\/\/www.myhomecollection.it\/es\/about-my\/\" \/>\n<meta property=\"og:site_name\" content=\"My Home\" \/>\n<meta property=\"article:modified_time\" content=\"2022-05-02T14:12:01+00:00\" \/>\n<meta property=\"og:image\" content=\"http:\/\/myhomecollection.it\/wp-content\/uploads\/2022\/03\/my_azienda2-768x1024.jpg\" \/>\n<meta name=\"twitter:card\" content=\"summary_large_image\" \/>\n<meta name=\"twitter:label1\" content=\"Tiempo de lectura\" \/>\n\t<meta name=\"twitter:data1\" content=\"6 minutos\" \/>\n<script type=\"application\/ld+json\" class=\"yoast-schema-graph\">{\"@context\":\"https:\/\/schema.org\",\"@graph\":[{\"@type\":\"WebSite\",\"@id\":\"https:\/\/www.myhomecollection.it\/#website\",\"url\":\"https:\/\/www.myhomecollection.it\/\",\"name\":\"My Home\",\"description\":\"Elementi d\u2019arredo per uno stile esclusivo\",\"potentialAction\":[{\"@type\":\"SearchAction\",\"target\":{\"@type\":\"EntryPoint\",\"urlTemplate\":\"https:\/\/www.myhomecollection.it\/?s={search_term_string}\"},\"query-input\":\"required name=search_term_string\"}],\"inLanguage\":\"es\"},{\"@type\":\"ImageObject\",\"@id\":\"https:\/\/www.myhomecollection.it\/es\/about-my\/#primaryimage\",\"inLanguage\":\"es\",\"url\":\"http:\/\/myhomecollection.it\/wp-content\/uploads\/2022\/03\/my_azienda2-768x1024.jpg\",\"contentUrl\":\"http:\/\/myhomecollection.it\/wp-content\/uploads\/2022\/03\/my_azienda2-768x1024.jpg\"},{\"@type\":\"WebPage\",\"@id\":\"https:\/\/www.myhomecollection.it\/es\/about-my\/#webpage\",\"url\":\"https:\/\/www.myhomecollection.it\/es\/about-my\/\",\"name\":\"About - My Home\",\"isPartOf\":{\"@id\":\"https:\/\/www.myhomecollection.it\/#website\"},\"primaryImageOfPage\":{\"@id\":\"https:\/\/www.myhomecollection.it\/es\/about-my\/#primaryimage\"},\"datePublished\":\"2022-03-29T13:54:33+00:00\",\"dateModified\":\"2022-05-02T14:12:01+00:00\",\"breadcrumb\":{\"@id\":\"https:\/\/www.myhomecollection.it\/es\/about-my\/#breadcrumb\"},\"inLanguage\":\"es\",\"potentialAction\":[{\"@type\":\"ReadAction\",\"target\":[\"https:\/\/www.myhomecollection.it\/es\/about-my\/\"]}]},{\"@type\":\"BreadcrumbList\",\"@id\":\"https:\/\/www.myhomecollection.it\/es\/about-my\/#breadcrumb\",\"itemListElement\":[{\"@type\":\"ListItem\",\"position\":1,\"name\":\"Home\",\"item\":\"https:\/\/www.myhomecollection.it\/\"},{\"@type\":\"ListItem\",\"position\":2,\"name\":\"About\"}]}]}<\/script>\n<!-- \/ Yoast SEO plugin. -->","yoast_head_json":{"title":"About - My Home","robots":{"index":"index","follow":"follow","max-snippet":"max-snippet:-1","max-image-preview":"max-image-preview:large","max-video-preview":"max-video-preview:-1"},"canonical":"https:\/\/www.myhomecollection.it\/es\/about-my\/","og_locale":"es_ES","og_type":"article","og_title":"About - My Home","og_description":"Calidad, investigaci\u00f3n &#038; innovaci\u00f3n MyHome es una marca que produce muebles y accesorios con una particular atenci\u00f3n y disposici\u00f3n para la creaci\u00f3n de muebles tapizados. MyHome es un proyecto de casa hecho en primera persona, es la idea de una [&hellip;]","og_url":"https:\/\/www.myhomecollection.it\/es\/about-my\/","og_site_name":"My Home","article_modified_time":"2022-05-02T14:12:01+00:00","og_image":[{"url":"http:\/\/myhomecollection.it\/wp-content\/uploads\/2022\/03\/my_azienda2-768x1024.jpg"}],"twitter_card":"summary_large_image","twitter_misc":{"Tiempo de lectura":"6 minutos"},"schema":{"@context":"https:\/\/schema.org","@graph":[{"@type":"WebSite","@id":"https:\/\/www.myhomecollection.it\/#website","url":"https:\/\/www.myhomecollection.it\/","name":"My Home","description":"Elementi d\u2019arredo per uno stile esclusivo","potentialAction":[{"@type":"SearchAction","target":{"@type":"EntryPoint","urlTemplate":"https:\/\/www.myhomecollection.it\/?s={search_term_string}"},"query-input":"required name=search_term_string"}],"inLanguage":"es"},{"@type":"ImageObject","@id":"https:\/\/www.myhomecollection.it\/es\/about-my\/#primaryimage","inLanguage":"es","url":"http:\/\/myhomecollection.it\/wp-content\/uploads\/2022\/03\/my_azienda2-768x1024.jpg","contentUrl":"http:\/\/myhomecollection.it\/wp-content\/uploads\/2022\/03\/my_azienda2-768x1024.jpg"},{"@type":"WebPage","@id":"https:\/\/www.myhomecollection.it\/es\/about-my\/#webpage","url":"https:\/\/www.myhomecollection.it\/es\/about-my\/","name":"About - My Home","isPartOf":{"@id":"https:\/\/www.myhomecollection.it\/#website"},"primaryImageOfPage":{"@id":"https:\/\/www.myhomecollection.it\/es\/about-my\/#primaryimage"},"datePublished":"2022-03-29T13:54:33+00:00","dateModified":"2022-05-02T14:12:01+00:00","breadcrumb":{"@id":"https:\/\/www.myhomecollection.it\/es\/about-my\/#breadcrumb"},"inLanguage":"es","potentialAction":[{"@type":"ReadAction","target":["https:\/\/www.myhomecollection.it\/es\/about-my\/"]}]},{"@type":"BreadcrumbList","@id":"https:\/\/www.myhomecollection.it\/es\/about-my\/#breadcrumb","itemListElement":[{"@type":"ListItem","position":1,"name":"Home","item":"https:\/\/www.myhomecollection.it\/"},{"@type":"ListItem","position":2,"name":"About"}]}]}},"_links":{"self":[{"href":"https:\/\/www.myhomecollection.it\/es\/wp-json\/wp\/v2\/pages\/18412"}],"collection":[{"href":"https:\/\/www.myhomecollection.it\/es\/wp-json\/wp\/v2\/pages"}],"about":[{"href":"https:\/\/www.myhomecollection.it\/es\/wp-json\/wp\/v2\/types\/page"}],"author":[{"embeddable":true,"href":"https:\/\/www.myhomecollection.it\/es\/wp-json\/wp\/v2\/users\/100"}],"replies":[{"embeddable":true,"href":"https:\/\/www.myhomecollection.it\/es\/wp-json\/wp\/v2\/comments?post=18412"}],"version-history":[{"count":0,"href":"https:\/\/www.myhomecollection.it\/es\/wp-json\/wp\/v2\/pages\/18412\/revisions"}],"wp:attachment":[{"href":"https:\/\/www.myhomecollection.it\/es\/wp-json\/wp\/v2\/media?parent=18412"}],"curies":[{"name":"wp","href":"https:\/\/api.w.org\/{rel}","templated":true}]}}