{"id":18443,"date":"2018-07-09T08:57:09","date_gmt":"2018-07-09T06:57:09","guid":{"rendered":"http:\/\/myhomecollection.it\/get-in-touch\/"},"modified":"2024-01-15T15:44:26","modified_gmt":"2024-01-15T14:44:26","slug":"get-in-touch","status":"publish","type":"page","link":"https:\/\/www.myhomecollection.it\/es\/get-in-touch\/","title":{"rendered":"Contatti"},"content":{"rendered":"\t\t<div data-elementor-type=\"wp-page\" data-elementor-id=\"18443\" class=\"elementor elementor-18443 elementor-481\" data-elementor-settings=\"[]\">\n\t\t\t\t\t\t\t<div class=\"elementor-section-wrap\">\n\t\t\t\t\t<div class=\"eltdf-row-with-borders eltdf-row-borders-left-right\"><div class=\"eltdf-row-border-top\" ><\/div><div class=\"eltdf-row-border-bottom\" ><\/div><div class=\"eltdf-row-border-left\" style=\"left:110px\"><\/div><div class=\"eltdf-row-border-right\" style=\"right:110px\"><\/div>\t\t<section class=\"elementor-section elementor-top-section elementor-element elementor-element-6f9fe09b elementor-section-full_width elementor-section-height-default elementor-section-height-default exad-glass-effect-no exad-sticky-section-no eltdf-parallax-row-no eltdf-content-aligment-left eltdf-elementor-row-grid-no eltdf-disabled-bg-image-bellow-no\" data-id=\"6f9fe09b\" data-element_type=\"section\" data-settings=\"{&quot;background_background&quot;:&quot;classic&quot;}\">\n\t\t\t\t\t\t<div class=\"elementor-container elementor-column-gap-default\">\n\t\t\t\t\t<div class=\"elementor-column elementor-col-50 elementor-top-column elementor-element elementor-element-12b927c2 exad-glass-effect-no exad-sticky-section-no\" data-id=\"12b927c2\" data-element_type=\"column\" data-settings=\"{&quot;background_background&quot;:&quot;classic&quot;}\">\n\t\t\t<div class=\"elementor-widget-wrap elementor-element-populated\">\n\t\t\t\t\t\t\t\t<div class=\"elementor-element elementor-element-2f720e9 exad-sticky-section-no exad-glass-effect-no elementor-widget elementor-widget-eltdf_custom_font\" data-id=\"2f720e9\" data-element_type=\"widget\" data-widget_type=\"eltdf_custom_font.default\">\n\t\t\t\t<div class=\"elementor-widget-container\">\n\t\t\t<h1 class=\"eltdf-custom-font-holder  eltdf-cf-7572  \" style=\"font-family: Old Standard TT;font-size: 60px;line-height: 68px;font-weight: 400;font-style: normal;letter-spacing: -0.1px;color: #FFFFFF\" data-item-class=\"eltdf-cf-7572\">\n\tMyHome<br>Collection<\/h1>\t\t<\/div>\n\t\t\t\t<\/div>\n\t\t\t\t\t<\/div>\n\t\t<\/div>\n\t\t\t\t<div class=\"elementor-column elementor-col-50 elementor-top-column elementor-element elementor-element-55c2cf3 exad-glass-effect-no exad-sticky-section-no\" data-id=\"55c2cf3\" data-element_type=\"column\" data-settings=\"{&quot;background_background&quot;:&quot;classic&quot;}\">\n\t\t\t<div class=\"elementor-widget-wrap elementor-element-populated\">\n\t\t\t\t\t\t\t\t<div class=\"elementor-element elementor-element-b64bf99 elementor-widget__width-initial exad-sticky-section-no exad-glass-effect-no elementor-widget elementor-widget-text-editor\" data-id=\"b64bf99\" data-element_type=\"widget\" data-widget_type=\"text-editor.default\">\n\t\t\t\t<div class=\"elementor-widget-container\">\n\t\t\t<style>\/*! elementor - v3.5.6 - 28-02-2022 *\/\n.elementor-widget-text-editor.elementor-drop-cap-view-stacked .elementor-drop-cap{background-color:#818a91;color:#fff}.elementor-widget-text-editor.elementor-drop-cap-view-framed .elementor-drop-cap{color:#818a91;border:3px solid;background-color:transparent}.elementor-widget-text-editor:not(.elementor-drop-cap-view-default) .elementor-drop-cap{margin-top:8px}.elementor-widget-text-editor:not(.elementor-drop-cap-view-default) .elementor-drop-cap-letter{width:1em;height:1em}.elementor-widget-text-editor .elementor-drop-cap{float:left;text-align:center;line-height:1;font-size:50px}.elementor-widget-text-editor .elementor-drop-cap-letter{display:inline-block}<\/style>\t\t\t\t<a style=\"color: #ffffff;\" href=\"https:\/\/g.page\/MYhomecollection?share\" target=\"_blank\" rel=\"noopener\">Via Leonardo da Vinci 118\/14, Barberino Tavarnelle, Firenze- Italia<\/a>\n\n<span style=\"color: #ffffff;\">Ph: <a style=\"color: #ffffff;\" href=\"tel:+390558070202\">+39 055 8070202<\/a> <\/span>\n\n<span style=\"color: #ffffff;\">Mail: <a style=\"color: #ffffff;\" href=\"mailto:info@myhomecollection.it\">info@myhomecollection.it<\/a>\n<a style=\"color: #ffffff;\" href=\"mailto:press@myhomecollection.it\">press@myhomecollection.it<\/a><\/span>\t\t\t\t\t\t<\/div>\n\t\t\t\t<\/div>\n\t\t\t\t\t<\/div>\n\t\t<\/div>\n\t\t\t\t\t\t\t<\/div>\n\t\t<\/section>\n\t\t<\/div><div class=\"eltdf-row-with-borders eltdf-row-borders-left-right\"><div class=\"eltdf-row-border-top\" style=\"background-color:#ECE8E5\"><\/div><div class=\"eltdf-row-border-bottom\" style=\"background-color:#ECE8E5\"><\/div><div class=\"eltdf-row-border-left\" style=\"background-color:#ECE8E5;left:110px\"><\/div><div class=\"eltdf-row-border-right\" style=\"background-color:#ECE8E5;right:110px\"><\/div>\t\t<section class=\"elementor-section elementor-top-section elementor-element elementor-element-2e36085 elementor-section-full_width eltdf-elementor-row-grid-section elementor-section-height-default elementor-section-height-default exad-glass-effect-no exad-sticky-section-no eltdf-parallax-row-no eltdf-content-aligment-left eltdf-disabled-bg-image-bellow-no\" data-id=\"2e36085\" data-element_type=\"section\" data-settings=\"{&quot;background_background&quot;:&quot;classic&quot;}\">\n\t\t\t\t\t\t<div class=\"elementor-container elementor-column-gap-default\">\n\t\t\t\t\t<div class=\"elementor-column elementor-col-50 elementor-top-column elementor-element elementor-element-aefcc05 exad-glass-effect-no exad-sticky-section-no\" data-id=\"aefcc05\" data-element_type=\"column\">\n\t\t\t<div class=\"elementor-widget-wrap elementor-element-populated\">\n\t\t\t\t\t\t\t\t<div class=\"elementor-element elementor-element-9e33257 elementor-widget__width-initial contattaci exad-sticky-section-no exad-glass-effect-no elementor-widget elementor-widget-eltdf_section_title\" data-id=\"9e33257\" data-element_type=\"widget\" data-widget_type=\"eltdf_section_title.default\">\n\t\t\t\t<div class=\"elementor-widget-container\">\n\t\t\t<div class=\"eltdf-section-title-holder  eltdf-st-standard eltdf-st-title-left eltdf-st-normal-space \" >\n\t<div class=\"eltdf-st-inner\">\n\t\t\n        \t\t\t<h6 class=\"eltdf-st-subtitle\" >\n\t\t\t\tContact\t\t\t<\/h6>\n\t\t\n\t\t\t\t\t<h1 class=\"eltdf-st-title\" >\n\t\t\t\t<span>\n\t\t\t\tCont\u00e1ctenos\t\t\t\t<\/span>\n\t\t\t<\/h1>\n\t\t\t\t\t\t\t<p class=\"eltdf-st-text\" >\n\t\t\t\tEnv\u00edanos tus comentarios, sugerencias y solicitudes de informaci\u00f3n. Te responderemos lo antes posible.\t\t\t<\/p>\n\t\t\t<\/div>\n<\/div>\t\t<\/div>\n\t\t\t\t<\/div>\n\t\t\t\t<div class=\"elementor-element elementor-element-e206ccb exad-sticky-section-no exad-glass-effect-no elementor-widget elementor-widget-html\" data-id=\"e206ccb\" data-element_type=\"widget\" data-widget_type=\"html.default\">\n\t\t\t\t<div class=\"elementor-widget-container\">\n\t\t\t<iframe src=\"https:\/\/www.google.com\/maps\/embed?pb=!1m18!1m12!1m3!1d11559.871769587122!2d11.194836568450592!3d43.58638406476651!2m3!1f0!2f0!3f0!3m2!1i1024!2i768!4f13.1!3m3!1m2!1s0x132a48fef0359081%3A0xbeeffdc24e1d6090!2sVia%20Leonardo%20da%20Vinci%2C%20118%2F12%2C%2050028%20Barberino%20Tavarnelle%20FI!5e0!3m2!1sit!2sit!4v1650620408982!5m2!1sit!2sit\" width=\"400\" height=\"300\" style=\"border:0;\" allowfullscreen=\"\" loading=\"lazy\" referrerpolicy=\"no-referrer-when-downgrade\"><\/iframe>\t\t<\/div>\n\t\t\t\t<\/div>\n\t\t\t\t\t<\/div>\n\t\t<\/div>\n\t\t\t\t<div class=\"elementor-column elementor-col-50 elementor-top-column elementor-element elementor-element-08176c6 exad-glass-effect-no exad-sticky-section-no\" data-id=\"08176c6\" data-element_type=\"column\">\n\t\t\t<div class=\"elementor-widget-wrap elementor-element-populated\">\n\t\t\t\t\t\t\t\t<div class=\"elementor-element elementor-element-e6c1852 exad-sticky-section-no exad-glass-effect-no elementor-widget elementor-widget-wp-widget-eltdf_contact_form_7_widget\" data-id=\"e6c1852\" data-element_type=\"widget\" data-widget_type=\"wp-widget-eltdf_contact_form_7_widget.default\">\n\t\t\t\t<div class=\"elementor-widget-container\">\n\t\t\t\t\t<div class=\"widget eltdf-contact-form-7-widget \" >\n\t\t\t\t\t\t<div role=\"form\" class=\"wpcf7\" id=\"wpcf7-f21001-o1\" lang=\"en-GB\" dir=\"ltr\">\n<div class=\"screen-reader-response\"><p role=\"status\" aria-live=\"polite\" aria-atomic=\"true\"><\/p> <ul><\/ul><\/div>\n<form action=\"\/es\/wp-json\/wp\/v2\/pages\/18443#wpcf7-f21001-o1\" method=\"post\" class=\"wpcf7-form init\" novalidate=\"novalidate\" data-status=\"init\">\n<div style=\"display: none;\">\n<input type=\"hidden\" name=\"_wpcf7\" value=\"21001\" \/>\n<input type=\"hidden\" name=\"_wpcf7_version\" value=\"5.5.6\" \/>\n<input type=\"hidden\" name=\"_wpcf7_locale\" value=\"en_GB\" \/>\n<input type=\"hidden\" name=\"_wpcf7_unit_tag\" value=\"wpcf7-f21001-o1\" \/>\n<input type=\"hidden\" name=\"_wpcf7_container_post\" value=\"0\" \/>\n<input type=\"hidden\" name=\"_wpcf7_posted_data_hash\" value=\"\" \/>\n<input type=\"hidden\" name=\"_wpcf7_recaptcha_response\" value=\"\" \/>\n<\/div>\n<span class=\"wpcf7-form-control-wrap your-name\"><input type=\"text\" name=\"your-name\" value=\"\" size=\"40\" class=\"wpcf7-form-control wpcf7-text wpcf7-validates-as-required\" aria-required=\"true\" aria-invalid=\"false\" placeholder=\"Name\" \/><\/span>\n<span class=\"wpcf7-form-control-wrap your-email\"><input type=\"email\" name=\"your-email\" value=\"\" size=\"40\" class=\"wpcf7-form-control wpcf7-text wpcf7-email wpcf7-validates-as-required wpcf7-validates-as-email\" aria-required=\"true\" aria-invalid=\"false\" placeholder=\"Email\" \/><\/span>\n<span class=\"wpcf7-form-control-wrap your-city\"><input type=\"text\" name=\"your-city\" value=\"\" size=\"40\" class=\"wpcf7-form-control wpcf7-text wpcf7-validates-as-required\" aria-required=\"true\" aria-invalid=\"false\" placeholder=\"city\" \/><\/span>\n<span class=\"wpcf7-form-control-wrap your-message\"><textarea name=\"your-message\" cols=\"40\" rows=\"10\" class=\"wpcf7-form-control wpcf7-textarea\" aria-invalid=\"false\" placeholder=\"Message\"><\/textarea><\/span>\n\n<input type=\"submit\" value=\"Send\" class=\"wpcf7-form-control has-spinner wpcf7-submit\" \/><div class=\"wpcf7-response-output\" aria-hidden=\"true\"><\/div><\/form><\/div>\t\t<\/div>\n\t\t\t\t<\/div>\n\t\t\t\t<\/div>\n\t\t\t\t\t<\/div>\n\t\t<\/div>\n\t\t\t\t\t\t\t<\/div>\n\t\t<\/section>\n\t\t<\/div>\t\t\t\t<\/div>\n\t\t\t\t\t<\/div>\n\t\t","protected":false},"excerpt":{"rendered":"<p>MyHomeCollection Via Leonardo da Vinci 118\/14, Barberino Tavarnelle, Firenze- Italia Ph: +39 055 8070202 Mail: info@myhomecollection.it press@myhomecollection.it Contact Cont\u00e1ctenos Env\u00edanos tus comentarios, sugerencias y solicitudes de informaci\u00f3n. Te responderemos lo antes posible.<\/p>\n","protected":false},"author":100,"featured_media":0,"parent":0,"menu_order":0,"comment_status":"closed","ping_status":"closed","template":"elementor_header_footer","meta":[],"yoast_head":"<!-- This site is optimized with the Yoast SEO plugin v18.5.1 - https:\/\/yoast.com\/wordpress\/plugins\/seo\/ -->\n<title>Contatti - My Home<\/title>\n<meta name=\"robots\" content=\"index, follow, max-snippet:-1, max-image-preview:large, max-video-preview:-1\" \/>\n<link rel=\"canonical\" href=\"https:\/\/www.myhomecollection.it\/get-in-touch\/\" \/>\n<meta property=\"og:locale\" content=\"es_ES\" \/>\n<meta property=\"og:type\" content=\"article\" \/>\n<meta property=\"og:title\" content=\"Contatti - My Home\" \/>\n<meta property=\"og:description\" content=\"MyHomeCollection Via Leonardo da Vinci 118\/14, Barberino Tavarnelle, Firenze- Italia Ph: +39 055 8070202 Mail: info@myhomecollection.it press@myhomecollection.it Contact Cont\u00e1ctenos Env\u00edanos tus comentarios, sugerencias y solicitudes de informaci\u00f3n. Te responderemos lo antes posible.\" \/>\n<meta property=\"og:url\" content=\"https:\/\/www.myhomecollection.it\/get-in-touch\/\" \/>\n<meta property=\"og:site_name\" content=\"My Home\" \/>\n<meta property=\"article:modified_time\" content=\"2024-01-15T14:44:26+00:00\" \/>\n<meta name=\"twitter:card\" content=\"summary_large_image\" \/>\n<meta name=\"twitter:label1\" content=\"Tiempo de lectura\" \/>\n\t<meta name=\"twitter:data1\" content=\"1 minuto\" \/>\n<script type=\"application\/ld+json\" class=\"yoast-schema-graph\">{\"@context\":\"https:\/\/schema.org\",\"@graph\":[{\"@type\":\"WebSite\",\"@id\":\"https:\/\/www.myhomecollection.it\/#website\",\"url\":\"https:\/\/www.myhomecollection.it\/\",\"name\":\"My Home\",\"description\":\"Elementi d\u2019arredo per uno stile esclusivo\",\"potentialAction\":[{\"@type\":\"SearchAction\",\"target\":{\"@type\":\"EntryPoint\",\"urlTemplate\":\"https:\/\/www.myhomecollection.it\/?s={search_term_string}\"},\"query-input\":\"required name=search_term_string\"}],\"inLanguage\":\"es\"},{\"@type\":\"WebPage\",\"@id\":\"https:\/\/www.myhomecollection.it\/get-in-touch\/#webpage\",\"url\":\"https:\/\/www.myhomecollection.it\/get-in-touch\/\",\"name\":\"Contatti - My Home\",\"isPartOf\":{\"@id\":\"https:\/\/www.myhomecollection.it\/#website\"},\"datePublished\":\"2018-07-09T06:57:09+00:00\",\"dateModified\":\"2024-01-15T14:44:26+00:00\",\"breadcrumb\":{\"@id\":\"https:\/\/www.myhomecollection.it\/get-in-touch\/#breadcrumb\"},\"inLanguage\":\"es\",\"potentialAction\":[{\"@type\":\"ReadAction\",\"target\":[\"https:\/\/www.myhomecollection.it\/get-in-touch\/\"]}]},{\"@type\":\"BreadcrumbList\",\"@id\":\"https:\/\/www.myhomecollection.it\/get-in-touch\/#breadcrumb\",\"itemListElement\":[{\"@type\":\"ListItem\",\"position\":1,\"name\":\"Home\",\"item\":\"https:\/\/www.myhomecollection.it\/\"},{\"@type\":\"ListItem\",\"position\":2,\"name\":\"Contatti\"}]}]}<\/script>\n<!-- \/ Yoast SEO plugin. -->","yoast_head_json":{"title":"Contatti - My Home","robots":{"index":"index","follow":"follow","max-snippet":"max-snippet:-1","max-image-preview":"max-image-preview:large","max-video-preview":"max-video-preview:-1"},"canonical":"https:\/\/www.myhomecollection.it\/get-in-touch\/","og_locale":"es_ES","og_type":"article","og_title":"Contatti - My Home","og_description":"MyHomeCollection Via Leonardo da Vinci 118\/14, Barberino Tavarnelle, Firenze- Italia Ph: +39 055 8070202 Mail: info@myhomecollection.it press@myhomecollection.it Contact Cont\u00e1ctenos Env\u00edanos tus comentarios, sugerencias y solicitudes de informaci\u00f3n. Te responderemos lo antes posible.","og_url":"https:\/\/www.myhomecollection.it\/get-in-touch\/","og_site_name":"My Home","article_modified_time":"2024-01-15T14:44:26+00:00","twitter_card":"summary_large_image","twitter_misc":{"Tiempo de lectura":"1 minuto"},"schema":{"@context":"https:\/\/schema.org","@graph":[{"@type":"WebSite","@id":"https:\/\/www.myhomecollection.it\/#website","url":"https:\/\/www.myhomecollection.it\/","name":"My Home","description":"Elementi d\u2019arredo per uno stile esclusivo","potentialAction":[{"@type":"SearchAction","target":{"@type":"EntryPoint","urlTemplate":"https:\/\/www.myhomecollection.it\/?s={search_term_string}"},"query-input":"required name=search_term_string"}],"inLanguage":"es"},{"@type":"WebPage","@id":"https:\/\/www.myhomecollection.it\/get-in-touch\/#webpage","url":"https:\/\/www.myhomecollection.it\/get-in-touch\/","name":"Contatti - My Home","isPartOf":{"@id":"https:\/\/www.myhomecollection.it\/#website"},"datePublished":"2018-07-09T06:57:09+00:00","dateModified":"2024-01-15T14:44:26+00:00","breadcrumb":{"@id":"https:\/\/www.myhomecollection.it\/get-in-touch\/#breadcrumb"},"inLanguage":"es","potentialAction":[{"@type":"ReadAction","target":["https:\/\/www.myhomecollection.it\/get-in-touch\/"]}]},{"@type":"BreadcrumbList","@id":"https:\/\/www.myhomecollection.it\/get-in-touch\/#breadcrumb","itemListElement":[{"@type":"ListItem","position":1,"name":"Home","item":"https:\/\/www.myhomecollection.it\/"},{"@type":"ListItem","position":2,"name":"Contatti"}]}]}},"_links":{"self":[{"href":"https:\/\/www.myhomecollection.it\/es\/wp-json\/wp\/v2\/pages\/18443"}],"collection":[{"href":"https:\/\/www.myhomecollection.it\/es\/wp-json\/wp\/v2\/pages"}],"about":[{"href":"https:\/\/www.myhomecollection.it\/es\/wp-json\/wp\/v2\/types\/page"}],"author":[{"embeddable":true,"href":"https:\/\/www.myhomecollection.it\/es\/wp-json\/wp\/v2\/users\/100"}],"replies":[{"embeddable":true,"href":"https:\/\/www.myhomecollection.it\/es\/wp-json\/wp\/v2\/comments?post=18443"}],"version-history":[{"count":0,"href":"https:\/\/www.myhomecollection.it\/es\/wp-json\/wp\/v2\/pages\/18443\/revisions"}],"wp:attachment":[{"href":"https:\/\/www.myhomecollection.it\/es\/wp-json\/wp\/v2\/media?parent=18443"}],"curies":[{"name":"wp","href":"https:\/\/api.w.org\/{rel}","templated":true}]}}