{"id":18497,"date":"2022-03-23T10:46:34","date_gmt":"2022-03-23T09:46:34","guid":{"rendered":"http:\/\/myhomecollection.it\/alessandro-stabile\/"},"modified":"2022-05-02T15:31:31","modified_gmt":"2022-05-02T13:31:31","slug":"alessandro-stabile","status":"publish","type":"page","link":"https:\/\/www.myhomecollection.it\/es\/alessandro-stabile\/","title":{"rendered":"Alessandro Stabile"},"content":{"rendered":"<p><img width=\"1920\" height=\"500\" src=\"http:\/\/myhomecollection.it\/wp-content\/uploads\/2022\/03\/my_home_header_designer-1.jpg\" alt=\"\" loading=\"lazy\" srcset=\"http:\/\/myhomecollection.it\/wp-content\/uploads\/2022\/03\/my_home_header_designer-1.jpg 1920w, http:\/\/myhomecollection.it\/wp-content\/uploads\/2022\/03\/my_home_header_designer-1-300x78.jpg 300w, http:\/\/myhomecollection.it\/wp-content\/uploads\/2022\/03\/my_home_header_designer-1-1024x267.jpg 1024w, http:\/\/myhomecollection.it\/wp-content\/uploads\/2022\/03\/my_home_header_designer-1-768x200.jpg 768w, http:\/\/myhomecollection.it\/wp-content\/uploads\/2022\/03\/my_home_header_designer-1-1536x400.jpg 1536w\" sizes=\"(max-width: 1920px) 100vw, 1920px\" \/>\t\t\t\t\t\t\t\t\t\t\t\t\t\t\t<\/p>\n<h1 style=\"line-height: 70px\" data-item-class=\"eltdf-cf-2978\" data-line-height-680=\"55px\">\n\tAlessandro Stabile<\/h1>\n<p>\t\tAlessandro Stabile (Mil\u00e1n, 1985) es uno de los diez \u00abMejores j\u00f3venes dise\u00f1adores industriales italianos\u00bb seleccionados por el Instituto Cultural Italiano de Nueva York en 2013. Tras licenciarse en Dise\u00f1o Industrial en el Polit\u00e9cnico de Mil\u00e1n y realizar una maestr\u00eda en la Escuela Polit\u00e9cnica de Dise\u00f1o de Mil\u00e1n, trabaj\u00f3 durante diez a\u00f1os como dise\u00f1ador senior y l\u00edder de proyecto en el estudio de Giulio Iacchetti. En 2011 fund\u00f3 su propio estudio que se ocupa de dise\u00f1o de producto y direcci\u00f3n art\u00edstica. En 2016, dos de sus proyectos ganaron el primer y segundo premio \u201cYoung&#038;Design\u201dcomo los dos mejores proyectos presentados en la Semana del Dise\u00f1o de Mil\u00e1n por un menor de 35 a\u00f1os. Es cofundador de la marca Have a Good Tie. Dise\u00f1a para marcas como Moleskine, Alessi, Internoitaliano o Nutella. Dialoga con las empresas para hacer crecer las ideas en un proceso de dise\u00f1o y producci\u00f3n eficaz con el objetivo de crear productos caracterizados por la innovaci\u00f3n, la elegancia y la \u00e9tica.<br \/>\n                                    <img width=\"1500\" height=\"1500\" src=\"http:\/\/myhomecollection.it\/wp-content\/uploads\/2022\/03\/Alessandro-Stabile.jpg\" alt=\"\" loading=\"lazy\" srcset=\"http:\/\/myhomecollection.it\/wp-content\/uploads\/2022\/03\/Alessandro-Stabile.jpg 1500w, http:\/\/myhomecollection.it\/wp-content\/uploads\/2022\/03\/Alessandro-Stabile-300x300.jpg 300w, http:\/\/myhomecollection.it\/wp-content\/uploads\/2022\/03\/Alessandro-Stabile-1024x1024.jpg 1024w, http:\/\/myhomecollection.it\/wp-content\/uploads\/2022\/03\/Alessandro-Stabile-150x150.jpg 150w, http:\/\/myhomecollection.it\/wp-content\/uploads\/2022\/03\/Alessandro-Stabile-768x768.jpg 768w, http:\/\/myhomecollection.it\/wp-content\/uploads\/2022\/03\/Alessandro-Stabile-650x650.jpg 650w, http:\/\/myhomecollection.it\/wp-content\/uploads\/2022\/03\/Alessandro-Stabile-1300x1300.jpg 1300w\" sizes=\"(max-width: 1500px) 100vw, 1500px\" \/>                        <\/p>\n<h1 style=\"line-height: 70px\" data-item-class=\"eltdf-cf-9317\" data-line-height-680=\"55px\">\n\tProductos dise\u00f1ados<\/h1>\n<article>\n\t<img width=\"1300\" height=\"650\" src=\"http:\/\/myhomecollection.it\/wp-content\/uploads\/2022\/03\/Cot.jpg\" alt=\"\" loading=\"lazy\" srcset=\"http:\/\/myhomecollection.it\/wp-content\/uploads\/2022\/03\/Cot.jpg 1300w, http:\/\/myhomecollection.it\/wp-content\/uploads\/2022\/03\/Cot-300x150.jpg 300w, http:\/\/myhomecollection.it\/wp-content\/uploads\/2022\/03\/Cot-1024x512.jpg 1024w, http:\/\/myhomecollection.it\/wp-content\/uploads\/2022\/03\/Cot-768x384.jpg 768w\" sizes=\"(max-width: 1300px) 100vw, 1300px\" \/><br \/>\n\t\t\t\t\t\t\t<a itemprop=\"url\" href=\"http:\/\/myhomecollection.it\/es\/portfolio-category\/tavolini-es\/\">Tavolini<\/a><\/p>\n<h4 itemprop=\"name\" >\n\t\t\tCot<br \/>\n\t<\/h4>\n<p>        <a itemprop=\"url\" href=\"http:\/\/myhomecollection.it\/es\/portfolio-item\/cot-coffee-table\/\" target=\"_self\" rel=\"noopener\"><\/a><br \/>\n<\/article>\n<article>\n\t<img width=\"1300\" height=\"650\" src=\"http:\/\/myhomecollection.it\/wp-content\/uploads\/2022\/03\/Riquadra-1.jpg\" alt=\"\" loading=\"lazy\" srcset=\"http:\/\/myhomecollection.it\/wp-content\/uploads\/2022\/03\/Riquadra-1.jpg 1300w, http:\/\/myhomecollection.it\/wp-content\/uploads\/2022\/03\/Riquadra-1-300x150.jpg 300w, http:\/\/myhomecollection.it\/wp-content\/uploads\/2022\/03\/Riquadra-1-1024x512.jpg 1024w, http:\/\/myhomecollection.it\/wp-content\/uploads\/2022\/03\/Riquadra-1-768x384.jpg 768w\" sizes=\"(max-width: 1300px) 100vw, 1300px\" \/><br \/>\n\t\t\t\t\t\t\t<a itemprop=\"url\" href=\"http:\/\/myhomecollection.it\/es\/portfolio-category\/sedie-es\/\">Sedie &amp; Sgabelli<\/a><\/p>\n<h4 itemprop=\"name\" >\n\t\t\tRiquadra<br \/>\n\t<\/h4>\n<p>        <a itemprop=\"url\" href=\"http:\/\/myhomecollection.it\/es\/portfolio-item\/riquadra-chair-3\/\" target=\"_self\" rel=\"noopener\"><\/a><br \/>\n<\/article>\n<article>\n\t<img width=\"1300\" height=\"650\" src=\"http:\/\/myhomecollection.it\/wp-content\/uploads\/2022\/03\/Riquadra_relax.jpg\" alt=\"\" loading=\"lazy\" srcset=\"http:\/\/myhomecollection.it\/wp-content\/uploads\/2022\/03\/Riquadra_relax.jpg 1300w, http:\/\/myhomecollection.it\/wp-content\/uploads\/2022\/03\/Riquadra_relax-300x150.jpg 300w, http:\/\/myhomecollection.it\/wp-content\/uploads\/2022\/03\/Riquadra_relax-1024x512.jpg 1024w, http:\/\/myhomecollection.it\/wp-content\/uploads\/2022\/03\/Riquadra_relax-768x384.jpg 768w\" sizes=\"(max-width: 1300px) 100vw, 1300px\" \/><br \/>\n\t\t\t\t\t\t\t<a itemprop=\"url\" href=\"http:\/\/myhomecollection.it\/es\/portfolio-category\/sedie-es\/\">Sedie &amp; Sgabelli<\/a><\/p>\n<h4 itemprop=\"name\" >\n\t\t\tRiquadra Relax<br \/>\n\t<\/h4>\n<p>        <a itemprop=\"url\" href=\"http:\/\/myhomecollection.it\/es\/portfolio-item\/riquadra\/\" target=\"_self\" rel=\"noopener\"><\/a><br \/>\n<\/article>\n<article>\n\t<img width=\"1300\" height=\"650\" src=\"http:\/\/myhomecollection.it\/wp-content\/uploads\/2022\/03\/Vinnie.jpg\" alt=\"\" loading=\"lazy\" srcset=\"http:\/\/myhomecollection.it\/wp-content\/uploads\/2022\/03\/Vinnie.jpg 1300w, http:\/\/myhomecollection.it\/wp-content\/uploads\/2022\/03\/Vinnie-300x150.jpg 300w, http:\/\/myhomecollection.it\/wp-content\/uploads\/2022\/03\/Vinnie-1024x512.jpg 1024w, http:\/\/myhomecollection.it\/wp-content\/uploads\/2022\/03\/Vinnie-768x384.jpg 768w\" sizes=\"(max-width: 1300px) 100vw, 1300px\" \/><br \/>\n\t\t\t\t\t\t\t<a itemprop=\"url\" href=\"http:\/\/myhomecollection.it\/es\/portfolio-category\/tavolini-es\/\">Tavolini<\/a><\/p>\n<h4 itemprop=\"name\" >\n\t\t\tVinnie<br \/>\n\t<\/h4>\n<p>        <a itemprop=\"url\" href=\"http:\/\/myhomecollection.it\/es\/portfolio-item\/vinnie-coffee-table\/\" target=\"_self\" rel=\"noopener\"><\/a><br \/>\n<\/article>\n","protected":false},"excerpt":{"rendered":"<p>Alessandro Stabile Alessandro Stabile (Mil\u00e1n, 1985) es uno de los diez \u00abMejores j\u00f3venes dise\u00f1adores industriales italianos\u00bb seleccionados por el Instituto Cultural Italiano de Nueva York en 2013. Tras licenciarse en Dise\u00f1o Industrial en el Polit\u00e9cnico de Mil\u00e1n y realizar una [&hellip;]<\/p>\n","protected":false},"author":100,"featured_media":0,"parent":0,"menu_order":0,"comment_status":"closed","ping_status":"closed","template":"full-width.php","meta":[],"yoast_head":"<!-- This site is optimized with the Yoast SEO plugin v18.5.1 - https:\/\/yoast.com\/wordpress\/plugins\/seo\/ -->\n<title>Alessandro Stabile - My Home<\/title>\n<meta name=\"robots\" content=\"index, follow, max-snippet:-1, max-image-preview:large, max-video-preview:-1\" \/>\n<link rel=\"canonical\" href=\"https:\/\/www.myhomecollection.it\/es\/alessandro-stabile\/\" \/>\n<meta property=\"og:locale\" content=\"es_ES\" \/>\n<meta property=\"og:type\" content=\"article\" \/>\n<meta property=\"og:title\" content=\"Alessandro Stabile - My Home\" \/>\n<meta property=\"og:description\" content=\"Alessandro Stabile Alessandro Stabile (Mil\u00e1n, 1985) es uno de los diez \u00abMejores j\u00f3venes dise\u00f1adores industriales italianos\u00bb seleccionados por el Instituto Cultural Italiano de Nueva York en 2013. Tras licenciarse en Dise\u00f1o Industrial en el Polit\u00e9cnico de Mil\u00e1n y realizar una [&hellip;]\" \/>\n<meta property=\"og:url\" content=\"https:\/\/www.myhomecollection.it\/es\/alessandro-stabile\/\" \/>\n<meta property=\"og:site_name\" content=\"My Home\" \/>\n<meta property=\"article:modified_time\" content=\"2022-05-02T13:31:31+00:00\" \/>\n<meta property=\"og:image\" content=\"http:\/\/myhomecollection.it\/wp-content\/uploads\/2022\/03\/my_home_header_designer-1.jpg\" \/>\n<meta name=\"twitter:card\" content=\"summary_large_image\" \/>\n<meta name=\"twitter:label1\" content=\"Tiempo de lectura\" \/>\n\t<meta name=\"twitter:data1\" content=\"3 minutos\" \/>\n<script type=\"application\/ld+json\" class=\"yoast-schema-graph\">{\"@context\":\"https:\/\/schema.org\",\"@graph\":[{\"@type\":\"WebSite\",\"@id\":\"https:\/\/www.myhomecollection.it\/#website\",\"url\":\"https:\/\/www.myhomecollection.it\/\",\"name\":\"My Home\",\"description\":\"Elementi d\u2019arredo per uno stile esclusivo\",\"potentialAction\":[{\"@type\":\"SearchAction\",\"target\":{\"@type\":\"EntryPoint\",\"urlTemplate\":\"https:\/\/www.myhomecollection.it\/?s={search_term_string}\"},\"query-input\":\"required name=search_term_string\"}],\"inLanguage\":\"es\"},{\"@type\":\"ImageObject\",\"@id\":\"https:\/\/www.myhomecollection.it\/es\/alessandro-stabile\/#primaryimage\",\"inLanguage\":\"es\",\"url\":\"http:\/\/myhomecollection.it\/wp-content\/uploads\/2022\/03\/my_home_header_designer-1.jpg\",\"contentUrl\":\"http:\/\/myhomecollection.it\/wp-content\/uploads\/2022\/03\/my_home_header_designer-1.jpg\"},{\"@type\":\"WebPage\",\"@id\":\"https:\/\/www.myhomecollection.it\/es\/alessandro-stabile\/#webpage\",\"url\":\"https:\/\/www.myhomecollection.it\/es\/alessandro-stabile\/\",\"name\":\"Alessandro Stabile - My Home\",\"isPartOf\":{\"@id\":\"https:\/\/www.myhomecollection.it\/#website\"},\"primaryImageOfPage\":{\"@id\":\"https:\/\/www.myhomecollection.it\/es\/alessandro-stabile\/#primaryimage\"},\"datePublished\":\"2022-03-23T09:46:34+00:00\",\"dateModified\":\"2022-05-02T13:31:31+00:00\",\"breadcrumb\":{\"@id\":\"https:\/\/www.myhomecollection.it\/es\/alessandro-stabile\/#breadcrumb\"},\"inLanguage\":\"es\",\"potentialAction\":[{\"@type\":\"ReadAction\",\"target\":[\"https:\/\/www.myhomecollection.it\/es\/alessandro-stabile\/\"]}]},{\"@type\":\"BreadcrumbList\",\"@id\":\"https:\/\/www.myhomecollection.it\/es\/alessandro-stabile\/#breadcrumb\",\"itemListElement\":[{\"@type\":\"ListItem\",\"position\":1,\"name\":\"Home\",\"item\":\"https:\/\/www.myhomecollection.it\/\"},{\"@type\":\"ListItem\",\"position\":2,\"name\":\"Alessandro Stabile\"}]}]}<\/script>\n<!-- \/ Yoast SEO plugin. -->","yoast_head_json":{"title":"Alessandro Stabile - My Home","robots":{"index":"index","follow":"follow","max-snippet":"max-snippet:-1","max-image-preview":"max-image-preview:large","max-video-preview":"max-video-preview:-1"},"canonical":"https:\/\/www.myhomecollection.it\/es\/alessandro-stabile\/","og_locale":"es_ES","og_type":"article","og_title":"Alessandro Stabile - My Home","og_description":"Alessandro Stabile Alessandro Stabile (Mil\u00e1n, 1985) es uno de los diez \u00abMejores j\u00f3venes dise\u00f1adores industriales italianos\u00bb seleccionados por el Instituto Cultural Italiano de Nueva York en 2013. Tras licenciarse en Dise\u00f1o Industrial en el Polit\u00e9cnico de Mil\u00e1n y realizar una [&hellip;]","og_url":"https:\/\/www.myhomecollection.it\/es\/alessandro-stabile\/","og_site_name":"My Home","article_modified_time":"2022-05-02T13:31:31+00:00","og_image":[{"url":"http:\/\/myhomecollection.it\/wp-content\/uploads\/2022\/03\/my_home_header_designer-1.jpg"}],"twitter_card":"summary_large_image","twitter_misc":{"Tiempo de lectura":"3 minutos"},"schema":{"@context":"https:\/\/schema.org","@graph":[{"@type":"WebSite","@id":"https:\/\/www.myhomecollection.it\/#website","url":"https:\/\/www.myhomecollection.it\/","name":"My Home","description":"Elementi d\u2019arredo per uno stile esclusivo","potentialAction":[{"@type":"SearchAction","target":{"@type":"EntryPoint","urlTemplate":"https:\/\/www.myhomecollection.it\/?s={search_term_string}"},"query-input":"required name=search_term_string"}],"inLanguage":"es"},{"@type":"ImageObject","@id":"https:\/\/www.myhomecollection.it\/es\/alessandro-stabile\/#primaryimage","inLanguage":"es","url":"http:\/\/myhomecollection.it\/wp-content\/uploads\/2022\/03\/my_home_header_designer-1.jpg","contentUrl":"http:\/\/myhomecollection.it\/wp-content\/uploads\/2022\/03\/my_home_header_designer-1.jpg"},{"@type":"WebPage","@id":"https:\/\/www.myhomecollection.it\/es\/alessandro-stabile\/#webpage","url":"https:\/\/www.myhomecollection.it\/es\/alessandro-stabile\/","name":"Alessandro Stabile - My Home","isPartOf":{"@id":"https:\/\/www.myhomecollection.it\/#website"},"primaryImageOfPage":{"@id":"https:\/\/www.myhomecollection.it\/es\/alessandro-stabile\/#primaryimage"},"datePublished":"2022-03-23T09:46:34+00:00","dateModified":"2022-05-02T13:31:31+00:00","breadcrumb":{"@id":"https:\/\/www.myhomecollection.it\/es\/alessandro-stabile\/#breadcrumb"},"inLanguage":"es","potentialAction":[{"@type":"ReadAction","target":["https:\/\/www.myhomecollection.it\/es\/alessandro-stabile\/"]}]},{"@type":"BreadcrumbList","@id":"https:\/\/www.myhomecollection.it\/es\/alessandro-stabile\/#breadcrumb","itemListElement":[{"@type":"ListItem","position":1,"name":"Home","item":"https:\/\/www.myhomecollection.it\/"},{"@type":"ListItem","position":2,"name":"Alessandro Stabile"}]}]}},"_links":{"self":[{"href":"https:\/\/www.myhomecollection.it\/es\/wp-json\/wp\/v2\/pages\/18497"}],"collection":[{"href":"https:\/\/www.myhomecollection.it\/es\/wp-json\/wp\/v2\/pages"}],"about":[{"href":"https:\/\/www.myhomecollection.it\/es\/wp-json\/wp\/v2\/types\/page"}],"author":[{"embeddable":true,"href":"https:\/\/www.myhomecollection.it\/es\/wp-json\/wp\/v2\/users\/100"}],"replies":[{"embeddable":true,"href":"https:\/\/www.myhomecollection.it\/es\/wp-json\/wp\/v2\/comments?post=18497"}],"version-history":[{"count":0,"href":"https:\/\/www.myhomecollection.it\/es\/wp-json\/wp\/v2\/pages\/18497\/revisions"}],"wp:attachment":[{"href":"https:\/\/www.myhomecollection.it\/es\/wp-json\/wp\/v2\/media?parent=18497"}],"curies":[{"name":"wp","href":"https:\/\/api.w.org\/{rel}","templated":true}]}}