{"id":18500,"date":"2022-03-23T11:07:05","date_gmt":"2022-03-23T10:07:05","guid":{"rendered":"http:\/\/myhomecollection.it\/bruno-rainaldi\/"},"modified":"2022-05-02T15:36:04","modified_gmt":"2022-05-02T13:36:04","slug":"bruno-rainaldi","status":"publish","type":"page","link":"https:\/\/www.myhomecollection.it\/es\/bruno-rainaldi\/","title":{"rendered":"Bruno Rainaldi"},"content":{"rendered":"<p><img width=\"1920\" height=\"500\" src=\"http:\/\/myhomecollection.it\/wp-content\/uploads\/2022\/03\/my_home_header_designer-1.jpg\" alt=\"\" loading=\"lazy\" srcset=\"http:\/\/myhomecollection.it\/wp-content\/uploads\/2022\/03\/my_home_header_designer-1.jpg 1920w, http:\/\/myhomecollection.it\/wp-content\/uploads\/2022\/03\/my_home_header_designer-1-300x78.jpg 300w, http:\/\/myhomecollection.it\/wp-content\/uploads\/2022\/03\/my_home_header_designer-1-1024x267.jpg 1024w, http:\/\/myhomecollection.it\/wp-content\/uploads\/2022\/03\/my_home_header_designer-1-768x200.jpg 768w, http:\/\/myhomecollection.it\/wp-content\/uploads\/2022\/03\/my_home_header_designer-1-1536x400.jpg 1536w\" sizes=\"(max-width: 1920px) 100vw, 1920px\" \/>\t\t\t\t\t\t\t\t\t\t\t\t\t\t\t<\/p>\n<h1 style=\"line-height: 70px\" data-item-class=\"eltdf-cf-9457\" data-line-height-680=\"55px\">\n\tBruno Rainaldi<\/h1>\n<p>\t\tBruno Rainaldi se form\u00f3 en el campo, comenzando a trabajar en la comunicaci\u00f3n del dise\u00f1o de muebles a una edad muy temprana. Se autodenomin\u00f3 ir\u00f3nicamente \u00abdise\u00f1ador de pavimentos\u00bb y su estilo \u00abca\u00f3ticamente riguroso\u00bb. Dirige el primer High-Tech de Mil\u00e1n en Corso di Porta Ticinese. Se uni\u00f3 a Maddalena De Padova en la hist\u00f3rica sala de exposiciones de Corso Venezia y luego a Enrico Baleri, como socio de Baleri &#038; Associati, en la definici\u00f3n de estrategias de comunicaci\u00f3n para empresas y tiendas de dise\u00f1o. Fund\u00f3 el Studio Rari -del que es alma y director creativo- y comenz\u00f3 sus primeras colaboraciones como director de arte\/dise\u00f1ador con varias empresas de dise\u00f1o italianas como Alivar, MDF, Mussi Italia, Sintesi. Luego Terzani, Slamp, Casprini, Annibale Colombo, Bilumen, Davide Medri y Dilmos. Hasta el reciente proyecto Opinion Ciatti, nacido de la importante asociaci\u00f3n art\u00edstica y empresarial con Lapo Ciatti. A mediados de los a\u00f1os 80, Bruno Rainaldi conoci\u00f3 a Flavia Ciatti. De su amistad\/confrontaci\u00f3n surgi\u00f3 la idea de crear una nueva empresa, CCR, orientada a desarrollar complementos y accesorios para el hogar, no s\u00f3lo para la cocina. Bajo la marca CCR nacen importantes piezas de su producci\u00f3n de dise\u00f1o industrial. En 2006, Lapo Ciatti, que representa la tercera generaci\u00f3n, se incorpor\u00f3 a la empresa con el instinto empresarial de la familia y la formaci\u00f3n en dise\u00f1o industrial. Nuevas comparaciones y opiniones. Nace Opinion Ciatti, con Bruno Rainaldi como presidente, socio y director art\u00edstico. Con un profundo conocimiento del mercado, una gran pasi\u00f3n por las artes figurativas y un valioso talento para las asociaciones transversales madurado a lo largo de los a\u00f1os, Bruno Rainaldi une definitivamente su profesionalidad al mundo del dise\u00f1o. En 2002 abri\u00f3 Entratalibera con Marta Giardini, un espacio muy especial en Mil\u00e1n donde expone sus proyectos y una selecci\u00f3n de objetos. Un \u00ablaboratorio de formas\u00bb abierto a la investigaci\u00f3n y la experimentaci\u00f3n. Bruno Rainaldi dise\u00f1\u00f3 librer\u00edas, mesas, sillas, sof\u00e1s, sillones, camas, complementos e iluminaci\u00f3n.<br \/>\n                                    <img width=\"1500\" height=\"1500\" src=\"http:\/\/myhomecollection.it\/wp-content\/uploads\/2022\/03\/Bruno-Rainaldi.jpg\" alt=\"\" loading=\"lazy\" srcset=\"http:\/\/myhomecollection.it\/wp-content\/uploads\/2022\/03\/Bruno-Rainaldi.jpg 1500w, http:\/\/myhomecollection.it\/wp-content\/uploads\/2022\/03\/Bruno-Rainaldi-300x300.jpg 300w, http:\/\/myhomecollection.it\/wp-content\/uploads\/2022\/03\/Bruno-Rainaldi-1024x1024.jpg 1024w, http:\/\/myhomecollection.it\/wp-content\/uploads\/2022\/03\/Bruno-Rainaldi-150x150.jpg 150w, http:\/\/myhomecollection.it\/wp-content\/uploads\/2022\/03\/Bruno-Rainaldi-768x768.jpg 768w, http:\/\/myhomecollection.it\/wp-content\/uploads\/2022\/03\/Bruno-Rainaldi-650x650.jpg 650w, http:\/\/myhomecollection.it\/wp-content\/uploads\/2022\/03\/Bruno-Rainaldi-1300x1300.jpg 1300w\" sizes=\"(max-width: 1500px) 100vw, 1500px\" \/>                        <\/p>\n<h1 style=\"line-height: 70px\" data-item-class=\"eltdf-cf-2097\" data-line-height-680=\"55px\">\n\tProductos dise\u00f1ados<\/h1>\n<article>\n\t<img width=\"1300\" height=\"650\" src=\"http:\/\/myhomecollection.it\/wp-content\/uploads\/2022\/03\/Container.jpg\" alt=\"\" loading=\"lazy\" srcset=\"http:\/\/myhomecollection.it\/wp-content\/uploads\/2022\/03\/Container.jpg 1300w, http:\/\/myhomecollection.it\/wp-content\/uploads\/2022\/03\/Container-300x150.jpg 300w, http:\/\/myhomecollection.it\/wp-content\/uploads\/2022\/03\/Container-1024x512.jpg 1024w, http:\/\/myhomecollection.it\/wp-content\/uploads\/2022\/03\/Container-768x384.jpg 768w\" sizes=\"(max-width: 1300px) 100vw, 1300px\" \/><br \/>\n\t\t\t\t\t\t\t<a itemprop=\"url\" href=\"http:\/\/myhomecollection.it\/es\/portfolio-category\/mobili-es\/\">Mobili<\/a><\/p>\n<h4 itemprop=\"name\" >\n\t\t\tContainer<br \/>\n\t<\/h4>\n<p>        <a itemprop=\"url\" href=\"http:\/\/myhomecollection.it\/es\/portfolio-item\/container\/\" target=\"_self\" rel=\"noopener\"><\/a><br \/>\n<\/article>\n","protected":false},"excerpt":{"rendered":"<p>Bruno Rainaldi Bruno Rainaldi se form\u00f3 en el campo, comenzando a trabajar en la comunicaci\u00f3n del dise\u00f1o de muebles a una edad muy temprana. Se autodenomin\u00f3 ir\u00f3nicamente \u00abdise\u00f1ador de pavimentos\u00bb y su estilo \u00abca\u00f3ticamente riguroso\u00bb. Dirige el primer High-Tech de [&hellip;]<\/p>\n","protected":false},"author":100,"featured_media":0,"parent":0,"menu_order":0,"comment_status":"closed","ping_status":"closed","template":"full-width.php","meta":[],"yoast_head":"<!-- This site is optimized with the Yoast SEO plugin v18.5.1 - https:\/\/yoast.com\/wordpress\/plugins\/seo\/ -->\n<title>Bruno Rainaldi - My Home<\/title>\n<meta name=\"robots\" content=\"index, follow, max-snippet:-1, max-image-preview:large, max-video-preview:-1\" \/>\n<link rel=\"canonical\" href=\"https:\/\/www.myhomecollection.it\/es\/bruno-rainaldi\/\" \/>\n<meta property=\"og:locale\" content=\"es_ES\" \/>\n<meta property=\"og:type\" content=\"article\" \/>\n<meta property=\"og:title\" content=\"Bruno Rainaldi - My Home\" \/>\n<meta property=\"og:description\" content=\"Bruno Rainaldi Bruno Rainaldi se form\u00f3 en el campo, comenzando a trabajar en la comunicaci\u00f3n del dise\u00f1o de muebles a una edad muy temprana. Se autodenomin\u00f3 ir\u00f3nicamente \u00abdise\u00f1ador de pavimentos\u00bb y su estilo \u00abca\u00f3ticamente riguroso\u00bb. Dirige el primer High-Tech de [&hellip;]\" \/>\n<meta property=\"og:url\" content=\"https:\/\/www.myhomecollection.it\/es\/bruno-rainaldi\/\" \/>\n<meta property=\"og:site_name\" content=\"My Home\" \/>\n<meta property=\"article:modified_time\" content=\"2022-05-02T13:36:04+00:00\" \/>\n<meta property=\"og:image\" content=\"http:\/\/myhomecollection.it\/wp-content\/uploads\/2022\/03\/my_home_header_designer-1.jpg\" \/>\n<meta name=\"twitter:card\" content=\"summary_large_image\" \/>\n<meta name=\"twitter:label1\" content=\"Tiempo de lectura\" \/>\n\t<meta name=\"twitter:data1\" content=\"3 minutos\" \/>\n<script type=\"application\/ld+json\" class=\"yoast-schema-graph\">{\"@context\":\"https:\/\/schema.org\",\"@graph\":[{\"@type\":\"WebSite\",\"@id\":\"https:\/\/www.myhomecollection.it\/#website\",\"url\":\"https:\/\/www.myhomecollection.it\/\",\"name\":\"My Home\",\"description\":\"Elementi d\u2019arredo per uno stile esclusivo\",\"potentialAction\":[{\"@type\":\"SearchAction\",\"target\":{\"@type\":\"EntryPoint\",\"urlTemplate\":\"https:\/\/www.myhomecollection.it\/?s={search_term_string}\"},\"query-input\":\"required name=search_term_string\"}],\"inLanguage\":\"es\"},{\"@type\":\"ImageObject\",\"@id\":\"https:\/\/www.myhomecollection.it\/es\/bruno-rainaldi\/#primaryimage\",\"inLanguage\":\"es\",\"url\":\"http:\/\/myhomecollection.it\/wp-content\/uploads\/2022\/03\/my_home_header_designer-1.jpg\",\"contentUrl\":\"http:\/\/myhomecollection.it\/wp-content\/uploads\/2022\/03\/my_home_header_designer-1.jpg\"},{\"@type\":\"WebPage\",\"@id\":\"https:\/\/www.myhomecollection.it\/es\/bruno-rainaldi\/#webpage\",\"url\":\"https:\/\/www.myhomecollection.it\/es\/bruno-rainaldi\/\",\"name\":\"Bruno Rainaldi - My Home\",\"isPartOf\":{\"@id\":\"https:\/\/www.myhomecollection.it\/#website\"},\"primaryImageOfPage\":{\"@id\":\"https:\/\/www.myhomecollection.it\/es\/bruno-rainaldi\/#primaryimage\"},\"datePublished\":\"2022-03-23T10:07:05+00:00\",\"dateModified\":\"2022-05-02T13:36:04+00:00\",\"breadcrumb\":{\"@id\":\"https:\/\/www.myhomecollection.it\/es\/bruno-rainaldi\/#breadcrumb\"},\"inLanguage\":\"es\",\"potentialAction\":[{\"@type\":\"ReadAction\",\"target\":[\"https:\/\/www.myhomecollection.it\/es\/bruno-rainaldi\/\"]}]},{\"@type\":\"BreadcrumbList\",\"@id\":\"https:\/\/www.myhomecollection.it\/es\/bruno-rainaldi\/#breadcrumb\",\"itemListElement\":[{\"@type\":\"ListItem\",\"position\":1,\"name\":\"Home\",\"item\":\"https:\/\/www.myhomecollection.it\/\"},{\"@type\":\"ListItem\",\"position\":2,\"name\":\"Bruno Rainaldi\"}]}]}<\/script>\n<!-- \/ Yoast SEO plugin. -->","yoast_head_json":{"title":"Bruno Rainaldi - My Home","robots":{"index":"index","follow":"follow","max-snippet":"max-snippet:-1","max-image-preview":"max-image-preview:large","max-video-preview":"max-video-preview:-1"},"canonical":"https:\/\/www.myhomecollection.it\/es\/bruno-rainaldi\/","og_locale":"es_ES","og_type":"article","og_title":"Bruno Rainaldi - My Home","og_description":"Bruno Rainaldi Bruno Rainaldi se form\u00f3 en el campo, comenzando a trabajar en la comunicaci\u00f3n del dise\u00f1o de muebles a una edad muy temprana. Se autodenomin\u00f3 ir\u00f3nicamente \u00abdise\u00f1ador de pavimentos\u00bb y su estilo \u00abca\u00f3ticamente riguroso\u00bb. Dirige el primer High-Tech de [&hellip;]","og_url":"https:\/\/www.myhomecollection.it\/es\/bruno-rainaldi\/","og_site_name":"My Home","article_modified_time":"2022-05-02T13:36:04+00:00","og_image":[{"url":"http:\/\/myhomecollection.it\/wp-content\/uploads\/2022\/03\/my_home_header_designer-1.jpg"}],"twitter_card":"summary_large_image","twitter_misc":{"Tiempo de lectura":"3 minutos"},"schema":{"@context":"https:\/\/schema.org","@graph":[{"@type":"WebSite","@id":"https:\/\/www.myhomecollection.it\/#website","url":"https:\/\/www.myhomecollection.it\/","name":"My Home","description":"Elementi d\u2019arredo per uno stile esclusivo","potentialAction":[{"@type":"SearchAction","target":{"@type":"EntryPoint","urlTemplate":"https:\/\/www.myhomecollection.it\/?s={search_term_string}"},"query-input":"required name=search_term_string"}],"inLanguage":"es"},{"@type":"ImageObject","@id":"https:\/\/www.myhomecollection.it\/es\/bruno-rainaldi\/#primaryimage","inLanguage":"es","url":"http:\/\/myhomecollection.it\/wp-content\/uploads\/2022\/03\/my_home_header_designer-1.jpg","contentUrl":"http:\/\/myhomecollection.it\/wp-content\/uploads\/2022\/03\/my_home_header_designer-1.jpg"},{"@type":"WebPage","@id":"https:\/\/www.myhomecollection.it\/es\/bruno-rainaldi\/#webpage","url":"https:\/\/www.myhomecollection.it\/es\/bruno-rainaldi\/","name":"Bruno Rainaldi - My Home","isPartOf":{"@id":"https:\/\/www.myhomecollection.it\/#website"},"primaryImageOfPage":{"@id":"https:\/\/www.myhomecollection.it\/es\/bruno-rainaldi\/#primaryimage"},"datePublished":"2022-03-23T10:07:05+00:00","dateModified":"2022-05-02T13:36:04+00:00","breadcrumb":{"@id":"https:\/\/www.myhomecollection.it\/es\/bruno-rainaldi\/#breadcrumb"},"inLanguage":"es","potentialAction":[{"@type":"ReadAction","target":["https:\/\/www.myhomecollection.it\/es\/bruno-rainaldi\/"]}]},{"@type":"BreadcrumbList","@id":"https:\/\/www.myhomecollection.it\/es\/bruno-rainaldi\/#breadcrumb","itemListElement":[{"@type":"ListItem","position":1,"name":"Home","item":"https:\/\/www.myhomecollection.it\/"},{"@type":"ListItem","position":2,"name":"Bruno Rainaldi"}]}]}},"_links":{"self":[{"href":"https:\/\/www.myhomecollection.it\/es\/wp-json\/wp\/v2\/pages\/18500"}],"collection":[{"href":"https:\/\/www.myhomecollection.it\/es\/wp-json\/wp\/v2\/pages"}],"about":[{"href":"https:\/\/www.myhomecollection.it\/es\/wp-json\/wp\/v2\/types\/page"}],"author":[{"embeddable":true,"href":"https:\/\/www.myhomecollection.it\/es\/wp-json\/wp\/v2\/users\/100"}],"replies":[{"embeddable":true,"href":"https:\/\/www.myhomecollection.it\/es\/wp-json\/wp\/v2\/comments?post=18500"}],"version-history":[{"count":0,"href":"https:\/\/www.myhomecollection.it\/es\/wp-json\/wp\/v2\/pages\/18500\/revisions"}],"wp:attachment":[{"href":"https:\/\/www.myhomecollection.it\/es\/wp-json\/wp\/v2\/media?parent=18500"}],"curies":[{"name":"wp","href":"https:\/\/api.w.org\/{rel}","templated":true}]}}