{"id":18512,"date":"2022-03-23T11:24:53","date_gmt":"2022-03-23T10:24:53","guid":{"rendered":"http:\/\/myhomecollection.it\/enrico-cesana\/"},"modified":"2022-05-02T15:37:55","modified_gmt":"2022-05-02T13:37:55","slug":"enrico-cesana","status":"publish","type":"page","link":"https:\/\/www.myhomecollection.it\/es\/enrico-cesana\/","title":{"rendered":"Enrico Cesana"},"content":{"rendered":"<p><img width=\"1920\" height=\"500\" src=\"http:\/\/myhomecollection.it\/wp-content\/uploads\/2022\/03\/my_home_header_designer-1.jpg\" alt=\"\" loading=\"lazy\" srcset=\"http:\/\/myhomecollection.it\/wp-content\/uploads\/2022\/03\/my_home_header_designer-1.jpg 1920w, http:\/\/myhomecollection.it\/wp-content\/uploads\/2022\/03\/my_home_header_designer-1-300x78.jpg 300w, http:\/\/myhomecollection.it\/wp-content\/uploads\/2022\/03\/my_home_header_designer-1-1024x267.jpg 1024w, http:\/\/myhomecollection.it\/wp-content\/uploads\/2022\/03\/my_home_header_designer-1-768x200.jpg 768w, http:\/\/myhomecollection.it\/wp-content\/uploads\/2022\/03\/my_home_header_designer-1-1536x400.jpg 1536w\" sizes=\"(max-width: 1920px) 100vw, 1920px\" \/>\t\t\t\t\t\t\t\t\t\t\t\t\t\t\t<\/p>\n<h1 style=\"line-height: 70px\" data-item-class=\"eltdf-cf-1100\" data-line-height-680=\"55px\">\n\tEnrico Cesana<\/h1>\n<p>\t\tEnrico Cesana naci\u00f3 en 1970. Asisti\u00f3 a la facultad de arquitectura del Polit\u00e9cnico de Mil\u00e1n donde se gradu\u00f3 en 1997. De 1998 a 2004, dos felices experiencias profesionales lo llevaron a ocuparse del dise\u00f1o industrial y de interiores y a profundizar en diferentes m\u00e9todos y enfoques de dise\u00f1o.<br \/>\nEn 2005 abri\u00f3 su propio estudio en Lissone (MB), dedicado al dise\u00f1o industrial, la arquitectura y la comunicaci\u00f3n; firma m\u00e1s de 100 productos para importantes empresas italianas.<br \/>\nDise\u00f1ador polifac\u00e9tico y prol\u00edfico, le encanta describirse a s\u00ed mismo como un \u201cdise\u00f1ador al servicio de las empresas\u201d.<br \/>\n                                    <img width=\"1500\" height=\"1500\" src=\"http:\/\/myhomecollection.it\/wp-content\/uploads\/2022\/03\/Enrico-Cesana.jpg\" alt=\"\" loading=\"lazy\" srcset=\"http:\/\/myhomecollection.it\/wp-content\/uploads\/2022\/03\/Enrico-Cesana.jpg 1500w, http:\/\/myhomecollection.it\/wp-content\/uploads\/2022\/03\/Enrico-Cesana-300x300.jpg 300w, http:\/\/myhomecollection.it\/wp-content\/uploads\/2022\/03\/Enrico-Cesana-1024x1024.jpg 1024w, http:\/\/myhomecollection.it\/wp-content\/uploads\/2022\/03\/Enrico-Cesana-150x150.jpg 150w, http:\/\/myhomecollection.it\/wp-content\/uploads\/2022\/03\/Enrico-Cesana-768x768.jpg 768w, http:\/\/myhomecollection.it\/wp-content\/uploads\/2022\/03\/Enrico-Cesana-650x650.jpg 650w, http:\/\/myhomecollection.it\/wp-content\/uploads\/2022\/03\/Enrico-Cesana-1300x1300.jpg 1300w\" sizes=\"(max-width: 1500px) 100vw, 1500px\" \/>                        <\/p>\n<h1 style=\"line-height: 70px\" data-item-class=\"eltdf-cf-4425\" data-line-height-680=\"55px\">\n\tProductos dise\u00f1ados<\/h1>\n<article>\n\t<img width=\"1300\" height=\"650\" src=\"http:\/\/myhomecollection.it\/wp-content\/uploads\/2022\/03\/Bepop.jpg\" alt=\"\" loading=\"lazy\" srcset=\"http:\/\/myhomecollection.it\/wp-content\/uploads\/2022\/03\/Bepop.jpg 1300w, http:\/\/myhomecollection.it\/wp-content\/uploads\/2022\/03\/Bepop-300x150.jpg 300w, http:\/\/myhomecollection.it\/wp-content\/uploads\/2022\/03\/Bepop-1024x512.jpg 1024w, http:\/\/myhomecollection.it\/wp-content\/uploads\/2022\/03\/Bepop-768x384.jpg 768w\" sizes=\"(max-width: 1300px) 100vw, 1300px\" \/><br \/>\n\t\t\t\t\t\t\t<a itemprop=\"url\" href=\"http:\/\/myhomecollection.it\/es\/portfolio-category\/tavoli-scrivanie-es\/\">Tavoli &amp; Scrivanie<\/a><\/p>\n<h4 itemprop=\"name\" >\n\t\t\tBebop<br \/>\n\t<\/h4>\n<p>        <a itemprop=\"url\" href=\"http:\/\/myhomecollection.it\/es\/portfolio-item\/bebop-table\/\" target=\"_self\" rel=\"noopener\"><\/a><br \/>\n<\/article>\n<article>\n\t<img width=\"1300\" height=\"650\" src=\"http:\/\/myhomecollection.it\/wp-content\/uploads\/2022\/03\/Ego-1.jpg\" alt=\"\" loading=\"lazy\" srcset=\"http:\/\/myhomecollection.it\/wp-content\/uploads\/2022\/03\/Ego-1.jpg 1300w, http:\/\/myhomecollection.it\/wp-content\/uploads\/2022\/03\/Ego-1-300x150.jpg 300w, http:\/\/myhomecollection.it\/wp-content\/uploads\/2022\/03\/Ego-1-1024x512.jpg 1024w, http:\/\/myhomecollection.it\/wp-content\/uploads\/2022\/03\/Ego-1-768x384.jpg 768w\" sizes=\"(max-width: 1300px) 100vw, 1300px\" \/><br \/>\n\t\t\t\t\t\t\t<a itemprop=\"url\" href=\"http:\/\/myhomecollection.it\/es\/portfolio-category\/panche-pouf-es\/\">Panche &amp; Pouf<\/a><\/p>\n<h4 itemprop=\"name\" >\n\t\t\tEgo<br \/>\n\t<\/h4>\n<p>        <a itemprop=\"url\" href=\"http:\/\/myhomecollection.it\/es\/portfolio-item\/ego-bench\/\" target=\"_self\" rel=\"noopener\"><\/a><br \/>\n<\/article>\n<article>\n\t<img width=\"1600\" height=\"850\" src=\"http:\/\/myhomecollection.it\/wp-content\/uploads\/2022\/03\/Knit.jpg\" alt=\"\" loading=\"lazy\" srcset=\"http:\/\/myhomecollection.it\/wp-content\/uploads\/2022\/03\/Knit.jpg 1600w, http:\/\/myhomecollection.it\/wp-content\/uploads\/2022\/03\/Knit-300x159.jpg 300w, http:\/\/myhomecollection.it\/wp-content\/uploads\/2022\/03\/Knit-1024x544.jpg 1024w, http:\/\/myhomecollection.it\/wp-content\/uploads\/2022\/03\/Knit-768x408.jpg 768w, http:\/\/myhomecollection.it\/wp-content\/uploads\/2022\/03\/Knit-1536x816.jpg 1536w\" sizes=\"(max-width: 1600px) 100vw, 1600px\" \/><br \/>\n\t\t\t\t\t\t\t<a itemprop=\"url\" href=\"http:\/\/myhomecollection.it\/es\/portfolio-category\/divani-es\/\">Divani<\/a><\/p>\n<h4 itemprop=\"name\" >\n\t\t\tKnit<br \/>\n\t<\/h4>\n<p>        <a itemprop=\"url\" href=\"http:\/\/myhomecollection.it\/es\/portfolio-item\/knit-sofa\/\" target=\"_self\" rel=\"noopener\"><\/a><br \/>\n<\/article>\n<article>\n\t<img width=\"1300\" height=\"650\" src=\"http:\/\/myhomecollection.it\/wp-content\/uploads\/2022\/03\/Marrakech-1.jpg\" alt=\"\" loading=\"lazy\" srcset=\"http:\/\/myhomecollection.it\/wp-content\/uploads\/2022\/03\/Marrakech-1.jpg 1300w, http:\/\/myhomecollection.it\/wp-content\/uploads\/2022\/03\/Marrakech-1-300x150.jpg 300w, http:\/\/myhomecollection.it\/wp-content\/uploads\/2022\/03\/Marrakech-1-1024x512.jpg 1024w, http:\/\/myhomecollection.it\/wp-content\/uploads\/2022\/03\/Marrakech-1-768x384.jpg 768w\" sizes=\"(max-width: 1300px) 100vw, 1300px\" \/><br \/>\n\t\t\t\t\t\t\t<a itemprop=\"url\" href=\"http:\/\/myhomecollection.it\/es\/portfolio-category\/panche-pouf-es\/\">Panche &amp; Pouf<\/a><\/p>\n<h4 itemprop=\"name\" >\n\t\t\tMarrakech<br \/>\n\t<\/h4>\n<p>        <a itemprop=\"url\" href=\"http:\/\/myhomecollection.it\/es\/portfolio-item\/marrakech-pouf\/\" target=\"_self\" rel=\"noopener\"><\/a><br \/>\n<\/article>\n<article>\n\t<img width=\"1300\" height=\"650\" src=\"http:\/\/myhomecollection.it\/wp-content\/uploads\/2022\/03\/Sleepway.jpg\" alt=\"\" loading=\"lazy\" srcset=\"http:\/\/myhomecollection.it\/wp-content\/uploads\/2022\/03\/Sleepway.jpg 1300w, http:\/\/myhomecollection.it\/wp-content\/uploads\/2022\/03\/Sleepway-300x150.jpg 300w, http:\/\/myhomecollection.it\/wp-content\/uploads\/2022\/03\/Sleepway-1024x512.jpg 1024w, http:\/\/myhomecollection.it\/wp-content\/uploads\/2022\/03\/Sleepway-768x384.jpg 768w\" sizes=\"(max-width: 1300px) 100vw, 1300px\" \/><br \/>\n\t\t\t\t\t\t\t<a itemprop=\"url\" href=\"http:\/\/myhomecollection.it\/es\/portfolio-category\/letti-es\/\">Letti<\/a><\/p>\n<h4 itemprop=\"name\" >\n\t\t\tSleepway<br \/>\n\t<\/h4>\n<p>        <a itemprop=\"url\" href=\"http:\/\/myhomecollection.it\/es\/portfolio-item\/sleepway-bed\/\" target=\"_self\" rel=\"noopener\"><\/a><br \/>\n<\/article>\n<article>\n\t<img width=\"1300\" height=\"650\" src=\"http:\/\/myhomecollection.it\/wp-content\/uploads\/2022\/03\/Softly.jpg\" alt=\"\" loading=\"lazy\" srcset=\"http:\/\/myhomecollection.it\/wp-content\/uploads\/2022\/03\/Softly.jpg 1300w, http:\/\/myhomecollection.it\/wp-content\/uploads\/2022\/03\/Softly-300x150.jpg 300w, http:\/\/myhomecollection.it\/wp-content\/uploads\/2022\/03\/Softly-1024x512.jpg 1024w, http:\/\/myhomecollection.it\/wp-content\/uploads\/2022\/03\/Softly-768x384.jpg 768w\" sizes=\"(max-width: 1300px) 100vw, 1300px\" \/><br \/>\n\t\t\t\t\t\t\t<a itemprop=\"url\" href=\"http:\/\/myhomecollection.it\/es\/portfolio-category\/divani-es\/\">Divani<\/a><\/p>\n<h4 itemprop=\"name\" >\n\t\t\tSoftly<br \/>\n\t<\/h4>\n<p>        <a itemprop=\"url\" href=\"http:\/\/myhomecollection.it\/es\/portfolio-item\/softly-sofa\/\" target=\"_self\" rel=\"noopener\"><\/a><br \/>\n<\/article>\n<article>\n\t<img width=\"1300\" height=\"650\" src=\"http:\/\/myhomecollection.it\/wp-content\/uploads\/2022\/03\/SoftlyOne.jpg\" alt=\"\" loading=\"lazy\" srcset=\"http:\/\/myhomecollection.it\/wp-content\/uploads\/2022\/03\/SoftlyOne.jpg 1300w, http:\/\/myhomecollection.it\/wp-content\/uploads\/2022\/03\/SoftlyOne-300x150.jpg 300w, http:\/\/myhomecollection.it\/wp-content\/uploads\/2022\/03\/SoftlyOne-1024x512.jpg 1024w, http:\/\/myhomecollection.it\/wp-content\/uploads\/2022\/03\/SoftlyOne-768x384.jpg 768w\" sizes=\"(max-width: 1300px) 100vw, 1300px\" \/><br \/>\n\t\t\t\t\t\t\t<a itemprop=\"url\" href=\"http:\/\/myhomecollection.it\/es\/portfolio-category\/divani-es\/\">Divani<\/a><\/p>\n<h4 itemprop=\"name\" >\n\t\t\tSoftly One<br \/>\n\t<\/h4>\n<p>        <a itemprop=\"url\" href=\"http:\/\/myhomecollection.it\/es\/portfolio-item\/softly-one-sofa\/\" target=\"_self\" rel=\"noopener\"><\/a><br \/>\n<\/article>\n","protected":false},"excerpt":{"rendered":"<p>Enrico Cesana Enrico Cesana naci\u00f3 en 1970. Asisti\u00f3 a la facultad de arquitectura del Polit\u00e9cnico de Mil\u00e1n donde se gradu\u00f3 en 1997. De 1998 a 2004, dos felices experiencias profesionales lo llevaron a ocuparse del dise\u00f1o industrial y de interiores [&hellip;]<\/p>\n","protected":false},"author":100,"featured_media":0,"parent":0,"menu_order":0,"comment_status":"closed","ping_status":"closed","template":"full-width.php","meta":[],"yoast_head":"<!-- This site is optimized with the Yoast SEO plugin v18.5.1 - https:\/\/yoast.com\/wordpress\/plugins\/seo\/ -->\n<title>Enrico Cesana - My Home<\/title>\n<meta name=\"robots\" content=\"index, follow, max-snippet:-1, max-image-preview:large, max-video-preview:-1\" \/>\n<link rel=\"canonical\" href=\"https:\/\/www.myhomecollection.it\/es\/enrico-cesana\/\" \/>\n<meta property=\"og:locale\" content=\"es_ES\" \/>\n<meta property=\"og:type\" content=\"article\" \/>\n<meta property=\"og:title\" content=\"Enrico Cesana - My Home\" \/>\n<meta property=\"og:description\" content=\"Enrico Cesana Enrico Cesana naci\u00f3 en 1970. Asisti\u00f3 a la facultad de arquitectura del Polit\u00e9cnico de Mil\u00e1n donde se gradu\u00f3 en 1997. De 1998 a 2004, dos felices experiencias profesionales lo llevaron a ocuparse del dise\u00f1o industrial y de interiores [&hellip;]\" \/>\n<meta property=\"og:url\" content=\"https:\/\/www.myhomecollection.it\/es\/enrico-cesana\/\" \/>\n<meta property=\"og:site_name\" content=\"My Home\" \/>\n<meta property=\"article:modified_time\" content=\"2022-05-02T13:37:55+00:00\" \/>\n<meta property=\"og:image\" content=\"http:\/\/myhomecollection.it\/wp-content\/uploads\/2022\/03\/my_home_header_designer-1.jpg\" \/>\n<meta name=\"twitter:card\" content=\"summary_large_image\" \/>\n<meta name=\"twitter:label1\" content=\"Tiempo de lectura\" \/>\n\t<meta name=\"twitter:data1\" content=\"5 minutos\" \/>\n<script type=\"application\/ld+json\" class=\"yoast-schema-graph\">{\"@context\":\"https:\/\/schema.org\",\"@graph\":[{\"@type\":\"WebSite\",\"@id\":\"https:\/\/www.myhomecollection.it\/#website\",\"url\":\"https:\/\/www.myhomecollection.it\/\",\"name\":\"My Home\",\"description\":\"Elementi d\u2019arredo per uno stile esclusivo\",\"potentialAction\":[{\"@type\":\"SearchAction\",\"target\":{\"@type\":\"EntryPoint\",\"urlTemplate\":\"https:\/\/www.myhomecollection.it\/?s={search_term_string}\"},\"query-input\":\"required name=search_term_string\"}],\"inLanguage\":\"es\"},{\"@type\":\"ImageObject\",\"@id\":\"https:\/\/www.myhomecollection.it\/es\/enrico-cesana\/#primaryimage\",\"inLanguage\":\"es\",\"url\":\"http:\/\/myhomecollection.it\/wp-content\/uploads\/2022\/03\/my_home_header_designer-1.jpg\",\"contentUrl\":\"http:\/\/myhomecollection.it\/wp-content\/uploads\/2022\/03\/my_home_header_designer-1.jpg\"},{\"@type\":\"WebPage\",\"@id\":\"https:\/\/www.myhomecollection.it\/es\/enrico-cesana\/#webpage\",\"url\":\"https:\/\/www.myhomecollection.it\/es\/enrico-cesana\/\",\"name\":\"Enrico Cesana - My Home\",\"isPartOf\":{\"@id\":\"https:\/\/www.myhomecollection.it\/#website\"},\"primaryImageOfPage\":{\"@id\":\"https:\/\/www.myhomecollection.it\/es\/enrico-cesana\/#primaryimage\"},\"datePublished\":\"2022-03-23T10:24:53+00:00\",\"dateModified\":\"2022-05-02T13:37:55+00:00\",\"breadcrumb\":{\"@id\":\"https:\/\/www.myhomecollection.it\/es\/enrico-cesana\/#breadcrumb\"},\"inLanguage\":\"es\",\"potentialAction\":[{\"@type\":\"ReadAction\",\"target\":[\"https:\/\/www.myhomecollection.it\/es\/enrico-cesana\/\"]}]},{\"@type\":\"BreadcrumbList\",\"@id\":\"https:\/\/www.myhomecollection.it\/es\/enrico-cesana\/#breadcrumb\",\"itemListElement\":[{\"@type\":\"ListItem\",\"position\":1,\"name\":\"Home\",\"item\":\"https:\/\/www.myhomecollection.it\/\"},{\"@type\":\"ListItem\",\"position\":2,\"name\":\"Enrico Cesana\"}]}]}<\/script>\n<!-- \/ Yoast SEO plugin. -->","yoast_head_json":{"title":"Enrico Cesana - My Home","robots":{"index":"index","follow":"follow","max-snippet":"max-snippet:-1","max-image-preview":"max-image-preview:large","max-video-preview":"max-video-preview:-1"},"canonical":"https:\/\/www.myhomecollection.it\/es\/enrico-cesana\/","og_locale":"es_ES","og_type":"article","og_title":"Enrico Cesana - My Home","og_description":"Enrico Cesana Enrico Cesana naci\u00f3 en 1970. Asisti\u00f3 a la facultad de arquitectura del Polit\u00e9cnico de Mil\u00e1n donde se gradu\u00f3 en 1997. De 1998 a 2004, dos felices experiencias profesionales lo llevaron a ocuparse del dise\u00f1o industrial y de interiores [&hellip;]","og_url":"https:\/\/www.myhomecollection.it\/es\/enrico-cesana\/","og_site_name":"My Home","article_modified_time":"2022-05-02T13:37:55+00:00","og_image":[{"url":"http:\/\/myhomecollection.it\/wp-content\/uploads\/2022\/03\/my_home_header_designer-1.jpg"}],"twitter_card":"summary_large_image","twitter_misc":{"Tiempo de lectura":"5 minutos"},"schema":{"@context":"https:\/\/schema.org","@graph":[{"@type":"WebSite","@id":"https:\/\/www.myhomecollection.it\/#website","url":"https:\/\/www.myhomecollection.it\/","name":"My Home","description":"Elementi d\u2019arredo per uno stile esclusivo","potentialAction":[{"@type":"SearchAction","target":{"@type":"EntryPoint","urlTemplate":"https:\/\/www.myhomecollection.it\/?s={search_term_string}"},"query-input":"required name=search_term_string"}],"inLanguage":"es"},{"@type":"ImageObject","@id":"https:\/\/www.myhomecollection.it\/es\/enrico-cesana\/#primaryimage","inLanguage":"es","url":"http:\/\/myhomecollection.it\/wp-content\/uploads\/2022\/03\/my_home_header_designer-1.jpg","contentUrl":"http:\/\/myhomecollection.it\/wp-content\/uploads\/2022\/03\/my_home_header_designer-1.jpg"},{"@type":"WebPage","@id":"https:\/\/www.myhomecollection.it\/es\/enrico-cesana\/#webpage","url":"https:\/\/www.myhomecollection.it\/es\/enrico-cesana\/","name":"Enrico Cesana - My Home","isPartOf":{"@id":"https:\/\/www.myhomecollection.it\/#website"},"primaryImageOfPage":{"@id":"https:\/\/www.myhomecollection.it\/es\/enrico-cesana\/#primaryimage"},"datePublished":"2022-03-23T10:24:53+00:00","dateModified":"2022-05-02T13:37:55+00:00","breadcrumb":{"@id":"https:\/\/www.myhomecollection.it\/es\/enrico-cesana\/#breadcrumb"},"inLanguage":"es","potentialAction":[{"@type":"ReadAction","target":["https:\/\/www.myhomecollection.it\/es\/enrico-cesana\/"]}]},{"@type":"BreadcrumbList","@id":"https:\/\/www.myhomecollection.it\/es\/enrico-cesana\/#breadcrumb","itemListElement":[{"@type":"ListItem","position":1,"name":"Home","item":"https:\/\/www.myhomecollection.it\/"},{"@type":"ListItem","position":2,"name":"Enrico Cesana"}]}]}},"_links":{"self":[{"href":"https:\/\/www.myhomecollection.it\/es\/wp-json\/wp\/v2\/pages\/18512"}],"collection":[{"href":"https:\/\/www.myhomecollection.it\/es\/wp-json\/wp\/v2\/pages"}],"about":[{"href":"https:\/\/www.myhomecollection.it\/es\/wp-json\/wp\/v2\/types\/page"}],"author":[{"embeddable":true,"href":"https:\/\/www.myhomecollection.it\/es\/wp-json\/wp\/v2\/users\/100"}],"replies":[{"embeddable":true,"href":"https:\/\/www.myhomecollection.it\/es\/wp-json\/wp\/v2\/comments?post=18512"}],"version-history":[{"count":0,"href":"https:\/\/www.myhomecollection.it\/es\/wp-json\/wp\/v2\/pages\/18512\/revisions"}],"wp:attachment":[{"href":"https:\/\/www.myhomecollection.it\/es\/wp-json\/wp\/v2\/media?parent=18512"}],"curies":[{"name":"wp","href":"https:\/\/api.w.org\/{rel}","templated":true}]}}