{"id":18521,"date":"2022-03-23T11:42:28","date_gmt":"2022-03-23T10:42:28","guid":{"rendered":"http:\/\/myhomecollection.it\/massimiliano-di-domenico\/"},"modified":"2022-05-02T15:34:35","modified_gmt":"2022-05-02T13:34:35","slug":"massimiliano-di-domenico","status":"publish","type":"page","link":"https:\/\/www.myhomecollection.it\/es\/massimiliano-di-domenico\/","title":{"rendered":"Massimiliano Di Domenico"},"content":{"rendered":"<p><img width=\"1920\" height=\"500\" src=\"http:\/\/myhomecollection.it\/wp-content\/uploads\/2022\/03\/my_home_header_designer-1.jpg\" alt=\"\" loading=\"lazy\" srcset=\"http:\/\/myhomecollection.it\/wp-content\/uploads\/2022\/03\/my_home_header_designer-1.jpg 1920w, http:\/\/myhomecollection.it\/wp-content\/uploads\/2022\/03\/my_home_header_designer-1-300x78.jpg 300w, http:\/\/myhomecollection.it\/wp-content\/uploads\/2022\/03\/my_home_header_designer-1-1024x267.jpg 1024w, http:\/\/myhomecollection.it\/wp-content\/uploads\/2022\/03\/my_home_header_designer-1-768x200.jpg 768w, http:\/\/myhomecollection.it\/wp-content\/uploads\/2022\/03\/my_home_header_designer-1-1536x400.jpg 1536w\" sizes=\"(max-width: 1920px) 100vw, 1920px\" \/>\t\t\t\t\t\t\t\t\t\t\t\t\t\t\t<\/p>\n<h1 style=\"line-height: 70px\" data-item-class=\"eltdf-cf-4422\" data-line-height-680=\"55px\">\n\tMassimiliano Di Domenico<\/h1>\n<p>\t\tMassimiliano Di Domenico naci\u00f3 en 1987. Asisti\u00f3 al curso de dise\u00f1o industrial del Instituto Europeo de Dise\u00f1o de Mil\u00e1n.<br \/>\nPoco despu\u00e9s trabaj\u00f3 en varios estudios de dise\u00f1o en Mil\u00e1n y luego en 2009, se incorpor\u00f3 a un estudio de Brianza, donde pudo conocer la aut\u00e9ntica realidad productiva que hay detr\u00e1s de cada producto. Se define como una persona curiosa y atenta a las tendencias, sin olvidar lo que le han ense\u00f1ado los grandes maestros; le atrae el dise\u00f1o funcional sin descuidar el lado po\u00e9tico de los proyectos.<br \/>\n                                    <img width=\"1500\" height=\"1500\" src=\"http:\/\/myhomecollection.it\/wp-content\/uploads\/2022\/03\/Massimiliano-Di-Domenico.jpg\" alt=\"\" loading=\"lazy\" srcset=\"http:\/\/myhomecollection.it\/wp-content\/uploads\/2022\/03\/Massimiliano-Di-Domenico.jpg 1500w, http:\/\/myhomecollection.it\/wp-content\/uploads\/2022\/03\/Massimiliano-Di-Domenico-300x300.jpg 300w, http:\/\/myhomecollection.it\/wp-content\/uploads\/2022\/03\/Massimiliano-Di-Domenico-1024x1024.jpg 1024w, http:\/\/myhomecollection.it\/wp-content\/uploads\/2022\/03\/Massimiliano-Di-Domenico-150x150.jpg 150w, http:\/\/myhomecollection.it\/wp-content\/uploads\/2022\/03\/Massimiliano-Di-Domenico-768x768.jpg 768w, http:\/\/myhomecollection.it\/wp-content\/uploads\/2022\/03\/Massimiliano-Di-Domenico-650x650.jpg 650w, http:\/\/myhomecollection.it\/wp-content\/uploads\/2022\/03\/Massimiliano-Di-Domenico-1300x1300.jpg 1300w\" sizes=\"(max-width: 1500px) 100vw, 1500px\" \/>                        <\/p>\n<h1 style=\"line-height: 70px\" data-item-class=\"eltdf-cf-9635\" data-line-height-680=\"55px\">\n\tProductos dise\u00f1ados<\/h1>\n<article>\n\t<img width=\"1300\" height=\"650\" src=\"http:\/\/myhomecollection.it\/wp-content\/uploads\/2022\/03\/Face-1.jpg\" alt=\"\" loading=\"lazy\" srcset=\"http:\/\/myhomecollection.it\/wp-content\/uploads\/2022\/03\/Face-1.jpg 1300w, http:\/\/myhomecollection.it\/wp-content\/uploads\/2022\/03\/Face-1-300x150.jpg 300w, http:\/\/myhomecollection.it\/wp-content\/uploads\/2022\/03\/Face-1-1024x512.jpg 1024w, http:\/\/myhomecollection.it\/wp-content\/uploads\/2022\/03\/Face-1-768x384.jpg 768w\" sizes=\"(max-width: 1300px) 100vw, 1300px\" \/><br \/>\n\t\t\t\t\t\t\t<a itemprop=\"url\" href=\"http:\/\/myhomecollection.it\/es\/portfolio-category\/letti-es\/\">Letti<\/a><\/p>\n<h4 itemprop=\"name\" >\n\t\t\tFace<br \/>\n\t<\/h4>\n<p>        <a itemprop=\"url\" href=\"http:\/\/myhomecollection.it\/es\/portfolio-item\/face-bed\/\" target=\"_self\" rel=\"noopener\"><\/a><br \/>\n<\/article>\n","protected":false},"excerpt":{"rendered":"<p>Massimiliano Di Domenico Massimiliano Di Domenico naci\u00f3 en 1987. Asisti\u00f3 al curso de dise\u00f1o industrial del Instituto Europeo de Dise\u00f1o de Mil\u00e1n. Poco despu\u00e9s trabaj\u00f3 en varios estudios de dise\u00f1o en Mil\u00e1n y luego en 2009, se incorpor\u00f3 a un [&hellip;]<\/p>\n","protected":false},"author":100,"featured_media":0,"parent":0,"menu_order":0,"comment_status":"closed","ping_status":"closed","template":"full-width.php","meta":[],"yoast_head":"<!-- This site is optimized with the Yoast SEO plugin v18.5.1 - https:\/\/yoast.com\/wordpress\/plugins\/seo\/ -->\n<title>Massimiliano Di Domenico - My Home<\/title>\n<meta name=\"robots\" content=\"index, follow, max-snippet:-1, max-image-preview:large, max-video-preview:-1\" \/>\n<link rel=\"canonical\" href=\"https:\/\/www.myhomecollection.it\/es\/massimiliano-di-domenico\/\" \/>\n<meta property=\"og:locale\" content=\"es_ES\" \/>\n<meta property=\"og:type\" content=\"article\" \/>\n<meta property=\"og:title\" content=\"Massimiliano Di Domenico - My Home\" \/>\n<meta property=\"og:description\" content=\"Massimiliano Di Domenico Massimiliano Di Domenico naci\u00f3 en 1987. Asisti\u00f3 al curso de dise\u00f1o industrial del Instituto Europeo de Dise\u00f1o de Mil\u00e1n. Poco despu\u00e9s trabaj\u00f3 en varios estudios de dise\u00f1o en Mil\u00e1n y luego en 2009, se incorpor\u00f3 a un [&hellip;]\" \/>\n<meta property=\"og:url\" content=\"https:\/\/www.myhomecollection.it\/es\/massimiliano-di-domenico\/\" \/>\n<meta property=\"og:site_name\" content=\"My Home\" \/>\n<meta property=\"article:modified_time\" content=\"2022-05-02T13:34:35+00:00\" \/>\n<meta property=\"og:image\" content=\"http:\/\/myhomecollection.it\/wp-content\/uploads\/2022\/03\/my_home_header_designer-1.jpg\" \/>\n<meta name=\"twitter:card\" content=\"summary_large_image\" \/>\n<meta name=\"twitter:label1\" content=\"Tiempo de lectura\" \/>\n\t<meta name=\"twitter:data1\" content=\"2 minutos\" \/>\n<script type=\"application\/ld+json\" class=\"yoast-schema-graph\">{\"@context\":\"https:\/\/schema.org\",\"@graph\":[{\"@type\":\"WebSite\",\"@id\":\"https:\/\/www.myhomecollection.it\/#website\",\"url\":\"https:\/\/www.myhomecollection.it\/\",\"name\":\"My Home\",\"description\":\"Elementi d\u2019arredo per uno stile esclusivo\",\"potentialAction\":[{\"@type\":\"SearchAction\",\"target\":{\"@type\":\"EntryPoint\",\"urlTemplate\":\"https:\/\/www.myhomecollection.it\/?s={search_term_string}\"},\"query-input\":\"required name=search_term_string\"}],\"inLanguage\":\"es\"},{\"@type\":\"ImageObject\",\"@id\":\"https:\/\/www.myhomecollection.it\/es\/massimiliano-di-domenico\/#primaryimage\",\"inLanguage\":\"es\",\"url\":\"http:\/\/myhomecollection.it\/wp-content\/uploads\/2022\/03\/my_home_header_designer-1.jpg\",\"contentUrl\":\"http:\/\/myhomecollection.it\/wp-content\/uploads\/2022\/03\/my_home_header_designer-1.jpg\"},{\"@type\":\"WebPage\",\"@id\":\"https:\/\/www.myhomecollection.it\/es\/massimiliano-di-domenico\/#webpage\",\"url\":\"https:\/\/www.myhomecollection.it\/es\/massimiliano-di-domenico\/\",\"name\":\"Massimiliano Di Domenico - My Home\",\"isPartOf\":{\"@id\":\"https:\/\/www.myhomecollection.it\/#website\"},\"primaryImageOfPage\":{\"@id\":\"https:\/\/www.myhomecollection.it\/es\/massimiliano-di-domenico\/#primaryimage\"},\"datePublished\":\"2022-03-23T10:42:28+00:00\",\"dateModified\":\"2022-05-02T13:34:35+00:00\",\"breadcrumb\":{\"@id\":\"https:\/\/www.myhomecollection.it\/es\/massimiliano-di-domenico\/#breadcrumb\"},\"inLanguage\":\"es\",\"potentialAction\":[{\"@type\":\"ReadAction\",\"target\":[\"https:\/\/www.myhomecollection.it\/es\/massimiliano-di-domenico\/\"]}]},{\"@type\":\"BreadcrumbList\",\"@id\":\"https:\/\/www.myhomecollection.it\/es\/massimiliano-di-domenico\/#breadcrumb\",\"itemListElement\":[{\"@type\":\"ListItem\",\"position\":1,\"name\":\"Home\",\"item\":\"https:\/\/www.myhomecollection.it\/\"},{\"@type\":\"ListItem\",\"position\":2,\"name\":\"Massimiliano Di Domenico\"}]}]}<\/script>\n<!-- \/ Yoast SEO plugin. -->","yoast_head_json":{"title":"Massimiliano Di Domenico - My Home","robots":{"index":"index","follow":"follow","max-snippet":"max-snippet:-1","max-image-preview":"max-image-preview:large","max-video-preview":"max-video-preview:-1"},"canonical":"https:\/\/www.myhomecollection.it\/es\/massimiliano-di-domenico\/","og_locale":"es_ES","og_type":"article","og_title":"Massimiliano Di Domenico - My Home","og_description":"Massimiliano Di Domenico Massimiliano Di Domenico naci\u00f3 en 1987. Asisti\u00f3 al curso de dise\u00f1o industrial del Instituto Europeo de Dise\u00f1o de Mil\u00e1n. Poco despu\u00e9s trabaj\u00f3 en varios estudios de dise\u00f1o en Mil\u00e1n y luego en 2009, se incorpor\u00f3 a un [&hellip;]","og_url":"https:\/\/www.myhomecollection.it\/es\/massimiliano-di-domenico\/","og_site_name":"My Home","article_modified_time":"2022-05-02T13:34:35+00:00","og_image":[{"url":"http:\/\/myhomecollection.it\/wp-content\/uploads\/2022\/03\/my_home_header_designer-1.jpg"}],"twitter_card":"summary_large_image","twitter_misc":{"Tiempo de lectura":"2 minutos"},"schema":{"@context":"https:\/\/schema.org","@graph":[{"@type":"WebSite","@id":"https:\/\/www.myhomecollection.it\/#website","url":"https:\/\/www.myhomecollection.it\/","name":"My Home","description":"Elementi d\u2019arredo per uno stile esclusivo","potentialAction":[{"@type":"SearchAction","target":{"@type":"EntryPoint","urlTemplate":"https:\/\/www.myhomecollection.it\/?s={search_term_string}"},"query-input":"required name=search_term_string"}],"inLanguage":"es"},{"@type":"ImageObject","@id":"https:\/\/www.myhomecollection.it\/es\/massimiliano-di-domenico\/#primaryimage","inLanguage":"es","url":"http:\/\/myhomecollection.it\/wp-content\/uploads\/2022\/03\/my_home_header_designer-1.jpg","contentUrl":"http:\/\/myhomecollection.it\/wp-content\/uploads\/2022\/03\/my_home_header_designer-1.jpg"},{"@type":"WebPage","@id":"https:\/\/www.myhomecollection.it\/es\/massimiliano-di-domenico\/#webpage","url":"https:\/\/www.myhomecollection.it\/es\/massimiliano-di-domenico\/","name":"Massimiliano Di Domenico - My Home","isPartOf":{"@id":"https:\/\/www.myhomecollection.it\/#website"},"primaryImageOfPage":{"@id":"https:\/\/www.myhomecollection.it\/es\/massimiliano-di-domenico\/#primaryimage"},"datePublished":"2022-03-23T10:42:28+00:00","dateModified":"2022-05-02T13:34:35+00:00","breadcrumb":{"@id":"https:\/\/www.myhomecollection.it\/es\/massimiliano-di-domenico\/#breadcrumb"},"inLanguage":"es","potentialAction":[{"@type":"ReadAction","target":["https:\/\/www.myhomecollection.it\/es\/massimiliano-di-domenico\/"]}]},{"@type":"BreadcrumbList","@id":"https:\/\/www.myhomecollection.it\/es\/massimiliano-di-domenico\/#breadcrumb","itemListElement":[{"@type":"ListItem","position":1,"name":"Home","item":"https:\/\/www.myhomecollection.it\/"},{"@type":"ListItem","position":2,"name":"Massimiliano Di Domenico"}]}]}},"_links":{"self":[{"href":"https:\/\/www.myhomecollection.it\/es\/wp-json\/wp\/v2\/pages\/18521"}],"collection":[{"href":"https:\/\/www.myhomecollection.it\/es\/wp-json\/wp\/v2\/pages"}],"about":[{"href":"https:\/\/www.myhomecollection.it\/es\/wp-json\/wp\/v2\/types\/page"}],"author":[{"embeddable":true,"href":"https:\/\/www.myhomecollection.it\/es\/wp-json\/wp\/v2\/users\/100"}],"replies":[{"embeddable":true,"href":"https:\/\/www.myhomecollection.it\/es\/wp-json\/wp\/v2\/comments?post=18521"}],"version-history":[{"count":0,"href":"https:\/\/www.myhomecollection.it\/es\/wp-json\/wp\/v2\/pages\/18521\/revisions"}],"wp:attachment":[{"href":"https:\/\/www.myhomecollection.it\/es\/wp-json\/wp\/v2\/media?parent=18521"}],"curies":[{"name":"wp","href":"https:\/\/api.w.org\/{rel}","templated":true}]}}