{"id":18527,"date":"2018-07-13T12:36:09","date_gmt":"2018-07-13T10:36:09","guid":{"rendered":"http:\/\/myhomecollection.it\/giulio-iacchetti\/"},"modified":"2022-05-02T15:30:06","modified_gmt":"2022-05-02T13:30:06","slug":"giulio-iacchetti","status":"publish","type":"page","link":"https:\/\/www.myhomecollection.it\/es\/giulio-iacchetti\/","title":{"rendered":"Giulio Iacchetti"},"content":{"rendered":"<p><img width=\"1920\" height=\"500\" src=\"http:\/\/myhomecollection.it\/wp-content\/uploads\/2022\/03\/my_home_header_designer-1.jpg\" alt=\"\" loading=\"lazy\" srcset=\"http:\/\/myhomecollection.it\/wp-content\/uploads\/2022\/03\/my_home_header_designer-1.jpg 1920w, http:\/\/myhomecollection.it\/wp-content\/uploads\/2022\/03\/my_home_header_designer-1-300x78.jpg 300w, http:\/\/myhomecollection.it\/wp-content\/uploads\/2022\/03\/my_home_header_designer-1-1024x267.jpg 1024w, http:\/\/myhomecollection.it\/wp-content\/uploads\/2022\/03\/my_home_header_designer-1-768x200.jpg 768w, http:\/\/myhomecollection.it\/wp-content\/uploads\/2022\/03\/my_home_header_designer-1-1536x400.jpg 1536w\" sizes=\"(max-width: 1920px) 100vw, 1920px\" \/>\t\t\t\t\t\t\t\t\t\t\t\t\t\t\t<\/p>\n<h1 style=\"line-height: 70px\" data-item-class=\"eltdf-cf-4174\" data-line-height-680=\"55px\">\n\tGiulio Iacchetti<\/h1>\n<p>\t\tGiulio Iacchetti se dedica al dise\u00f1o industrial desde 1992, trabajando con marcas como Abet Laminati, Alessi, Danese, Casamania, Fontana Arte, Foscarini, Magis, Meritalia y Moleskine. Es el mentor de las exposiciones resultantes de las reflexiones sobre diferentes temas, de proyectos como la cruz del que naci\u00f3 \u00abCruciale\u00bb y el dise\u00f1o de la comida que dio origen a \u00abRazione K, la comida del soldado en acci\u00f3n\u00bb producido por la Trienal de Mil\u00e1n en enero de 2015. Han conseguido varios premios, entre ellos dos Compasso d&#8217;Oro: en 2001, con la cuberter\u00eda multiuso biodegradable \u00abMoscardino\u00bb; y en 2014 con la serie de tapas de alcantarilla Sfera, dise\u00f1adas por Montini. En mayo de 2009, la Trienal de Mil\u00e1n acogi\u00f3 su propia y personal exposici\u00f3n titulada \u201cGiulio Iacchetti. Objetos desobedientes\u201d.<br \/>\n                                    <img width=\"1500\" height=\"1500\" src=\"http:\/\/myhomecollection.it\/wp-content\/uploads\/2022\/03\/Giulio-Iacchetti.jpg\" alt=\"\" loading=\"lazy\" srcset=\"http:\/\/myhomecollection.it\/wp-content\/uploads\/2022\/03\/Giulio-Iacchetti.jpg 1500w, http:\/\/myhomecollection.it\/wp-content\/uploads\/2022\/03\/Giulio-Iacchetti-300x300.jpg 300w, http:\/\/myhomecollection.it\/wp-content\/uploads\/2022\/03\/Giulio-Iacchetti-1024x1024.jpg 1024w, http:\/\/myhomecollection.it\/wp-content\/uploads\/2022\/03\/Giulio-Iacchetti-150x150.jpg 150w, http:\/\/myhomecollection.it\/wp-content\/uploads\/2022\/03\/Giulio-Iacchetti-768x768.jpg 768w, http:\/\/myhomecollection.it\/wp-content\/uploads\/2022\/03\/Giulio-Iacchetti-650x650.jpg 650w, http:\/\/myhomecollection.it\/wp-content\/uploads\/2022\/03\/Giulio-Iacchetti-1300x1300.jpg 1300w\" sizes=\"(max-width: 1500px) 100vw, 1500px\" \/>                        <\/p>\n<h1 style=\"line-height: 70px\" data-item-class=\"eltdf-cf-9905\" data-line-height-680=\"55px\">\n\tProductos dise\u00f1ados<\/h1>\n<article>\n\t<img width=\"1300\" height=\"650\" src=\"http:\/\/myhomecollection.it\/wp-content\/uploads\/2022\/03\/Arcom.jpg\" alt=\"\" loading=\"lazy\" srcset=\"http:\/\/myhomecollection.it\/wp-content\/uploads\/2022\/03\/Arcom.jpg 1300w, http:\/\/myhomecollection.it\/wp-content\/uploads\/2022\/03\/Arcom-300x150.jpg 300w, http:\/\/myhomecollection.it\/wp-content\/uploads\/2022\/03\/Arcom-1024x512.jpg 1024w, http:\/\/myhomecollection.it\/wp-content\/uploads\/2022\/03\/Arcom-768x384.jpg 768w\" sizes=\"(max-width: 1300px) 100vw, 1300px\" \/><br \/>\n\t\t\t\t\t\t\t<a itemprop=\"url\" href=\"http:\/\/myhomecollection.it\/es\/portfolio-category\/comodini-es\/\">Comodini<\/a><\/p>\n<h4 itemprop=\"name\" >\n\t\t\tArcom<br \/>\n\t<\/h4>\n<p>        <a itemprop=\"url\" href=\"http:\/\/myhomecollection.it\/es\/portfolio-item\/arcom-night-table\/\" target=\"_self\" rel=\"noopener\"><\/a><br \/>\n<\/article>\n<article>\n\t<img width=\"1300\" height=\"650\" src=\"http:\/\/myhomecollection.it\/wp-content\/uploads\/2022\/03\/Aronte.jpg\" alt=\"\" loading=\"lazy\" srcset=\"http:\/\/myhomecollection.it\/wp-content\/uploads\/2022\/03\/Aronte.jpg 1300w, http:\/\/myhomecollection.it\/wp-content\/uploads\/2022\/03\/Aronte-300x150.jpg 300w, http:\/\/myhomecollection.it\/wp-content\/uploads\/2022\/03\/Aronte-1024x512.jpg 1024w, http:\/\/myhomecollection.it\/wp-content\/uploads\/2022\/03\/Aronte-768x384.jpg 768w\" sizes=\"(max-width: 1300px) 100vw, 1300px\" \/><br \/>\n\t\t\t\t\t\t\t<a itemprop=\"url\" href=\"http:\/\/myhomecollection.it\/es\/portfolio-category\/tavoli-scrivanie-es\/\">Tavoli &amp; Scrivanie<\/a><\/p>\n<h4 itemprop=\"name\" >\n\t\t\tAronte<br \/>\n\t<\/h4>\n<p>        <a itemprop=\"url\" href=\"http:\/\/myhomecollection.it\/es\/portfolio-item\/aronte-table\/\" target=\"_self\" rel=\"noopener\"><\/a><br \/>\n<\/article>\n","protected":false},"excerpt":{"rendered":"<p>Giulio Iacchetti Giulio Iacchetti se dedica al dise\u00f1o industrial desde 1992, trabajando con marcas como Abet Laminati, Alessi, Danese, Casamania, Fontana Arte, Foscarini, Magis, Meritalia y Moleskine. Es el mentor de las exposiciones resultantes de las reflexiones sobre diferentes temas, [&hellip;]<\/p>\n","protected":false},"author":100,"featured_media":0,"parent":0,"menu_order":0,"comment_status":"closed","ping_status":"closed","template":"","meta":[],"yoast_head":"<!-- This site is optimized with the Yoast SEO plugin v18.5.1 - https:\/\/yoast.com\/wordpress\/plugins\/seo\/ -->\n<title>Giulio Iacchetti - My Home<\/title>\n<meta name=\"robots\" content=\"index, follow, max-snippet:-1, max-image-preview:large, max-video-preview:-1\" \/>\n<link rel=\"canonical\" href=\"https:\/\/www.myhomecollection.it\/es\/giulio-iacchetti\/\" \/>\n<meta property=\"og:locale\" content=\"es_ES\" \/>\n<meta property=\"og:type\" content=\"article\" \/>\n<meta property=\"og:title\" content=\"Giulio Iacchetti - My Home\" \/>\n<meta property=\"og:description\" content=\"Giulio Iacchetti Giulio Iacchetti se dedica al dise\u00f1o industrial desde 1992, trabajando con marcas como Abet Laminati, Alessi, Danese, Casamania, Fontana Arte, Foscarini, Magis, Meritalia y Moleskine. Es el mentor de las exposiciones resultantes de las reflexiones sobre diferentes temas, [&hellip;]\" \/>\n<meta property=\"og:url\" content=\"https:\/\/www.myhomecollection.it\/es\/giulio-iacchetti\/\" \/>\n<meta property=\"og:site_name\" content=\"My Home\" \/>\n<meta property=\"article:modified_time\" content=\"2022-05-02T13:30:06+00:00\" \/>\n<meta property=\"og:image\" content=\"http:\/\/myhomecollection.it\/wp-content\/uploads\/2022\/03\/my_home_header_designer-1.jpg\" \/>\n<meta name=\"twitter:card\" content=\"summary_large_image\" \/>\n<meta name=\"twitter:label1\" content=\"Tiempo de lectura\" \/>\n\t<meta name=\"twitter:data1\" content=\"3 minutos\" \/>\n<script type=\"application\/ld+json\" class=\"yoast-schema-graph\">{\"@context\":\"https:\/\/schema.org\",\"@graph\":[{\"@type\":\"WebSite\",\"@id\":\"https:\/\/www.myhomecollection.it\/#website\",\"url\":\"https:\/\/www.myhomecollection.it\/\",\"name\":\"My Home\",\"description\":\"Elementi d\u2019arredo per uno stile esclusivo\",\"potentialAction\":[{\"@type\":\"SearchAction\",\"target\":{\"@type\":\"EntryPoint\",\"urlTemplate\":\"https:\/\/www.myhomecollection.it\/?s={search_term_string}\"},\"query-input\":\"required name=search_term_string\"}],\"inLanguage\":\"es\"},{\"@type\":\"ImageObject\",\"@id\":\"https:\/\/www.myhomecollection.it\/es\/giulio-iacchetti\/#primaryimage\",\"inLanguage\":\"es\",\"url\":\"http:\/\/myhomecollection.it\/wp-content\/uploads\/2022\/03\/my_home_header_designer-1.jpg\",\"contentUrl\":\"http:\/\/myhomecollection.it\/wp-content\/uploads\/2022\/03\/my_home_header_designer-1.jpg\"},{\"@type\":\"WebPage\",\"@id\":\"https:\/\/www.myhomecollection.it\/es\/giulio-iacchetti\/#webpage\",\"url\":\"https:\/\/www.myhomecollection.it\/es\/giulio-iacchetti\/\",\"name\":\"Giulio Iacchetti - My Home\",\"isPartOf\":{\"@id\":\"https:\/\/www.myhomecollection.it\/#website\"},\"primaryImageOfPage\":{\"@id\":\"https:\/\/www.myhomecollection.it\/es\/giulio-iacchetti\/#primaryimage\"},\"datePublished\":\"2018-07-13T10:36:09+00:00\",\"dateModified\":\"2022-05-02T13:30:06+00:00\",\"breadcrumb\":{\"@id\":\"https:\/\/www.myhomecollection.it\/es\/giulio-iacchetti\/#breadcrumb\"},\"inLanguage\":\"es\",\"potentialAction\":[{\"@type\":\"ReadAction\",\"target\":[\"https:\/\/www.myhomecollection.it\/es\/giulio-iacchetti\/\"]}]},{\"@type\":\"BreadcrumbList\",\"@id\":\"https:\/\/www.myhomecollection.it\/es\/giulio-iacchetti\/#breadcrumb\",\"itemListElement\":[{\"@type\":\"ListItem\",\"position\":1,\"name\":\"Home\",\"item\":\"https:\/\/www.myhomecollection.it\/\"},{\"@type\":\"ListItem\",\"position\":2,\"name\":\"Giulio Iacchetti\"}]}]}<\/script>\n<!-- \/ Yoast SEO plugin. -->","yoast_head_json":{"title":"Giulio Iacchetti - My Home","robots":{"index":"index","follow":"follow","max-snippet":"max-snippet:-1","max-image-preview":"max-image-preview:large","max-video-preview":"max-video-preview:-1"},"canonical":"https:\/\/www.myhomecollection.it\/es\/giulio-iacchetti\/","og_locale":"es_ES","og_type":"article","og_title":"Giulio Iacchetti - My Home","og_description":"Giulio Iacchetti Giulio Iacchetti se dedica al dise\u00f1o industrial desde 1992, trabajando con marcas como Abet Laminati, Alessi, Danese, Casamania, Fontana Arte, Foscarini, Magis, Meritalia y Moleskine. Es el mentor de las exposiciones resultantes de las reflexiones sobre diferentes temas, [&hellip;]","og_url":"https:\/\/www.myhomecollection.it\/es\/giulio-iacchetti\/","og_site_name":"My Home","article_modified_time":"2022-05-02T13:30:06+00:00","og_image":[{"url":"http:\/\/myhomecollection.it\/wp-content\/uploads\/2022\/03\/my_home_header_designer-1.jpg"}],"twitter_card":"summary_large_image","twitter_misc":{"Tiempo de lectura":"3 minutos"},"schema":{"@context":"https:\/\/schema.org","@graph":[{"@type":"WebSite","@id":"https:\/\/www.myhomecollection.it\/#website","url":"https:\/\/www.myhomecollection.it\/","name":"My Home","description":"Elementi d\u2019arredo per uno stile esclusivo","potentialAction":[{"@type":"SearchAction","target":{"@type":"EntryPoint","urlTemplate":"https:\/\/www.myhomecollection.it\/?s={search_term_string}"},"query-input":"required name=search_term_string"}],"inLanguage":"es"},{"@type":"ImageObject","@id":"https:\/\/www.myhomecollection.it\/es\/giulio-iacchetti\/#primaryimage","inLanguage":"es","url":"http:\/\/myhomecollection.it\/wp-content\/uploads\/2022\/03\/my_home_header_designer-1.jpg","contentUrl":"http:\/\/myhomecollection.it\/wp-content\/uploads\/2022\/03\/my_home_header_designer-1.jpg"},{"@type":"WebPage","@id":"https:\/\/www.myhomecollection.it\/es\/giulio-iacchetti\/#webpage","url":"https:\/\/www.myhomecollection.it\/es\/giulio-iacchetti\/","name":"Giulio Iacchetti - My Home","isPartOf":{"@id":"https:\/\/www.myhomecollection.it\/#website"},"primaryImageOfPage":{"@id":"https:\/\/www.myhomecollection.it\/es\/giulio-iacchetti\/#primaryimage"},"datePublished":"2018-07-13T10:36:09+00:00","dateModified":"2022-05-02T13:30:06+00:00","breadcrumb":{"@id":"https:\/\/www.myhomecollection.it\/es\/giulio-iacchetti\/#breadcrumb"},"inLanguage":"es","potentialAction":[{"@type":"ReadAction","target":["https:\/\/www.myhomecollection.it\/es\/giulio-iacchetti\/"]}]},{"@type":"BreadcrumbList","@id":"https:\/\/www.myhomecollection.it\/es\/giulio-iacchetti\/#breadcrumb","itemListElement":[{"@type":"ListItem","position":1,"name":"Home","item":"https:\/\/www.myhomecollection.it\/"},{"@type":"ListItem","position":2,"name":"Giulio Iacchetti"}]}]}},"_links":{"self":[{"href":"https:\/\/www.myhomecollection.it\/es\/wp-json\/wp\/v2\/pages\/18527"}],"collection":[{"href":"https:\/\/www.myhomecollection.it\/es\/wp-json\/wp\/v2\/pages"}],"about":[{"href":"https:\/\/www.myhomecollection.it\/es\/wp-json\/wp\/v2\/types\/page"}],"author":[{"embeddable":true,"href":"https:\/\/www.myhomecollection.it\/es\/wp-json\/wp\/v2\/users\/100"}],"replies":[{"embeddable":true,"href":"https:\/\/www.myhomecollection.it\/es\/wp-json\/wp\/v2\/comments?post=18527"}],"version-history":[{"count":0,"href":"https:\/\/www.myhomecollection.it\/es\/wp-json\/wp\/v2\/pages\/18527\/revisions"}],"wp:attachment":[{"href":"https:\/\/www.myhomecollection.it\/es\/wp-json\/wp\/v2\/media?parent=18527"}],"curies":[{"name":"wp","href":"https:\/\/api.w.org\/{rel}","templated":true}]}}