{"id":20474,"date":"2022-05-04T13:26:11","date_gmt":"2022-05-04T11:26:11","guid":{"rendered":"http:\/\/myhomecollection.it\/federica-biasi\/"},"modified":"2022-05-04T14:09:34","modified_gmt":"2022-05-04T12:09:34","slug":"federica-biasi","status":"publish","type":"page","link":"https:\/\/www.myhomecollection.it\/es\/federica-biasi\/","title":{"rendered":"Federica Biasi"},"content":{"rendered":"\t\t<div data-elementor-type=\"wp-page\" data-elementor-id=\"20474\" class=\"elementor elementor-20474 elementor-20434\" data-elementor-settings=\"[]\">\n\t\t\t\t\t\t\t<div class=\"elementor-section-wrap\">\n\t\t\t\t\t\t\t<section class=\"elementor-section elementor-top-section elementor-element elementor-element-0483c36 elementor-section-full_width elementor-section-stretched elementor-section-height-default elementor-section-height-default exad-glass-effect-no exad-sticky-section-no eltdf-parallax-row-no eltdf-content-aligment-left eltdf-elementor-row-grid-no eltdf-disabled-bg-image-bellow-no\" data-id=\"0483c36\" data-element_type=\"section\" data-settings=\"{&quot;stretch_section&quot;:&quot;section-stretched&quot;,&quot;background_background&quot;:&quot;classic&quot;}\">\n\t\t\t\t\t\t<div class=\"elementor-container elementor-column-gap-default\">\n\t\t\t\t\t<div class=\"elementor-column elementor-col-100 elementor-top-column elementor-element elementor-element-4341d4a exad-glass-effect-no exad-sticky-section-no\" data-id=\"4341d4a\" data-element_type=\"column\">\n\t\t\t<div class=\"elementor-widget-wrap elementor-element-populated\">\n\t\t\t\t\t\t\t\t<div class=\"elementor-element elementor-element-4990e41 exad-sticky-section-no exad-glass-effect-no elementor-widget elementor-widget-image\" data-id=\"4990e41\" data-element_type=\"widget\" data-widget_type=\"image.default\">\n\t\t\t\t<div class=\"elementor-widget-container\">\n\t\t\t<style>\/*! elementor - v3.5.6 - 28-02-2022 *\/\n.elementor-widget-image{text-align:center}.elementor-widget-image a{display:inline-block}.elementor-widget-image a img[src$=\".svg\"]{width:48px}.elementor-widget-image img{vertical-align:middle;display:inline-block}<\/style>\t\t\t\t\t\t\t\t\t\t\t\t<img width=\"1920\" height=\"500\" src=\"https:\/\/www.myhomecollection.it\/wp-content\/uploads\/2022\/03\/my_home_header_designer-1.jpg\" class=\"attachment-full size-full\" alt=\"\" srcset=\"https:\/\/www.myhomecollection.it\/wp-content\/uploads\/2022\/03\/my_home_header_designer-1.jpg 1920w, https:\/\/www.myhomecollection.it\/wp-content\/uploads\/2022\/03\/my_home_header_designer-1-300x78.jpg 300w, https:\/\/www.myhomecollection.it\/wp-content\/uploads\/2022\/03\/my_home_header_designer-1-1024x267.jpg 1024w, https:\/\/www.myhomecollection.it\/wp-content\/uploads\/2022\/03\/my_home_header_designer-1-768x200.jpg 768w, https:\/\/www.myhomecollection.it\/wp-content\/uploads\/2022\/03\/my_home_header_designer-1-1536x400.jpg 1536w\" sizes=\"(max-width: 1920px) 100vw, 1920px\" \/>\t\t\t\t\t\t\t\t\t\t\t\t\t\t\t<\/div>\n\t\t\t\t<\/div>\n\t\t\t\t\t<\/div>\n\t\t<\/div>\n\t\t\t\t\t\t\t<\/div>\n\t\t<\/section>\n\t\t\t\t<section data-dynamic-bgrnd=\"#EAD5D1\" class=\"elementor-section elementor-top-section elementor-element elementor-element-6735a894 elementor-section-full_width eltdf-elementor-row-grid-section elementor-section-height-full elementor-section-height-default elementor-section-items-middle exad-glass-effect-no exad-sticky-section-no eltdf-parallax-row-no eltdf-content-aligment-left eltdf-disabled-bg-image-bellow-no\" data-id=\"6735a894\" data-element_type=\"section\">\n\t\t\t\t\t\t<div class=\"elementor-container elementor-column-gap-default\">\n\t\t\t\t\t<div class=\"elementor-column elementor-col-50 elementor-top-column elementor-element elementor-element-78770f3 exad-glass-effect-no exad-sticky-section-no\" data-id=\"78770f3\" data-element_type=\"column\">\n\t\t\t<div class=\"elementor-widget-wrap elementor-element-populated\">\n\t\t\t\t\t\t\t\t<div class=\"elementor-element elementor-element-590a5e1 elementor-widget__width-initial exad-sticky-section-no exad-glass-effect-no elementor-widget elementor-widget-eltdf_custom_font\" data-id=\"590a5e1\" data-element_type=\"widget\" data-widget_type=\"eltdf_custom_font.default\">\n\t\t\t\t<div class=\"elementor-widget-container\">\n\t\t\t<h1 class=\"eltdf-custom-font-holder  eltdf-cf-6562  \" style=\"line-height: 70px\" data-item-class=\"eltdf-cf-6562\" data-line-height-680=\"55px\">\n\tFederica Biasi<\/h1>\t\t<\/div>\n\t\t\t\t<\/div>\n\t\t\t\t<div class=\"elementor-element elementor-element-c147773 elementor-widget__width-initial elementor-widget-tablet__width-inherit exad-sticky-section-no exad-glass-effect-no elementor-widget elementor-widget-text-editor\" data-id=\"c147773\" data-element_type=\"widget\" data-widget_type=\"text-editor.default\">\n\t\t\t\t<div class=\"elementor-widget-container\">\n\t\t\t<style>\/*! elementor - v3.5.6 - 28-02-2022 *\/\n.elementor-widget-text-editor.elementor-drop-cap-view-stacked .elementor-drop-cap{background-color:#818a91;color:#fff}.elementor-widget-text-editor.elementor-drop-cap-view-framed .elementor-drop-cap{color:#818a91;border:3px solid;background-color:transparent}.elementor-widget-text-editor:not(.elementor-drop-cap-view-default) .elementor-drop-cap{margin-top:8px}.elementor-widget-text-editor:not(.elementor-drop-cap-view-default) .elementor-drop-cap-letter{width:1em;height:1em}.elementor-widget-text-editor .elementor-drop-cap{float:left;text-align:center;line-height:1;font-size:50px}.elementor-widget-text-editor .elementor-drop-cap-letter{display:inline-block}<\/style>\t\t\t\tFederica Biasi es una dise\u00f1adora y directora de arte. Dise\u00f1a productos de decoraci\u00f3n para empresas del sector como, CC-tapis, Gallotti&#038;Radice, Mingardo, Nason Moretti, Potocco. Actualmente es director art\u00edstico de Manerba, marca del \u00e1rea de oficinas y de la hist\u00f3rica carpinter\u00eda Mingardo. Colabora como consultor creativo, apostando por la investigaci\u00f3n y previsi\u00f3n de las tendencias internacionales de colores, materiales y acabados, para Fratelli Guzzini. En enero de 2017 fue nombrada por Andrea Branzi como talento emergente y premiada durante esa misma edici\u00f3n de Maison&#038;Objet.\t\t\t\t\t\t<\/div>\n\t\t\t\t<\/div>\n\t\t\t\t\t<\/div>\n\t\t<\/div>\n\t\t\t\t<div class=\"elementor-column elementor-col-50 elementor-top-column elementor-element elementor-element-39dad26 exad-glass-effect-no exad-sticky-section-no\" data-id=\"39dad26\" data-element_type=\"column\">\n\t\t\t<div class=\"elementor-widget-wrap elementor-element-populated\">\n\t\t\t\t\t\t\t\t<div class=\"elementor-element elementor-element-a0aaea7 exad-sticky-section-no exad-glass-effect-no elementor-widget elementor-widget-eltdf_single_image\" data-id=\"a0aaea7\" data-element_type=\"widget\" data-widget_type=\"eltdf_single_image.default\">\n\t\t\t\t<div class=\"elementor-widget-container\">\n\t\t\t<div class=\"eltdf-single-image-holder   \">\n    <div class=\"eltdf-si-inner\" >\n                                    <img width=\"700\" height=\"700\" src=\"https:\/\/www.myhomecollection.it\/wp-content\/uploads\/2022\/05\/fede.png\" class=\"attachment-full size-full\" alt=\"\" srcset=\"https:\/\/www.myhomecollection.it\/wp-content\/uploads\/2022\/05\/fede.png 700w, https:\/\/www.myhomecollection.it\/wp-content\/uploads\/2022\/05\/fede-300x300.png 300w, https:\/\/www.myhomecollection.it\/wp-content\/uploads\/2022\/05\/fede-150x150.png 150w, https:\/\/www.myhomecollection.it\/wp-content\/uploads\/2022\/05\/fede-650x650.png 650w\" sizes=\"(max-width: 700px) 100vw, 700px\" \/>                        <\/div>\n<\/div>\t\t<\/div>\n\t\t\t\t<\/div>\n\t\t\t\t\t<\/div>\n\t\t<\/div>\n\t\t\t\t\t\t\t<\/div>\n\t\t<\/section>\n\t\t\t\t<section data-dynamic-bgrnd=\"#F3E7BE\" class=\"elementor-section elementor-top-section elementor-element elementor-element-4f7b0a1 elementor-section-full_width eltdf-elementor-row-grid-section elementor-section-height-default elementor-section-height-default exad-glass-effect-no exad-sticky-section-no eltdf-parallax-row-no eltdf-content-aligment-left eltdf-disabled-bg-image-bellow-no\" data-id=\"4f7b0a1\" data-element_type=\"section\" data-settings=\"{&quot;background_background&quot;:&quot;classic&quot;}\">\n\t\t\t\t\t\t<div class=\"elementor-container elementor-column-gap-default\">\n\t\t\t\t\t<div class=\"elementor-column elementor-col-100 elementor-top-column elementor-element elementor-element-493cbab exad-glass-effect-no exad-sticky-section-no\" data-id=\"493cbab\" data-element_type=\"column\">\n\t\t\t<div class=\"elementor-widget-wrap elementor-element-populated\">\n\t\t\t\t\t\t\t\t<div class=\"elementor-element elementor-element-386928b elementor-widget__width-initial exad-sticky-section-no exad-glass-effect-no elementor-widget elementor-widget-eltdf_custom_font\" data-id=\"386928b\" data-element_type=\"widget\" data-widget_type=\"eltdf_custom_font.default\">\n\t\t\t\t<div class=\"elementor-widget-container\">\n\t\t\t<h1 class=\"eltdf-custom-font-holder  eltdf-cf-6013  \" style=\"line-height: 70px\" data-item-class=\"eltdf-cf-6013\" data-line-height-680=\"55px\">\n\tProductos dise\u00f1ados<\/h1>\t\t<\/div>\n\t\t\t\t<\/div>\n\t\t\t\t\t<\/div>\n\t\t<\/div>\n\t\t\t\t\t\t\t<\/div>\n\t\t<\/section>\n\t\t\t\t<section class=\"elementor-section elementor-top-section elementor-element elementor-element-79c1e13 elementor-section-full_width elementor-section-height-default elementor-section-height-default exad-glass-effect-no exad-sticky-section-no eltdf-parallax-row-no eltdf-content-aligment-left eltdf-elementor-row-grid-no eltdf-disabled-bg-image-bellow-no\" data-id=\"79c1e13\" data-element_type=\"section\">\n\t\t\t\t\t\t<div class=\"elementor-container elementor-column-gap-default\">\n\t\t\t\t\t<div class=\"elementor-column elementor-col-100 elementor-top-column elementor-element elementor-element-2c196e5 exad-glass-effect-no exad-sticky-section-no\" data-id=\"2c196e5\" data-element_type=\"column\">\n\t\t\t<div class=\"elementor-widget-wrap elementor-element-populated\">\n\t\t\t\t\t\t\t\t<div class=\"elementor-element elementor-element-72ba696 exad-sticky-section-no exad-glass-effect-no elementor-widget elementor-widget-eltdf_portfolio_slider\" data-id=\"72ba696\" data-element_type=\"widget\" data-widget_type=\"eltdf_portfolio_slider.default\">\n\t\t\t\t<div class=\"elementor-widget-container\">\n\t\t\t<div class=\"eltdf-portfolio-slider-holder\"><div class=\"eltdf-portfolio-list-holder eltdf-grid-list eltdf-disable-bottom-space eltdf-pl-gallery eltdf-two-columns eltdf-normal-space eltdf-pl-gallery-overlay    eltdf-pl-pag-no-pagination     eltdf-pag-below-slider eltdf-scattered-offset-normal \"  data-type=gallery data-scattered-offset=normal data-number-of-columns=two data-space-between-items=normal data-image-proportions=full data-enable-fixed-proportions=no data-enable-image-shadow=no data-tag=federica-biasi data-orderby=date data-order=ASC data-item-style=gallery-overlay data-content-top-margin= data-content-bottom-margin= data-enable-title=yes data-title-tag=h4 data-enable-category=yes data-enable-count-images= data-enable-excerpt=no data-excerpt-length= data-pagination-type=no-pagination data-filter=no data-filter-order-by=name data-portfolio-slider-on=yes data-enable-loop=yes data-enable-autoplay=yes data-enable-navigation=no data-navigation-skin= data-enable-pagination=yes data-pagination-position=below-slider data-enable-list-title=no data-list-title-tag=h1 data-scattered=0 data-max-num-pages=1 data-next-page=2>\n\t\t<div class=\"eltdf-pl-inner eltdf-outer-space eltdf-owl-slider eltdf-list-is-slider clearfix\">\n        \t\t<article class=\"eltdf-pl-item eltdf-item-space  post-17828 portfolio-item type-portfolio-item status-publish has-post-thumbnail hentry portfolio-category-sedie-es portfolio-tag-federica-biasi-es\">\n\t<div class=\"eltdf-pl-item-inner\" >\n\t\t<div class=\"eltdf-pli-image\">\n\t<img width=\"1300\" height=\"650\" src=\"https:\/\/www.myhomecollection.it\/wp-content\/uploads\/2022\/03\/Cloe-1.jpg\" class=\"attachment-full size-full wp-post-image\" alt=\"\" loading=\"lazy\" srcset=\"https:\/\/www.myhomecollection.it\/wp-content\/uploads\/2022\/03\/Cloe-1.jpg 1300w, https:\/\/www.myhomecollection.it\/wp-content\/uploads\/2022\/03\/Cloe-1-300x150.jpg 300w, https:\/\/www.myhomecollection.it\/wp-content\/uploads\/2022\/03\/Cloe-1-1024x512.jpg 1024w, https:\/\/www.myhomecollection.it\/wp-content\/uploads\/2022\/03\/Cloe-1-768x384.jpg 768w\" sizes=\"(max-width: 1300px) 100vw, 1300px\" \/><\/div>\n<div class=\"eltdf-pli-text-holder\">\n\t<div class=\"eltdf-pli-text-wrapper\">\n\t\t<div class=\"eltdf-pli-text\">\n\t\t\t\t\t<div class=\"eltdf-pli-category-holder\">\n\t\t\t\t\t\t\t<a itemprop=\"url\" class=\"eltdf-pli-category\" href=\"https:\/\/www.myhomecollection.it\/es\/portfolio-category\/sedie-es\/\">Sedie &amp; Sgabelli<\/a>\n\t\t\t\t\t<\/div>\n\t\n\t\t\t\t<h4 itemprop=\"name\" class=\"eltdf-pli-title entry-title\" >\n\t\t<span class=\"eltdf-pli-title-inner\">\n\t\t\tCloe\t\t<\/span>\n\t<\/h4>\n\n\t\t\t\t\t\t\n\t\t\t\t\t<\/div>\n\t<\/div>\n<\/div>\n        <a itemprop=\"url\" class=\"eltdf-pli-link eltdf-block-drag-link\" href=\"https:\/\/www.myhomecollection.it\/es\/portfolio-item\/cloe-chair\/\" target=\"_self\"><\/a>\n\t<\/div>\n<\/article><article class=\"eltdf-pl-item eltdf-item-space  post-18122 portfolio-item type-portfolio-item status-publish has-post-thumbnail hentry portfolio-category-tavoli-scrivanie-es portfolio-tag-federica-biasi-es\">\n\t<div class=\"eltdf-pl-item-inner\" >\n\t\t<div class=\"eltdf-pli-image\">\n\t<img width=\"1300\" height=\"650\" src=\"https:\/\/www.myhomecollection.it\/wp-content\/uploads\/2022\/03\/Oku.jpg\" class=\"attachment-full size-full wp-post-image\" alt=\"\" loading=\"lazy\" srcset=\"https:\/\/www.myhomecollection.it\/wp-content\/uploads\/2022\/03\/Oku.jpg 1300w, https:\/\/www.myhomecollection.it\/wp-content\/uploads\/2022\/03\/Oku-300x150.jpg 300w, https:\/\/www.myhomecollection.it\/wp-content\/uploads\/2022\/03\/Oku-1024x512.jpg 1024w, https:\/\/www.myhomecollection.it\/wp-content\/uploads\/2022\/03\/Oku-768x384.jpg 768w\" sizes=\"(max-width: 1300px) 100vw, 1300px\" \/><\/div>\n<div class=\"eltdf-pli-text-holder\">\n\t<div class=\"eltdf-pli-text-wrapper\">\n\t\t<div class=\"eltdf-pli-text\">\n\t\t\t\t\t<div class=\"eltdf-pli-category-holder\">\n\t\t\t\t\t\t\t<a itemprop=\"url\" class=\"eltdf-pli-category\" href=\"https:\/\/www.myhomecollection.it\/es\/portfolio-category\/tavoli-scrivanie-es\/\">Tavoli &amp; Scrivanie<\/a>\n\t\t\t\t\t<\/div>\n\t\n\t\t\t\t<h4 itemprop=\"name\" class=\"eltdf-pli-title entry-title\" >\n\t\t<span class=\"eltdf-pli-title-inner\">\n\t\t\tOku\t\t<\/span>\n\t<\/h4>\n\n\t\t\t\t\t\t\n\t\t\t\t\t<\/div>\n\t<\/div>\n<\/div>\n        <a itemprop=\"url\" class=\"eltdf-pli-link eltdf-block-drag-link\" href=\"https:\/\/www.myhomecollection.it\/es\/portfolio-item\/oku-table\/\" target=\"_self\"><\/a>\n\t<\/div>\n<\/article>\t<\/div>\n\t\n\t<\/div><\/div>\t\t<\/div>\n\t\t\t\t<\/div>\n\t\t\t\t\t<\/div>\n\t\t<\/div>\n\t\t\t\t\t\t\t<\/div>\n\t\t<\/section>\n\t\t\t\t\t\t<\/div>\n\t\t\t\t\t<\/div>\n\t\t","protected":false},"excerpt":{"rendered":"<p>Federica Biasi Federica Biasi es una dise\u00f1adora y directora de arte. Dise\u00f1a productos de decoraci\u00f3n para empresas del sector como, CC-tapis, Gallotti&#038;Radice, Mingardo, Nason Moretti, Potocco. Actualmente es director art\u00edstico de Manerba, marca del \u00e1rea de oficinas y de la [&hellip;]<\/p>\n","protected":false},"author":100,"featured_media":0,"parent":0,"menu_order":0,"comment_status":"closed","ping_status":"closed","template":"full-width.php","meta":[],"yoast_head":"<!-- This site is optimized with the Yoast SEO plugin v18.5.1 - https:\/\/yoast.com\/wordpress\/plugins\/seo\/ -->\n<title>Federica Biasi - My Home<\/title>\n<meta name=\"robots\" content=\"index, follow, max-snippet:-1, max-image-preview:large, max-video-preview:-1\" \/>\n<link rel=\"canonical\" href=\"https:\/\/www.myhomecollection.it\/es\/federica-biasi\/\" \/>\n<meta property=\"og:locale\" content=\"es_ES\" \/>\n<meta property=\"og:type\" content=\"article\" \/>\n<meta property=\"og:title\" content=\"Federica Biasi - My Home\" \/>\n<meta property=\"og:description\" content=\"Federica Biasi Federica Biasi es una dise\u00f1adora y directora de arte. Dise\u00f1a productos de decoraci\u00f3n para empresas del sector como, CC-tapis, Gallotti&#038;Radice, Mingardo, Nason Moretti, Potocco. Actualmente es director art\u00edstico de Manerba, marca del \u00e1rea de oficinas y de la [&hellip;]\" \/>\n<meta property=\"og:url\" content=\"https:\/\/www.myhomecollection.it\/es\/federica-biasi\/\" \/>\n<meta property=\"og:site_name\" content=\"My Home\" \/>\n<meta property=\"article:modified_time\" content=\"2022-05-04T12:09:34+00:00\" \/>\n<meta property=\"og:image\" content=\"http:\/\/myhomecollection.it\/wp-content\/uploads\/2022\/03\/my_home_header_designer-1.jpg\" \/>\n<meta name=\"twitter:card\" content=\"summary_large_image\" \/>\n<meta name=\"twitter:label1\" content=\"Tiempo de lectura\" \/>\n\t<meta name=\"twitter:data1\" content=\"3 minutos\" \/>\n<script type=\"application\/ld+json\" class=\"yoast-schema-graph\">{\"@context\":\"https:\/\/schema.org\",\"@graph\":[{\"@type\":\"WebSite\",\"@id\":\"https:\/\/www.myhomecollection.it\/#website\",\"url\":\"https:\/\/www.myhomecollection.it\/\",\"name\":\"My Home\",\"description\":\"Elementi d\u2019arredo per uno stile esclusivo\",\"potentialAction\":[{\"@type\":\"SearchAction\",\"target\":{\"@type\":\"EntryPoint\",\"urlTemplate\":\"https:\/\/www.myhomecollection.it\/?s={search_term_string}\"},\"query-input\":\"required name=search_term_string\"}],\"inLanguage\":\"es\"},{\"@type\":\"ImageObject\",\"@id\":\"https:\/\/www.myhomecollection.it\/es\/federica-biasi\/#primaryimage\",\"inLanguage\":\"es\",\"url\":\"http:\/\/myhomecollection.it\/wp-content\/uploads\/2022\/03\/my_home_header_designer-1.jpg\",\"contentUrl\":\"http:\/\/myhomecollection.it\/wp-content\/uploads\/2022\/03\/my_home_header_designer-1.jpg\"},{\"@type\":\"WebPage\",\"@id\":\"https:\/\/www.myhomecollection.it\/es\/federica-biasi\/#webpage\",\"url\":\"https:\/\/www.myhomecollection.it\/es\/federica-biasi\/\",\"name\":\"Federica Biasi - My Home\",\"isPartOf\":{\"@id\":\"https:\/\/www.myhomecollection.it\/#website\"},\"primaryImageOfPage\":{\"@id\":\"https:\/\/www.myhomecollection.it\/es\/federica-biasi\/#primaryimage\"},\"datePublished\":\"2022-05-04T11:26:11+00:00\",\"dateModified\":\"2022-05-04T12:09:34+00:00\",\"breadcrumb\":{\"@id\":\"https:\/\/www.myhomecollection.it\/es\/federica-biasi\/#breadcrumb\"},\"inLanguage\":\"es\",\"potentialAction\":[{\"@type\":\"ReadAction\",\"target\":[\"https:\/\/www.myhomecollection.it\/es\/federica-biasi\/\"]}]},{\"@type\":\"BreadcrumbList\",\"@id\":\"https:\/\/www.myhomecollection.it\/es\/federica-biasi\/#breadcrumb\",\"itemListElement\":[{\"@type\":\"ListItem\",\"position\":1,\"name\":\"Home\",\"item\":\"https:\/\/www.myhomecollection.it\/\"},{\"@type\":\"ListItem\",\"position\":2,\"name\":\"Federica Biasi\"}]}]}<\/script>\n<!-- \/ Yoast SEO plugin. -->","yoast_head_json":{"title":"Federica Biasi - My Home","robots":{"index":"index","follow":"follow","max-snippet":"max-snippet:-1","max-image-preview":"max-image-preview:large","max-video-preview":"max-video-preview:-1"},"canonical":"https:\/\/www.myhomecollection.it\/es\/federica-biasi\/","og_locale":"es_ES","og_type":"article","og_title":"Federica Biasi - My Home","og_description":"Federica Biasi Federica Biasi es una dise\u00f1adora y directora de arte. Dise\u00f1a productos de decoraci\u00f3n para empresas del sector como, CC-tapis, Gallotti&#038;Radice, Mingardo, Nason Moretti, Potocco. Actualmente es director art\u00edstico de Manerba, marca del \u00e1rea de oficinas y de la [&hellip;]","og_url":"https:\/\/www.myhomecollection.it\/es\/federica-biasi\/","og_site_name":"My Home","article_modified_time":"2022-05-04T12:09:34+00:00","og_image":[{"url":"http:\/\/myhomecollection.it\/wp-content\/uploads\/2022\/03\/my_home_header_designer-1.jpg"}],"twitter_card":"summary_large_image","twitter_misc":{"Tiempo de lectura":"3 minutos"},"schema":{"@context":"https:\/\/schema.org","@graph":[{"@type":"WebSite","@id":"https:\/\/www.myhomecollection.it\/#website","url":"https:\/\/www.myhomecollection.it\/","name":"My Home","description":"Elementi d\u2019arredo per uno stile esclusivo","potentialAction":[{"@type":"SearchAction","target":{"@type":"EntryPoint","urlTemplate":"https:\/\/www.myhomecollection.it\/?s={search_term_string}"},"query-input":"required name=search_term_string"}],"inLanguage":"es"},{"@type":"ImageObject","@id":"https:\/\/www.myhomecollection.it\/es\/federica-biasi\/#primaryimage","inLanguage":"es","url":"http:\/\/myhomecollection.it\/wp-content\/uploads\/2022\/03\/my_home_header_designer-1.jpg","contentUrl":"http:\/\/myhomecollection.it\/wp-content\/uploads\/2022\/03\/my_home_header_designer-1.jpg"},{"@type":"WebPage","@id":"https:\/\/www.myhomecollection.it\/es\/federica-biasi\/#webpage","url":"https:\/\/www.myhomecollection.it\/es\/federica-biasi\/","name":"Federica Biasi - My Home","isPartOf":{"@id":"https:\/\/www.myhomecollection.it\/#website"},"primaryImageOfPage":{"@id":"https:\/\/www.myhomecollection.it\/es\/federica-biasi\/#primaryimage"},"datePublished":"2022-05-04T11:26:11+00:00","dateModified":"2022-05-04T12:09:34+00:00","breadcrumb":{"@id":"https:\/\/www.myhomecollection.it\/es\/federica-biasi\/#breadcrumb"},"inLanguage":"es","potentialAction":[{"@type":"ReadAction","target":["https:\/\/www.myhomecollection.it\/es\/federica-biasi\/"]}]},{"@type":"BreadcrumbList","@id":"https:\/\/www.myhomecollection.it\/es\/federica-biasi\/#breadcrumb","itemListElement":[{"@type":"ListItem","position":1,"name":"Home","item":"https:\/\/www.myhomecollection.it\/"},{"@type":"ListItem","position":2,"name":"Federica Biasi"}]}]}},"_links":{"self":[{"href":"https:\/\/www.myhomecollection.it\/es\/wp-json\/wp\/v2\/pages\/20474"}],"collection":[{"href":"https:\/\/www.myhomecollection.it\/es\/wp-json\/wp\/v2\/pages"}],"about":[{"href":"https:\/\/www.myhomecollection.it\/es\/wp-json\/wp\/v2\/types\/page"}],"author":[{"embeddable":true,"href":"https:\/\/www.myhomecollection.it\/es\/wp-json\/wp\/v2\/users\/100"}],"replies":[{"embeddable":true,"href":"https:\/\/www.myhomecollection.it\/es\/wp-json\/wp\/v2\/comments?post=20474"}],"version-history":[{"count":0,"href":"https:\/\/www.myhomecollection.it\/es\/wp-json\/wp\/v2\/pages\/20474\/revisions"}],"wp:attachment":[{"href":"https:\/\/www.myhomecollection.it\/es\/wp-json\/wp\/v2\/media?parent=20474"}],"curies":[{"name":"wp","href":"https:\/\/api.w.org\/{rel}","templated":true}]}}