{"id":18499,"date":"2022-03-23T11:07:05","date_gmt":"2022-03-23T10:07:05","guid":{"rendered":"http:\/\/myhomecollection.it\/bruno-rainaldi\/"},"modified":"2022-05-02T17:09:37","modified_gmt":"2022-05-02T15:09:37","slug":"bruno-rainaldi","status":"publish","type":"page","link":"https:\/\/www.myhomecollection.it\/fr\/bruno-rainaldi\/","title":{"rendered":"Bruno Rainaldi"},"content":{"rendered":"<p><img width=\"1920\" height=\"500\" src=\"http:\/\/myhomecollection.it\/wp-content\/uploads\/2022\/03\/my_home_header_designer-1.jpg\" alt=\"\" loading=\"lazy\" srcset=\"http:\/\/myhomecollection.it\/wp-content\/uploads\/2022\/03\/my_home_header_designer-1.jpg 1920w, http:\/\/myhomecollection.it\/wp-content\/uploads\/2022\/03\/my_home_header_designer-1-300x78.jpg 300w, http:\/\/myhomecollection.it\/wp-content\/uploads\/2022\/03\/my_home_header_designer-1-1024x267.jpg 1024w, http:\/\/myhomecollection.it\/wp-content\/uploads\/2022\/03\/my_home_header_designer-1-768x200.jpg 768w, http:\/\/myhomecollection.it\/wp-content\/uploads\/2022\/03\/my_home_header_designer-1-1536x400.jpg 1536w\" sizes=\"(max-width: 1920px) 100vw, 1920px\" \/>\t\t\t\t\t\t\t\t\t\t\t\t\t\t\t<\/p>\n<h1 style=\"line-height: 70px\" data-item-class=\"eltdf-cf-1427\" data-line-height-680=\"55px\">\n\tBruno Rainaldi<\/h1>\n<p>\t\tBruno Rainaldi s&rsquo;est form\u00e9 sur le terrain, il a commenc\u00e9 tr\u00e8s jeune \u00e0 travailler dans la communication du design d\u2019ameublement. Il s&rsquo;auto-d\u00e9finissait ironiquement \u00ab\u00a0designer de trottoir\u00a0\u00bb et il d\u00e9finissait son style \u00ab\u00a0rigoureusement chaotique\u00a0\u00bb. Il dirige \u00e0 Milan le premier Cours High-Tech de Porta Ticinese. Il assiste Maddalena De Padova dans la salle d&rsquo;exposition historique de corso Venezia, puis Enrico Baleri, en tant qu&rsquo;associ\u00e9 de Baleri &#038; Associati, dans la d\u00e9finition de strat\u00e9gies de communication pour entreprises et points de vente de design. Il fonde le Cabinet Rari \u2013 dont il est l\u2019\u00e2me et le directeur cr\u00e9atif \u2013 et il commence les premi\u00e8res collaborations en tant que directeur artistique\/designer avec diff\u00e9rentes entreprises du design italien comme Alivar, MDF, Mussi Italy, Sintesi. Puis Terzani, Slamp, Casprini, Annibale Colombo, Bilumen, Davide Medri et Dilmos. Jusqu\u2019au r\u00e9cent projet Opinion Ciatti, n\u00e9 de l\u2019important partenariat artistique et entrepreneurial avec Lapo Ciatti. Au milieu des ann\u00e9es 1980, Bruno Rainaldi rencontre Flavia Ciatti. Une nouvelle entreprise &#8211; CCR &#8211; na\u00eet de leur amiti\u00e9\/confrontation et elle a pour but de d\u00e9velopper des compl\u00e9ments et des accessoires pour la maison, pas seulement pour la cuisine. Des produits importants de sa production de design industriel naissent de la marque CCR. En 2006, Lapo Ciatti, qui repr\u00e9sente la troisi\u00e8me g\u00e9n\u00e9ration, entre dans l\u2019entreprise avec l&rsquo;instinct d\u2019entrepreneur familial et la formation en Design Industriel. Nouvelles confrontations et nouvelles opinions. C&rsquo;est la naissance d\u2019Opinion Ciatti dont Bruno Rainaldi est pr\u00e9sident, associ\u00e9 et directeur artistique. Avec une connaissance profonde du march\u00e9, une grande passion pour l&rsquo;art figuratif et un talent pr\u00e9cieux pour les associations transversales m\u00fbries au cours des ann\u00e9es, Bruno Rainaldi lie d\u00e9finitivement son professionnalisme au monde du projet. En 2002, il inaugure avec Marta Giardini Entratalibera un espace milanais tr\u00e8s sp\u00e9cial o\u00f9 il expose ses projets et une s\u00e9lection d\u2019objets. Un \u00ab\u00a0laboratoire de formes\u00a0\u00bb ouvert \u00e0 la recherche et \u00e0 l&rsquo;exp\u00e9rimentation. Bruno Rainaldi a dessin\u00e9 des biblioth\u00e8ques, des tables, des chaises, des canap\u00e9s, des lits, des accessoires et des \u00e9clairages.<br \/>\n                                    <img width=\"1500\" height=\"1500\" src=\"http:\/\/myhomecollection.it\/wp-content\/uploads\/2022\/03\/Bruno-Rainaldi.jpg\" alt=\"\" loading=\"lazy\" srcset=\"http:\/\/myhomecollection.it\/wp-content\/uploads\/2022\/03\/Bruno-Rainaldi.jpg 1500w, http:\/\/myhomecollection.it\/wp-content\/uploads\/2022\/03\/Bruno-Rainaldi-300x300.jpg 300w, http:\/\/myhomecollection.it\/wp-content\/uploads\/2022\/03\/Bruno-Rainaldi-1024x1024.jpg 1024w, http:\/\/myhomecollection.it\/wp-content\/uploads\/2022\/03\/Bruno-Rainaldi-150x150.jpg 150w, http:\/\/myhomecollection.it\/wp-content\/uploads\/2022\/03\/Bruno-Rainaldi-768x768.jpg 768w, http:\/\/myhomecollection.it\/wp-content\/uploads\/2022\/03\/Bruno-Rainaldi-650x650.jpg 650w, http:\/\/myhomecollection.it\/wp-content\/uploads\/2022\/03\/Bruno-Rainaldi-1300x1300.jpg 1300w\" sizes=\"(max-width: 1500px) 100vw, 1500px\" \/>                        <\/p>\n<h1 style=\"line-height: 70px\" data-item-class=\"eltdf-cf-5798\" data-line-height-680=\"55px\">\n\tProduits fabriqu\u00e9s<\/h1>\n<article>\n\t<img width=\"1300\" height=\"650\" src=\"http:\/\/myhomecollection.it\/wp-content\/uploads\/2022\/03\/Container.jpg\" alt=\"\" loading=\"lazy\" srcset=\"http:\/\/myhomecollection.it\/wp-content\/uploads\/2022\/03\/Container.jpg 1300w, http:\/\/myhomecollection.it\/wp-content\/uploads\/2022\/03\/Container-300x150.jpg 300w, http:\/\/myhomecollection.it\/wp-content\/uploads\/2022\/03\/Container-1024x512.jpg 1024w, http:\/\/myhomecollection.it\/wp-content\/uploads\/2022\/03\/Container-768x384.jpg 768w\" sizes=\"(max-width: 1300px) 100vw, 1300px\" \/><br \/>\n\t\t\t\t\t\t\t<a itemprop=\"url\" href=\"http:\/\/myhomecollection.it\/fr\/portfolio-category\/mobili-fr\/\">Mobili<\/a><\/p>\n<h4 itemprop=\"name\" >\n\t\t\tContainer<br \/>\n\t<\/h4>\n<p>        <a itemprop=\"url\" href=\"http:\/\/myhomecollection.it\/fr\/portfolio-item\/container\/\" target=\"_self\" rel=\"noopener\"><\/a><br \/>\n<\/article>\n","protected":false},"excerpt":{"rendered":"<p>Bruno Rainaldi Bruno Rainaldi s&rsquo;est form\u00e9 sur le terrain, il a commenc\u00e9 tr\u00e8s jeune \u00e0 travailler dans la communication du design d\u2019ameublement. Il s&rsquo;auto-d\u00e9finissait ironiquement \u00ab\u00a0designer de trottoir\u00a0\u00bb et il d\u00e9finissait son style \u00ab\u00a0rigoureusement chaotique\u00a0\u00bb. Il dirige \u00e0 Milan le [&hellip;]<\/p>\n","protected":false},"author":100,"featured_media":0,"parent":0,"menu_order":0,"comment_status":"closed","ping_status":"closed","template":"full-width.php","meta":[],"yoast_head":"<!-- This site is optimized with the Yoast SEO plugin v18.5.1 - https:\/\/yoast.com\/wordpress\/plugins\/seo\/ -->\n<title>Bruno Rainaldi - MyHome Collection<\/title>\n<meta name=\"robots\" content=\"index, follow, max-snippet:-1, max-image-preview:large, max-video-preview:-1\" \/>\n<link rel=\"canonical\" href=\"https:\/\/www.myhomecollection.it\/fr\/bruno-rainaldi\/\" \/>\n<meta property=\"og:locale\" content=\"fr_FR\" \/>\n<meta property=\"og:type\" content=\"article\" \/>\n<meta property=\"og:title\" content=\"Bruno Rainaldi - MyHome Collection\" \/>\n<meta property=\"og:description\" content=\"Bruno Rainaldi Bruno Rainaldi s&rsquo;est form\u00e9 sur le terrain, il a commenc\u00e9 tr\u00e8s jeune \u00e0 travailler dans la communication du design d\u2019ameublement. Il s&rsquo;auto-d\u00e9finissait ironiquement \u00ab\u00a0designer de trottoir\u00a0\u00bb et il d\u00e9finissait son style \u00ab\u00a0rigoureusement chaotique\u00a0\u00bb. Il dirige \u00e0 Milan le [&hellip;]\" \/>\n<meta property=\"og:url\" content=\"https:\/\/www.myhomecollection.it\/fr\/bruno-rainaldi\/\" \/>\n<meta property=\"og:site_name\" content=\"MyHome Collection\" \/>\n<meta property=\"article:modified_time\" content=\"2022-05-02T15:09:37+00:00\" \/>\n<meta property=\"og:image\" content=\"http:\/\/myhomecollection.it\/wp-content\/uploads\/2022\/03\/my_home_header_designer-1.jpg\" \/>\n<meta name=\"twitter:card\" content=\"summary_large_image\" \/>\n<meta name=\"twitter:label1\" content=\"Dur\u00e9e de lecture estim\u00e9e\" \/>\n\t<meta name=\"twitter:data1\" content=\"3 minutes\" \/>\n<script type=\"application\/ld+json\" class=\"yoast-schema-graph\">{\"@context\":\"https:\/\/schema.org\",\"@graph\":[{\"@type\":\"WebSite\",\"@id\":\"https:\/\/www.myhomecollection.it\/#website\",\"url\":\"https:\/\/www.myhomecollection.it\/\",\"name\":\"MyHome Collection\",\"description\":\"Elementi d\u2019arredo per uno stile esclusivo\",\"potentialAction\":[{\"@type\":\"SearchAction\",\"target\":{\"@type\":\"EntryPoint\",\"urlTemplate\":\"https:\/\/www.myhomecollection.it\/?s={search_term_string}\"},\"query-input\":\"required name=search_term_string\"}],\"inLanguage\":\"fr-FR\"},{\"@type\":\"ImageObject\",\"@id\":\"https:\/\/www.myhomecollection.it\/fr\/bruno-rainaldi\/#primaryimage\",\"inLanguage\":\"fr-FR\",\"url\":\"http:\/\/myhomecollection.it\/wp-content\/uploads\/2022\/03\/my_home_header_designer-1.jpg\",\"contentUrl\":\"http:\/\/myhomecollection.it\/wp-content\/uploads\/2022\/03\/my_home_header_designer-1.jpg\"},{\"@type\":\"WebPage\",\"@id\":\"https:\/\/www.myhomecollection.it\/fr\/bruno-rainaldi\/#webpage\",\"url\":\"https:\/\/www.myhomecollection.it\/fr\/bruno-rainaldi\/\",\"name\":\"Bruno Rainaldi - MyHome Collection\",\"isPartOf\":{\"@id\":\"https:\/\/www.myhomecollection.it\/#website\"},\"primaryImageOfPage\":{\"@id\":\"https:\/\/www.myhomecollection.it\/fr\/bruno-rainaldi\/#primaryimage\"},\"datePublished\":\"2022-03-23T10:07:05+00:00\",\"dateModified\":\"2022-05-02T15:09:37+00:00\",\"breadcrumb\":{\"@id\":\"https:\/\/www.myhomecollection.it\/fr\/bruno-rainaldi\/#breadcrumb\"},\"inLanguage\":\"fr-FR\",\"potentialAction\":[{\"@type\":\"ReadAction\",\"target\":[\"https:\/\/www.myhomecollection.it\/fr\/bruno-rainaldi\/\"]}]},{\"@type\":\"BreadcrumbList\",\"@id\":\"https:\/\/www.myhomecollection.it\/fr\/bruno-rainaldi\/#breadcrumb\",\"itemListElement\":[{\"@type\":\"ListItem\",\"position\":1,\"name\":\"Home\",\"item\":\"https:\/\/www.myhomecollection.it\/\"},{\"@type\":\"ListItem\",\"position\":2,\"name\":\"Bruno Rainaldi\"}]}]}<\/script>\n<!-- \/ Yoast SEO plugin. -->","yoast_head_json":{"title":"Bruno Rainaldi - MyHome Collection","robots":{"index":"index","follow":"follow","max-snippet":"max-snippet:-1","max-image-preview":"max-image-preview:large","max-video-preview":"max-video-preview:-1"},"canonical":"https:\/\/www.myhomecollection.it\/fr\/bruno-rainaldi\/","og_locale":"fr_FR","og_type":"article","og_title":"Bruno Rainaldi - MyHome Collection","og_description":"Bruno Rainaldi Bruno Rainaldi s&rsquo;est form\u00e9 sur le terrain, il a commenc\u00e9 tr\u00e8s jeune \u00e0 travailler dans la communication du design d\u2019ameublement. Il s&rsquo;auto-d\u00e9finissait ironiquement \u00ab\u00a0designer de trottoir\u00a0\u00bb et il d\u00e9finissait son style \u00ab\u00a0rigoureusement chaotique\u00a0\u00bb. Il dirige \u00e0 Milan le [&hellip;]","og_url":"https:\/\/www.myhomecollection.it\/fr\/bruno-rainaldi\/","og_site_name":"MyHome Collection","article_modified_time":"2022-05-02T15:09:37+00:00","og_image":[{"url":"http:\/\/myhomecollection.it\/wp-content\/uploads\/2022\/03\/my_home_header_designer-1.jpg"}],"twitter_card":"summary_large_image","twitter_misc":{"Dur\u00e9e de lecture estim\u00e9e":"3 minutes"},"schema":{"@context":"https:\/\/schema.org","@graph":[{"@type":"WebSite","@id":"https:\/\/www.myhomecollection.it\/#website","url":"https:\/\/www.myhomecollection.it\/","name":"MyHome Collection","description":"Elementi d\u2019arredo per uno stile esclusivo","potentialAction":[{"@type":"SearchAction","target":{"@type":"EntryPoint","urlTemplate":"https:\/\/www.myhomecollection.it\/?s={search_term_string}"},"query-input":"required name=search_term_string"}],"inLanguage":"fr-FR"},{"@type":"ImageObject","@id":"https:\/\/www.myhomecollection.it\/fr\/bruno-rainaldi\/#primaryimage","inLanguage":"fr-FR","url":"http:\/\/myhomecollection.it\/wp-content\/uploads\/2022\/03\/my_home_header_designer-1.jpg","contentUrl":"http:\/\/myhomecollection.it\/wp-content\/uploads\/2022\/03\/my_home_header_designer-1.jpg"},{"@type":"WebPage","@id":"https:\/\/www.myhomecollection.it\/fr\/bruno-rainaldi\/#webpage","url":"https:\/\/www.myhomecollection.it\/fr\/bruno-rainaldi\/","name":"Bruno Rainaldi - MyHome Collection","isPartOf":{"@id":"https:\/\/www.myhomecollection.it\/#website"},"primaryImageOfPage":{"@id":"https:\/\/www.myhomecollection.it\/fr\/bruno-rainaldi\/#primaryimage"},"datePublished":"2022-03-23T10:07:05+00:00","dateModified":"2022-05-02T15:09:37+00:00","breadcrumb":{"@id":"https:\/\/www.myhomecollection.it\/fr\/bruno-rainaldi\/#breadcrumb"},"inLanguage":"fr-FR","potentialAction":[{"@type":"ReadAction","target":["https:\/\/www.myhomecollection.it\/fr\/bruno-rainaldi\/"]}]},{"@type":"BreadcrumbList","@id":"https:\/\/www.myhomecollection.it\/fr\/bruno-rainaldi\/#breadcrumb","itemListElement":[{"@type":"ListItem","position":1,"name":"Home","item":"https:\/\/www.myhomecollection.it\/"},{"@type":"ListItem","position":2,"name":"Bruno Rainaldi"}]}]}},"_links":{"self":[{"href":"https:\/\/www.myhomecollection.it\/fr\/wp-json\/wp\/v2\/pages\/18499"}],"collection":[{"href":"https:\/\/www.myhomecollection.it\/fr\/wp-json\/wp\/v2\/pages"}],"about":[{"href":"https:\/\/www.myhomecollection.it\/fr\/wp-json\/wp\/v2\/types\/page"}],"author":[{"embeddable":true,"href":"https:\/\/www.myhomecollection.it\/fr\/wp-json\/wp\/v2\/users\/100"}],"replies":[{"embeddable":true,"href":"https:\/\/www.myhomecollection.it\/fr\/wp-json\/wp\/v2\/comments?post=18499"}],"version-history":[{"count":0,"href":"https:\/\/www.myhomecollection.it\/fr\/wp-json\/wp\/v2\/pages\/18499\/revisions"}],"wp:attachment":[{"href":"https:\/\/www.myhomecollection.it\/fr\/wp-json\/wp\/v2\/media?parent=18499"}],"curies":[{"name":"wp","href":"https:\/\/api.w.org\/{rel}","templated":true}]}}