{"id":18508,"date":"2022-03-23T11:13:51","date_gmt":"2022-03-23T10:13:51","guid":{"rendered":"http:\/\/myhomecollection.it\/for_me-design\/"},"modified":"2022-05-02T17:08:30","modified_gmt":"2022-05-02T15:08:30","slug":"for_me-design","status":"publish","type":"page","link":"https:\/\/www.myhomecollection.it\/fr\/for_me-design\/","title":{"rendered":"FOR _ME design"},"content":{"rendered":"\t\t<div data-elementor-type=\"wp-page\" data-elementor-id=\"18508\" class=\"elementor elementor-18508 elementor-11647\" data-elementor-settings=\"[]\">\n\t\t\t\t\t\t\t<div class=\"elementor-section-wrap\">\n\t\t\t\t\t\t\t<section class=\"elementor-section elementor-top-section elementor-element elementor-element-88bc621 elementor-section-full_width elementor-section-stretched elementor-section-height-default elementor-section-height-default exad-glass-effect-no exad-sticky-section-no eltdf-parallax-row-no eltdf-content-aligment-left eltdf-elementor-row-grid-no eltdf-disabled-bg-image-bellow-no\" data-id=\"88bc621\" data-element_type=\"section\" data-settings=\"{&quot;stretch_section&quot;:&quot;section-stretched&quot;,&quot;background_background&quot;:&quot;classic&quot;}\">\n\t\t\t\t\t\t<div class=\"elementor-container elementor-column-gap-default\">\n\t\t\t\t\t<div class=\"elementor-column elementor-col-100 elementor-top-column elementor-element elementor-element-f147cb2 exad-glass-effect-no exad-sticky-section-no\" data-id=\"f147cb2\" data-element_type=\"column\">\n\t\t\t<div class=\"elementor-widget-wrap elementor-element-populated\">\n\t\t\t\t\t\t\t\t<div class=\"elementor-element elementor-element-8c6ad1e exad-sticky-section-no exad-glass-effect-no elementor-widget elementor-widget-image\" data-id=\"8c6ad1e\" data-element_type=\"widget\" data-widget_type=\"image.default\">\n\t\t\t\t<div class=\"elementor-widget-container\">\n\t\t\t<style>\/*! elementor - v3.5.6 - 28-02-2022 *\/\n.elementor-widget-image{text-align:center}.elementor-widget-image a{display:inline-block}.elementor-widget-image a img[src$=\".svg\"]{width:48px}.elementor-widget-image img{vertical-align:middle;display:inline-block}<\/style>\t\t\t\t\t\t\t\t\t\t\t\t<img width=\"1920\" height=\"500\" src=\"https:\/\/www.myhomecollection.it\/wp-content\/uploads\/2022\/03\/my_home_header_designer-1.jpg\" class=\"attachment-full size-full\" alt=\"\" srcset=\"https:\/\/www.myhomecollection.it\/wp-content\/uploads\/2022\/03\/my_home_header_designer-1.jpg 1920w, https:\/\/www.myhomecollection.it\/wp-content\/uploads\/2022\/03\/my_home_header_designer-1-300x78.jpg 300w, https:\/\/www.myhomecollection.it\/wp-content\/uploads\/2022\/03\/my_home_header_designer-1-1024x267.jpg 1024w, https:\/\/www.myhomecollection.it\/wp-content\/uploads\/2022\/03\/my_home_header_designer-1-768x200.jpg 768w, https:\/\/www.myhomecollection.it\/wp-content\/uploads\/2022\/03\/my_home_header_designer-1-1536x400.jpg 1536w\" sizes=\"(max-width: 1920px) 100vw, 1920px\" \/>\t\t\t\t\t\t\t\t\t\t\t\t\t\t\t<\/div>\n\t\t\t\t<\/div>\n\t\t\t\t\t<\/div>\n\t\t<\/div>\n\t\t\t\t\t\t\t<\/div>\n\t\t<\/section>\n\t\t\t\t<section data-dynamic-bgrnd=\"#EAD5D1\" class=\"elementor-section elementor-top-section elementor-element elementor-element-6735a894 elementor-section-full_width eltdf-elementor-row-grid-section elementor-section-height-full elementor-section-height-default elementor-section-items-middle exad-glass-effect-no exad-sticky-section-no eltdf-parallax-row-no eltdf-content-aligment-left eltdf-disabled-bg-image-bellow-no\" data-id=\"6735a894\" data-element_type=\"section\">\n\t\t\t\t\t\t<div class=\"elementor-container elementor-column-gap-default\">\n\t\t\t\t\t<div class=\"elementor-column elementor-col-50 elementor-top-column elementor-element elementor-element-78770f3 exad-glass-effect-no exad-sticky-section-no\" data-id=\"78770f3\" data-element_type=\"column\">\n\t\t\t<div class=\"elementor-widget-wrap elementor-element-populated\">\n\t\t\t\t\t\t\t\t<div class=\"elementor-element elementor-element-590a5e1 elementor-widget__width-initial exad-sticky-section-no exad-glass-effect-no elementor-widget elementor-widget-eltdf_custom_font\" data-id=\"590a5e1\" data-element_type=\"widget\" data-widget_type=\"eltdf_custom_font.default\">\n\t\t\t\t<div class=\"elementor-widget-container\">\n\t\t\t<h1 class=\"eltdf-custom-font-holder  eltdf-cf-6023  \" style=\"line-height: 70px\" data-item-class=\"eltdf-cf-6023\" data-line-height-680=\"55px\">\n\tFOR _ME design<\/h1>\t\t<\/div>\n\t\t\t\t<\/div>\n\t\t\t\t<div class=\"elementor-element elementor-element-c147773 elementor-widget__width-initial elementor-widget-tablet__width-inherit exad-sticky-section-no exad-glass-effect-no elementor-widget elementor-widget-text-editor\" data-id=\"c147773\" data-element_type=\"widget\" data-widget_type=\"text-editor.default\">\n\t\t\t\t<div class=\"elementor-widget-container\">\n\t\t\t<style>\/*! elementor - v3.5.6 - 28-02-2022 *\/\n.elementor-widget-text-editor.elementor-drop-cap-view-stacked .elementor-drop-cap{background-color:#818a91;color:#fff}.elementor-widget-text-editor.elementor-drop-cap-view-framed .elementor-drop-cap{color:#818a91;border:3px solid;background-color:transparent}.elementor-widget-text-editor:not(.elementor-drop-cap-view-default) .elementor-drop-cap{margin-top:8px}.elementor-widget-text-editor:not(.elementor-drop-cap-view-default) .elementor-drop-cap-letter{width:1em;height:1em}.elementor-widget-text-editor .elementor-drop-cap{float:left;text-align:center;line-height:1;font-size:50px}.elementor-widget-text-editor .elementor-drop-cap-letter{display:inline-block}<\/style>\t\t\t\tCarlo Trevisani na\u00eet \u00e0 Tel-Aviv en 1979. Il a fr\u00e9quent\u00e9 la facult\u00e9 de Design du produit \u00e0 l\u2019Universit\u00e9 de Tel-Aviv o\u00f9 il s&rsquo;est dipl\u00f4m\u00e9 en 2002. De 2002 \u00e0 2009, deux exp\u00e9riences professionnelles \u00e0 Hong Kong le conduisent \u00e0 se mettre \u00e0 l&rsquo;architecture, design d\u2019int\u00e9rieur et \u00e0 approfondir des m\u00e9thodes et des approches conceptuelles diff\u00e9rentes.\n\nEn 2010, il ouvre son cabinet \u00e0 Tel-Aviv, o\u00f9 il entame un parcours conceptuel qui le conduit \u00e0 l\u2019autoproduction de petites pi\u00e8ces de design li\u00e9es \u00e0 la maison et \u00e0 l\u2019espace cuisine. La collaboration avec MY na\u00eet en 2012 et le conduit \u00e0 approfondir l&rsquo;espace de la maison \u00e0 360\u00b0.\t\t\t\t\t\t<\/div>\n\t\t\t\t<\/div>\n\t\t\t\t\t<\/div>\n\t\t<\/div>\n\t\t\t\t<div class=\"elementor-column elementor-col-50 elementor-top-column elementor-element elementor-element-39dad26 exad-glass-effect-no exad-sticky-section-no\" data-id=\"39dad26\" data-element_type=\"column\">\n\t\t\t<div class=\"elementor-widget-wrap elementor-element-populated\">\n\t\t\t\t\t\t\t\t<div class=\"elementor-element elementor-element-a0aaea7 exad-sticky-section-no exad-glass-effect-no elementor-widget elementor-widget-eltdf_single_image\" data-id=\"a0aaea7\" data-element_type=\"widget\" data-widget_type=\"eltdf_single_image.default\">\n\t\t\t\t<div class=\"elementor-widget-container\">\n\t\t\t<div class=\"eltdf-single-image-holder   \">\n    <div class=\"eltdf-si-inner\" >\n                                    <img width=\"1500\" height=\"1500\" src=\"https:\/\/www.myhomecollection.it\/wp-content\/uploads\/2022\/03\/Carlo-Trevisani.jpg\" class=\"attachment-full size-full\" alt=\"\" srcset=\"https:\/\/www.myhomecollection.it\/wp-content\/uploads\/2022\/03\/Carlo-Trevisani.jpg 1500w, https:\/\/www.myhomecollection.it\/wp-content\/uploads\/2022\/03\/Carlo-Trevisani-300x300.jpg 300w, https:\/\/www.myhomecollection.it\/wp-content\/uploads\/2022\/03\/Carlo-Trevisani-1024x1024.jpg 1024w, https:\/\/www.myhomecollection.it\/wp-content\/uploads\/2022\/03\/Carlo-Trevisani-150x150.jpg 150w, https:\/\/www.myhomecollection.it\/wp-content\/uploads\/2022\/03\/Carlo-Trevisani-768x768.jpg 768w, https:\/\/www.myhomecollection.it\/wp-content\/uploads\/2022\/03\/Carlo-Trevisani-650x650.jpg 650w, https:\/\/www.myhomecollection.it\/wp-content\/uploads\/2022\/03\/Carlo-Trevisani-1300x1300.jpg 1300w\" sizes=\"(max-width: 1500px) 100vw, 1500px\" \/>                        <\/div>\n<\/div>\t\t<\/div>\n\t\t\t\t<\/div>\n\t\t\t\t\t<\/div>\n\t\t<\/div>\n\t\t\t\t\t\t\t<\/div>\n\t\t<\/section>\n\t\t\t\t<section data-dynamic-bgrnd=\"#F3E7BE\" class=\"elementor-section elementor-top-section elementor-element elementor-element-4f7b0a1 elementor-section-full_width eltdf-elementor-row-grid-section elementor-section-height-default elementor-section-height-default exad-glass-effect-no exad-sticky-section-no eltdf-parallax-row-no eltdf-content-aligment-left eltdf-disabled-bg-image-bellow-no\" data-id=\"4f7b0a1\" data-element_type=\"section\" data-settings=\"{&quot;background_background&quot;:&quot;classic&quot;}\">\n\t\t\t\t\t\t<div class=\"elementor-container elementor-column-gap-default\">\n\t\t\t\t\t<div class=\"elementor-column elementor-col-100 elementor-top-column elementor-element elementor-element-493cbab exad-glass-effect-no exad-sticky-section-no\" data-id=\"493cbab\" data-element_type=\"column\">\n\t\t\t<div class=\"elementor-widget-wrap elementor-element-populated\">\n\t\t\t\t\t\t\t\t<div class=\"elementor-element elementor-element-386928b elementor-widget__width-initial exad-sticky-section-no exad-glass-effect-no elementor-widget elementor-widget-eltdf_custom_font\" data-id=\"386928b\" data-element_type=\"widget\" data-widget_type=\"eltdf_custom_font.default\">\n\t\t\t\t<div class=\"elementor-widget-container\">\n\t\t\t<h1 class=\"eltdf-custom-font-holder  eltdf-cf-4004  \" style=\"line-height: 70px\" data-item-class=\"eltdf-cf-4004\" data-line-height-680=\"55px\">\n\tProdotti disegnati<\/h1>\t\t<\/div>\n\t\t\t\t<\/div>\n\t\t\t\t\t<\/div>\n\t\t<\/div>\n\t\t\t\t\t\t\t<\/div>\n\t\t<\/section>\n\t\t\t\t<section class=\"elementor-section elementor-top-section elementor-element elementor-element-79c1e13 elementor-section-full_width elementor-section-height-default elementor-section-height-default exad-glass-effect-no exad-sticky-section-no eltdf-parallax-row-no eltdf-content-aligment-left eltdf-elementor-row-grid-no eltdf-disabled-bg-image-bellow-no\" data-id=\"79c1e13\" data-element_type=\"section\">\n\t\t\t\t\t\t<div class=\"elementor-container elementor-column-gap-default\">\n\t\t\t\t\t<div class=\"elementor-column elementor-col-100 elementor-top-column elementor-element elementor-element-2c196e5 exad-glass-effect-no exad-sticky-section-no\" data-id=\"2c196e5\" data-element_type=\"column\">\n\t\t\t<div class=\"elementor-widget-wrap elementor-element-populated\">\n\t\t\t\t\t\t\t\t<div class=\"elementor-element elementor-element-72ba696 exad-sticky-section-no exad-glass-effect-no elementor-widget elementor-widget-eltdf_portfolio_slider\" data-id=\"72ba696\" data-element_type=\"widget\" data-widget_type=\"eltdf_portfolio_slider.default\">\n\t\t\t\t<div class=\"elementor-widget-container\">\n\t\t\t<div class=\"eltdf-portfolio-slider-holder\"><div class=\"eltdf-portfolio-list-holder eltdf-grid-list eltdf-disable-bottom-space eltdf-pl-gallery eltdf-two-columns eltdf-normal-space eltdf-pl-gallery-overlay    eltdf-pl-pag-no-pagination     eltdf-pag-below-slider eltdf-scattered-offset-normal \"  data-type=gallery data-scattered-offset=normal data-number-of-columns=two data-space-between-items=normal data-image-proportions=full data-enable-fixed-proportions=no data-enable-image-shadow=no data-tag=FOR_ME-design data-orderby=date data-order=ASC data-item-style=gallery-overlay data-content-top-margin= data-content-bottom-margin= data-enable-title=yes data-title-tag=h4 data-enable-category=yes data-enable-count-images= data-enable-excerpt=no data-excerpt-length= data-pagination-type=no-pagination data-filter=no data-filter-order-by=name data-portfolio-slider-on=yes data-enable-loop=yes data-enable-autoplay=yes data-enable-navigation=no data-navigation-skin= data-enable-pagination=yes data-pagination-position=below-slider data-enable-list-title=no data-list-title-tag=h1 data-scattered=0 data-max-num-pages=1 data-next-page=2>\n\t\t<div class=\"eltdf-pl-inner eltdf-outer-space eltdf-owl-slider eltdf-list-is-slider clearfix\">\n        \t\t<article class=\"eltdf-pl-item eltdf-item-space  post-17848 portfolio-item type-portfolio-item status-publish has-post-thumbnail hentry portfolio-category-letti-fr portfolio-tag-for-_me-design-fr\">\n\t<div class=\"eltdf-pl-item-inner\" >\n\t\t<div class=\"eltdf-pli-image\">\n\t<img width=\"1300\" height=\"650\" src=\"https:\/\/www.myhomecollection.it\/wp-content\/uploads\/2022\/03\/Bend.jpg\" class=\"attachment-full size-full wp-post-image\" alt=\"\" loading=\"lazy\" srcset=\"https:\/\/www.myhomecollection.it\/wp-content\/uploads\/2022\/03\/Bend.jpg 1300w, https:\/\/www.myhomecollection.it\/wp-content\/uploads\/2022\/03\/Bend-300x150.jpg 300w, https:\/\/www.myhomecollection.it\/wp-content\/uploads\/2022\/03\/Bend-1024x512.jpg 1024w, https:\/\/www.myhomecollection.it\/wp-content\/uploads\/2022\/03\/Bend-768x384.jpg 768w\" sizes=\"(max-width: 1300px) 100vw, 1300px\" \/><\/div>\n<div class=\"eltdf-pli-text-holder\">\n\t<div class=\"eltdf-pli-text-wrapper\">\n\t\t<div class=\"eltdf-pli-text\">\n\t\t\t\t\t<div class=\"eltdf-pli-category-holder\">\n\t\t\t\t\t\t\t<a itemprop=\"url\" class=\"eltdf-pli-category\" href=\"https:\/\/www.myhomecollection.it\/fr\/portfolio-category\/letti-fr\/\">Letti<\/a>\n\t\t\t\t\t<\/div>\n\t\n\t\t\t\t<h4 itemprop=\"name\" class=\"eltdf-pli-title entry-title\" >\n\t\t<span class=\"eltdf-pli-title-inner\">\n\t\t\tBend\t\t<\/span>\n\t<\/h4>\n\n\t\t\t\t\t\t\n\t\t\t\t\t<\/div>\n\t<\/div>\n<\/div>\n        <a itemprop=\"url\" class=\"eltdf-pli-link eltdf-block-drag-link\" href=\"https:\/\/www.myhomecollection.it\/fr\/portfolio-item\/bend-bed\/\" target=\"_self\"><\/a>\n\t<\/div>\n<\/article><article class=\"eltdf-pl-item eltdf-item-space  post-17895 portfolio-item type-portfolio-item status-publish has-post-thumbnail hentry portfolio-category-letti-fr portfolio-tag-for-_me-design-fr\">\n\t<div class=\"eltdf-pl-item-inner\" >\n\t\t<div class=\"eltdf-pli-image\">\n\t<img width=\"1300\" height=\"650\" src=\"https:\/\/www.myhomecollection.it\/wp-content\/uploads\/2022\/03\/Dress.jpg\" class=\"attachment-full size-full wp-post-image\" alt=\"\" loading=\"lazy\" srcset=\"https:\/\/www.myhomecollection.it\/wp-content\/uploads\/2022\/03\/Dress.jpg 1300w, https:\/\/www.myhomecollection.it\/wp-content\/uploads\/2022\/03\/Dress-300x150.jpg 300w, https:\/\/www.myhomecollection.it\/wp-content\/uploads\/2022\/03\/Dress-1024x512.jpg 1024w, https:\/\/www.myhomecollection.it\/wp-content\/uploads\/2022\/03\/Dress-768x384.jpg 768w\" sizes=\"(max-width: 1300px) 100vw, 1300px\" \/><\/div>\n<div class=\"eltdf-pli-text-holder\">\n\t<div class=\"eltdf-pli-text-wrapper\">\n\t\t<div class=\"eltdf-pli-text\">\n\t\t\t\t\t<div class=\"eltdf-pli-category-holder\">\n\t\t\t\t\t\t\t<a itemprop=\"url\" class=\"eltdf-pli-category\" href=\"https:\/\/www.myhomecollection.it\/fr\/portfolio-category\/letti-fr\/\">Letti<\/a>\n\t\t\t\t\t<\/div>\n\t\n\t\t\t\t<h4 itemprop=\"name\" class=\"eltdf-pli-title entry-title\" >\n\t\t<span class=\"eltdf-pli-title-inner\">\n\t\t\tDress\t\t<\/span>\n\t<\/h4>\n\n\t\t\t\t\t\t\n\t\t\t\t\t<\/div>\n\t<\/div>\n<\/div>\n        <a itemprop=\"url\" class=\"eltdf-pli-link eltdf-block-drag-link\" href=\"https:\/\/www.myhomecollection.it\/fr\/portfolio-item\/dress-bed\/\" target=\"_self\"><\/a>\n\t<\/div>\n<\/article><article class=\"eltdf-pl-item eltdf-item-space  post-18109 portfolio-item type-portfolio-item status-publish has-post-thumbnail hentry portfolio-category-letti-fr portfolio-tag-for-_me-design-fr\">\n\t<div class=\"eltdf-pl-item-inner\" >\n\t\t<div class=\"eltdf-pli-image\">\n\t<img width=\"1300\" height=\"650\" src=\"https:\/\/www.myhomecollection.it\/wp-content\/uploads\/2022\/03\/LongIsland-1.jpg\" class=\"attachment-full size-full wp-post-image\" alt=\"\" loading=\"lazy\" srcset=\"https:\/\/www.myhomecollection.it\/wp-content\/uploads\/2022\/03\/LongIsland-1.jpg 1300w, https:\/\/www.myhomecollection.it\/wp-content\/uploads\/2022\/03\/LongIsland-1-300x150.jpg 300w, https:\/\/www.myhomecollection.it\/wp-content\/uploads\/2022\/03\/LongIsland-1-1024x512.jpg 1024w, https:\/\/www.myhomecollection.it\/wp-content\/uploads\/2022\/03\/LongIsland-1-768x384.jpg 768w\" sizes=\"(max-width: 1300px) 100vw, 1300px\" \/><\/div>\n<div class=\"eltdf-pli-text-holder\">\n\t<div class=\"eltdf-pli-text-wrapper\">\n\t\t<div class=\"eltdf-pli-text\">\n\t\t\t\t\t<div class=\"eltdf-pli-category-holder\">\n\t\t\t\t\t\t\t<a itemprop=\"url\" class=\"eltdf-pli-category\" href=\"https:\/\/www.myhomecollection.it\/fr\/portfolio-category\/letti-fr\/\">Letti<\/a>\n\t\t\t\t\t<\/div>\n\t\n\t\t\t\t<h4 itemprop=\"name\" class=\"eltdf-pli-title entry-title\" >\n\t\t<span class=\"eltdf-pli-title-inner\">\n\t\t\tLongIsland\t\t<\/span>\n\t<\/h4>\n\n\t\t\t\t\t\t\n\t\t\t\t\t<\/div>\n\t<\/div>\n<\/div>\n        <a itemprop=\"url\" class=\"eltdf-pli-link eltdf-block-drag-link\" href=\"https:\/\/www.myhomecollection.it\/fr\/portfolio-item\/longisland-bed\/\" target=\"_self\"><\/a>\n\t<\/div>\n<\/article>\t<\/div>\n\t\n\t<\/div><\/div>\t\t<\/div>\n\t\t\t\t<\/div>\n\t\t\t\t\t<\/div>\n\t\t<\/div>\n\t\t\t\t\t\t\t<\/div>\n\t\t<\/section>\n\t\t\t\t\t\t<\/div>\n\t\t\t\t\t<\/div>\n\t\t","protected":false},"excerpt":{"rendered":"<p>FOR _ME design Carlo Trevisani na\u00eet \u00e0 Tel-Aviv en 1979. Il a fr\u00e9quent\u00e9 la facult\u00e9 de Design du produit \u00e0 l\u2019Universit\u00e9 de Tel-Aviv o\u00f9 il s&rsquo;est dipl\u00f4m\u00e9 en 2002. De 2002 \u00e0 2009, deux exp\u00e9riences professionnelles \u00e0 Hong Kong le [&hellip;]<\/p>\n","protected":false},"author":100,"featured_media":0,"parent":0,"menu_order":0,"comment_status":"closed","ping_status":"closed","template":"full-width.php","meta":[],"yoast_head":"<!-- This site is optimized with the Yoast SEO plugin v18.5.1 - https:\/\/yoast.com\/wordpress\/plugins\/seo\/ -->\n<title>FOR _ME design - MyHome Collection<\/title>\n<meta name=\"robots\" content=\"index, follow, max-snippet:-1, max-image-preview:large, max-video-preview:-1\" \/>\n<link rel=\"canonical\" href=\"https:\/\/www.myhomecollection.it\/fr\/for_me-design\/\" \/>\n<meta property=\"og:locale\" content=\"fr_FR\" \/>\n<meta property=\"og:type\" content=\"article\" \/>\n<meta property=\"og:title\" content=\"FOR _ME design - MyHome Collection\" \/>\n<meta property=\"og:description\" content=\"FOR _ME design Carlo Trevisani na\u00eet \u00e0 Tel-Aviv en 1979. Il a fr\u00e9quent\u00e9 la facult\u00e9 de Design du produit \u00e0 l\u2019Universit\u00e9 de Tel-Aviv o\u00f9 il s&rsquo;est dipl\u00f4m\u00e9 en 2002. De 2002 \u00e0 2009, deux exp\u00e9riences professionnelles \u00e0 Hong Kong le [&hellip;]\" \/>\n<meta property=\"og:url\" content=\"https:\/\/www.myhomecollection.it\/fr\/for_me-design\/\" \/>\n<meta property=\"og:site_name\" content=\"MyHome Collection\" \/>\n<meta property=\"article:modified_time\" content=\"2022-05-02T15:08:30+00:00\" \/>\n<meta property=\"og:image\" content=\"http:\/\/myhomecollection.it\/wp-content\/uploads\/2022\/03\/my_home_header_designer-1.jpg\" \/>\n<meta name=\"twitter:card\" content=\"summary_large_image\" \/>\n<meta name=\"twitter:label1\" content=\"Dur\u00e9e de lecture estim\u00e9e\" \/>\n\t<meta name=\"twitter:data1\" content=\"3 minutes\" \/>\n<script type=\"application\/ld+json\" class=\"yoast-schema-graph\">{\"@context\":\"https:\/\/schema.org\",\"@graph\":[{\"@type\":\"WebSite\",\"@id\":\"https:\/\/www.myhomecollection.it\/#website\",\"url\":\"https:\/\/www.myhomecollection.it\/\",\"name\":\"MyHome Collection\",\"description\":\"Elementi d\u2019arredo per uno stile esclusivo\",\"potentialAction\":[{\"@type\":\"SearchAction\",\"target\":{\"@type\":\"EntryPoint\",\"urlTemplate\":\"https:\/\/www.myhomecollection.it\/?s={search_term_string}\"},\"query-input\":\"required name=search_term_string\"}],\"inLanguage\":\"fr-FR\"},{\"@type\":\"ImageObject\",\"@id\":\"https:\/\/www.myhomecollection.it\/fr\/for_me-design\/#primaryimage\",\"inLanguage\":\"fr-FR\",\"url\":\"http:\/\/myhomecollection.it\/wp-content\/uploads\/2022\/03\/my_home_header_designer-1.jpg\",\"contentUrl\":\"http:\/\/myhomecollection.it\/wp-content\/uploads\/2022\/03\/my_home_header_designer-1.jpg\"},{\"@type\":\"WebPage\",\"@id\":\"https:\/\/www.myhomecollection.it\/fr\/for_me-design\/#webpage\",\"url\":\"https:\/\/www.myhomecollection.it\/fr\/for_me-design\/\",\"name\":\"FOR _ME design - MyHome Collection\",\"isPartOf\":{\"@id\":\"https:\/\/www.myhomecollection.it\/#website\"},\"primaryImageOfPage\":{\"@id\":\"https:\/\/www.myhomecollection.it\/fr\/for_me-design\/#primaryimage\"},\"datePublished\":\"2022-03-23T10:13:51+00:00\",\"dateModified\":\"2022-05-02T15:08:30+00:00\",\"breadcrumb\":{\"@id\":\"https:\/\/www.myhomecollection.it\/fr\/for_me-design\/#breadcrumb\"},\"inLanguage\":\"fr-FR\",\"potentialAction\":[{\"@type\":\"ReadAction\",\"target\":[\"https:\/\/www.myhomecollection.it\/fr\/for_me-design\/\"]}]},{\"@type\":\"BreadcrumbList\",\"@id\":\"https:\/\/www.myhomecollection.it\/fr\/for_me-design\/#breadcrumb\",\"itemListElement\":[{\"@type\":\"ListItem\",\"position\":1,\"name\":\"Home\",\"item\":\"https:\/\/www.myhomecollection.it\/\"},{\"@type\":\"ListItem\",\"position\":2,\"name\":\"FOR _ME design\"}]}]}<\/script>\n<!-- \/ Yoast SEO plugin. -->","yoast_head_json":{"title":"FOR _ME design - MyHome Collection","robots":{"index":"index","follow":"follow","max-snippet":"max-snippet:-1","max-image-preview":"max-image-preview:large","max-video-preview":"max-video-preview:-1"},"canonical":"https:\/\/www.myhomecollection.it\/fr\/for_me-design\/","og_locale":"fr_FR","og_type":"article","og_title":"FOR _ME design - MyHome Collection","og_description":"FOR _ME design Carlo Trevisani na\u00eet \u00e0 Tel-Aviv en 1979. Il a fr\u00e9quent\u00e9 la facult\u00e9 de Design du produit \u00e0 l\u2019Universit\u00e9 de Tel-Aviv o\u00f9 il s&rsquo;est dipl\u00f4m\u00e9 en 2002. De 2002 \u00e0 2009, deux exp\u00e9riences professionnelles \u00e0 Hong Kong le [&hellip;]","og_url":"https:\/\/www.myhomecollection.it\/fr\/for_me-design\/","og_site_name":"MyHome Collection","article_modified_time":"2022-05-02T15:08:30+00:00","og_image":[{"url":"http:\/\/myhomecollection.it\/wp-content\/uploads\/2022\/03\/my_home_header_designer-1.jpg"}],"twitter_card":"summary_large_image","twitter_misc":{"Dur\u00e9e de lecture estim\u00e9e":"3 minutes"},"schema":{"@context":"https:\/\/schema.org","@graph":[{"@type":"WebSite","@id":"https:\/\/www.myhomecollection.it\/#website","url":"https:\/\/www.myhomecollection.it\/","name":"MyHome Collection","description":"Elementi d\u2019arredo per uno stile esclusivo","potentialAction":[{"@type":"SearchAction","target":{"@type":"EntryPoint","urlTemplate":"https:\/\/www.myhomecollection.it\/?s={search_term_string}"},"query-input":"required name=search_term_string"}],"inLanguage":"fr-FR"},{"@type":"ImageObject","@id":"https:\/\/www.myhomecollection.it\/fr\/for_me-design\/#primaryimage","inLanguage":"fr-FR","url":"http:\/\/myhomecollection.it\/wp-content\/uploads\/2022\/03\/my_home_header_designer-1.jpg","contentUrl":"http:\/\/myhomecollection.it\/wp-content\/uploads\/2022\/03\/my_home_header_designer-1.jpg"},{"@type":"WebPage","@id":"https:\/\/www.myhomecollection.it\/fr\/for_me-design\/#webpage","url":"https:\/\/www.myhomecollection.it\/fr\/for_me-design\/","name":"FOR _ME design - MyHome Collection","isPartOf":{"@id":"https:\/\/www.myhomecollection.it\/#website"},"primaryImageOfPage":{"@id":"https:\/\/www.myhomecollection.it\/fr\/for_me-design\/#primaryimage"},"datePublished":"2022-03-23T10:13:51+00:00","dateModified":"2022-05-02T15:08:30+00:00","breadcrumb":{"@id":"https:\/\/www.myhomecollection.it\/fr\/for_me-design\/#breadcrumb"},"inLanguage":"fr-FR","potentialAction":[{"@type":"ReadAction","target":["https:\/\/www.myhomecollection.it\/fr\/for_me-design\/"]}]},{"@type":"BreadcrumbList","@id":"https:\/\/www.myhomecollection.it\/fr\/for_me-design\/#breadcrumb","itemListElement":[{"@type":"ListItem","position":1,"name":"Home","item":"https:\/\/www.myhomecollection.it\/"},{"@type":"ListItem","position":2,"name":"FOR _ME design"}]}]}},"_links":{"self":[{"href":"https:\/\/www.myhomecollection.it\/fr\/wp-json\/wp\/v2\/pages\/18508"}],"collection":[{"href":"https:\/\/www.myhomecollection.it\/fr\/wp-json\/wp\/v2\/pages"}],"about":[{"href":"https:\/\/www.myhomecollection.it\/fr\/wp-json\/wp\/v2\/types\/page"}],"author":[{"embeddable":true,"href":"https:\/\/www.myhomecollection.it\/fr\/wp-json\/wp\/v2\/users\/100"}],"replies":[{"embeddable":true,"href":"https:\/\/www.myhomecollection.it\/fr\/wp-json\/wp\/v2\/comments?post=18508"}],"version-history":[{"count":0,"href":"https:\/\/www.myhomecollection.it\/fr\/wp-json\/wp\/v2\/pages\/18508\/revisions"}],"wp:attachment":[{"href":"https:\/\/www.myhomecollection.it\/fr\/wp-json\/wp\/v2\/media?parent=18508"}],"curies":[{"name":"wp","href":"https:\/\/api.w.org\/{rel}","templated":true}]}}