{"id":18511,"date":"2022-03-23T11:24:53","date_gmt":"2022-03-23T10:24:53","guid":{"rendered":"http:\/\/myhomecollection.it\/enrico-cesana\/"},"modified":"2022-04-22T09:31:17","modified_gmt":"2022-04-22T07:31:17","slug":"enrico-cesana","status":"publish","type":"page","link":"https:\/\/www.myhomecollection.it\/fr\/enrico-cesana\/","title":{"rendered":"Enrico Cesana"},"content":{"rendered":"<p><img width=\"1920\" height=\"500\" src=\"http:\/\/myhomecollection.it\/wp-content\/uploads\/2022\/03\/my_home_header_designer-1.jpg\" alt=\"\" loading=\"lazy\" srcset=\"http:\/\/myhomecollection.it\/wp-content\/uploads\/2022\/03\/my_home_header_designer-1.jpg 1920w, http:\/\/myhomecollection.it\/wp-content\/uploads\/2022\/03\/my_home_header_designer-1-300x78.jpg 300w, http:\/\/myhomecollection.it\/wp-content\/uploads\/2022\/03\/my_home_header_designer-1-1024x267.jpg 1024w, http:\/\/myhomecollection.it\/wp-content\/uploads\/2022\/03\/my_home_header_designer-1-768x200.jpg 768w, http:\/\/myhomecollection.it\/wp-content\/uploads\/2022\/03\/my_home_header_designer-1-1536x400.jpg 1536w\" sizes=\"(max-width: 1920px) 100vw, 1920px\" \/>\t\t\t\t\t\t\t\t\t\t\t\t\t\t\t<\/p>\n<h1 style=\"line-height: 70px\" data-item-class=\"eltdf-cf-9201\" data-line-height-680=\"55px\">\n\tEnrico Cesana<\/h1>\n<p>\t\tN\u00e9 en 1970, Enrico Cesana obtient son dipl\u00f4me \u00e0 la facult\u00e9 d&rsquo;architecture du Politechnique de Milan en 1997.<br \/>\nDe 1998 \u00e0 2004, gr\u00e2ce \u00e0 deux exp\u00e9riences professionnelles positives, il commence \u00e0 s&rsquo;occuper de design industriel et d&rsquo;int\u00e9rieur et \u00e0 approfondir des m\u00e9thodes et des approches diff\u00e9rents.<br \/>\nEn 2005, il ouvre son propre studio \u00e0 Lissone o\u00f9 il s&rsquo;occupe de design industriel, de communication et d&rsquo;architecture.<br \/>\nDans ses nombreuses cr\u00e9ations on trouve une vocation particuli\u00e8re pour les syst\u00e8mes rembourr\u00e9s. Il travaille pour les meilleures industries du meuble qui ont marqu\u00e9 et continuent \u00e0 marquer l&rsquo;histoire du design italien.<br \/>\n                                    <img width=\"1500\" height=\"1500\" src=\"http:\/\/myhomecollection.it\/wp-content\/uploads\/2022\/03\/Enrico-Cesana.jpg\" alt=\"\" loading=\"lazy\" srcset=\"http:\/\/myhomecollection.it\/wp-content\/uploads\/2022\/03\/Enrico-Cesana.jpg 1500w, http:\/\/myhomecollection.it\/wp-content\/uploads\/2022\/03\/Enrico-Cesana-300x300.jpg 300w, http:\/\/myhomecollection.it\/wp-content\/uploads\/2022\/03\/Enrico-Cesana-1024x1024.jpg 1024w, http:\/\/myhomecollection.it\/wp-content\/uploads\/2022\/03\/Enrico-Cesana-150x150.jpg 150w, http:\/\/myhomecollection.it\/wp-content\/uploads\/2022\/03\/Enrico-Cesana-768x768.jpg 768w, http:\/\/myhomecollection.it\/wp-content\/uploads\/2022\/03\/Enrico-Cesana-650x650.jpg 650w, http:\/\/myhomecollection.it\/wp-content\/uploads\/2022\/03\/Enrico-Cesana-1300x1300.jpg 1300w\" sizes=\"(max-width: 1500px) 100vw, 1500px\" \/>                        <\/p>\n<h1 style=\"line-height: 70px\" data-item-class=\"eltdf-cf-9341\" data-line-height-680=\"55px\">\n\tProduits fabriqu\u00e9s<\/h1>\n<article>\n\t<img width=\"1300\" height=\"650\" src=\"http:\/\/myhomecollection.it\/wp-content\/uploads\/2022\/03\/Bepop.jpg\" alt=\"\" loading=\"lazy\" srcset=\"http:\/\/myhomecollection.it\/wp-content\/uploads\/2022\/03\/Bepop.jpg 1300w, http:\/\/myhomecollection.it\/wp-content\/uploads\/2022\/03\/Bepop-300x150.jpg 300w, http:\/\/myhomecollection.it\/wp-content\/uploads\/2022\/03\/Bepop-1024x512.jpg 1024w, http:\/\/myhomecollection.it\/wp-content\/uploads\/2022\/03\/Bepop-768x384.jpg 768w\" sizes=\"(max-width: 1300px) 100vw, 1300px\" \/><br \/>\n\t\t\t\t\t\t\t<a itemprop=\"url\" href=\"http:\/\/myhomecollection.it\/fr\/portfolio-category\/tavoli-scrivanie-fr\/\">Tavoli &amp; Scrivanie<\/a><\/p>\n<h4 itemprop=\"name\" >\n\t\t\tBebop<br \/>\n\t<\/h4>\n<p>        <a itemprop=\"url\" href=\"http:\/\/myhomecollection.it\/fr\/portfolio-item\/bebop-table\/\" target=\"_self\" rel=\"noopener\"><\/a><br \/>\n<\/article>\n<article>\n\t<img width=\"1300\" height=\"650\" src=\"http:\/\/myhomecollection.it\/wp-content\/uploads\/2022\/03\/Ego-1.jpg\" alt=\"\" loading=\"lazy\" srcset=\"http:\/\/myhomecollection.it\/wp-content\/uploads\/2022\/03\/Ego-1.jpg 1300w, http:\/\/myhomecollection.it\/wp-content\/uploads\/2022\/03\/Ego-1-300x150.jpg 300w, http:\/\/myhomecollection.it\/wp-content\/uploads\/2022\/03\/Ego-1-1024x512.jpg 1024w, http:\/\/myhomecollection.it\/wp-content\/uploads\/2022\/03\/Ego-1-768x384.jpg 768w\" sizes=\"(max-width: 1300px) 100vw, 1300px\" \/><br \/>\n\t\t\t\t\t\t\t<a itemprop=\"url\" href=\"http:\/\/myhomecollection.it\/fr\/portfolio-category\/panche-pouf-fr\/\">Panche &amp; Pouf<\/a><\/p>\n<h4 itemprop=\"name\" >\n\t\t\tEgo<br \/>\n\t<\/h4>\n<p>        <a itemprop=\"url\" href=\"http:\/\/myhomecollection.it\/fr\/portfolio-item\/ego-bench\/\" target=\"_self\" rel=\"noopener\"><\/a><br \/>\n<\/article>\n<article>\n\t<img width=\"1600\" height=\"850\" src=\"http:\/\/myhomecollection.it\/wp-content\/uploads\/2022\/03\/Knit.jpg\" alt=\"\" loading=\"lazy\" srcset=\"http:\/\/myhomecollection.it\/wp-content\/uploads\/2022\/03\/Knit.jpg 1600w, http:\/\/myhomecollection.it\/wp-content\/uploads\/2022\/03\/Knit-300x159.jpg 300w, http:\/\/myhomecollection.it\/wp-content\/uploads\/2022\/03\/Knit-1024x544.jpg 1024w, http:\/\/myhomecollection.it\/wp-content\/uploads\/2022\/03\/Knit-768x408.jpg 768w, http:\/\/myhomecollection.it\/wp-content\/uploads\/2022\/03\/Knit-1536x816.jpg 1536w\" sizes=\"(max-width: 1600px) 100vw, 1600px\" \/><br \/>\n\t\t\t\t\t\t\t<a itemprop=\"url\" href=\"http:\/\/myhomecollection.it\/fr\/portfolio-category\/divani-fr\/\">Divani<\/a><\/p>\n<h4 itemprop=\"name\" >\n\t\t\tKnit<br \/>\n\t<\/h4>\n<p>        <a itemprop=\"url\" href=\"http:\/\/myhomecollection.it\/fr\/portfolio-item\/knit-sofa\/\" target=\"_self\" rel=\"noopener\"><\/a><br \/>\n<\/article>\n<article>\n\t<img width=\"1300\" height=\"650\" src=\"http:\/\/myhomecollection.it\/wp-content\/uploads\/2022\/03\/Marrakech-1.jpg\" alt=\"\" loading=\"lazy\" srcset=\"http:\/\/myhomecollection.it\/wp-content\/uploads\/2022\/03\/Marrakech-1.jpg 1300w, http:\/\/myhomecollection.it\/wp-content\/uploads\/2022\/03\/Marrakech-1-300x150.jpg 300w, http:\/\/myhomecollection.it\/wp-content\/uploads\/2022\/03\/Marrakech-1-1024x512.jpg 1024w, http:\/\/myhomecollection.it\/wp-content\/uploads\/2022\/03\/Marrakech-1-768x384.jpg 768w\" sizes=\"(max-width: 1300px) 100vw, 1300px\" \/><br \/>\n\t\t\t\t\t\t\t<a itemprop=\"url\" href=\"http:\/\/myhomecollection.it\/fr\/portfolio-category\/panche-pouf-fr\/\">Panche &amp; Pouf<\/a><\/p>\n<h4 itemprop=\"name\" >\n\t\t\tMarrakech<br \/>\n\t<\/h4>\n<p>        <a itemprop=\"url\" href=\"http:\/\/myhomecollection.it\/fr\/portfolio-item\/marrakech-pouf\/\" target=\"_self\" rel=\"noopener\"><\/a><br \/>\n<\/article>\n<article>\n\t<img width=\"1300\" height=\"650\" src=\"http:\/\/myhomecollection.it\/wp-content\/uploads\/2022\/03\/Sleepway.jpg\" alt=\"\" loading=\"lazy\" srcset=\"http:\/\/myhomecollection.it\/wp-content\/uploads\/2022\/03\/Sleepway.jpg 1300w, http:\/\/myhomecollection.it\/wp-content\/uploads\/2022\/03\/Sleepway-300x150.jpg 300w, http:\/\/myhomecollection.it\/wp-content\/uploads\/2022\/03\/Sleepway-1024x512.jpg 1024w, http:\/\/myhomecollection.it\/wp-content\/uploads\/2022\/03\/Sleepway-768x384.jpg 768w\" sizes=\"(max-width: 1300px) 100vw, 1300px\" \/><br \/>\n\t\t\t\t\t\t\t<a itemprop=\"url\" href=\"http:\/\/myhomecollection.it\/fr\/portfolio-category\/letti-fr\/\">Letti<\/a><\/p>\n<h4 itemprop=\"name\" >\n\t\t\tSleepway<br \/>\n\t<\/h4>\n<p>        <a itemprop=\"url\" href=\"http:\/\/myhomecollection.it\/fr\/portfolio-item\/sleepway-bed\/\" target=\"_self\" rel=\"noopener\"><\/a><br \/>\n<\/article>\n<article>\n\t<img width=\"1300\" height=\"650\" src=\"http:\/\/myhomecollection.it\/wp-content\/uploads\/2022\/03\/Softly.jpg\" alt=\"\" loading=\"lazy\" srcset=\"http:\/\/myhomecollection.it\/wp-content\/uploads\/2022\/03\/Softly.jpg 1300w, http:\/\/myhomecollection.it\/wp-content\/uploads\/2022\/03\/Softly-300x150.jpg 300w, http:\/\/myhomecollection.it\/wp-content\/uploads\/2022\/03\/Softly-1024x512.jpg 1024w, http:\/\/myhomecollection.it\/wp-content\/uploads\/2022\/03\/Softly-768x384.jpg 768w\" sizes=\"(max-width: 1300px) 100vw, 1300px\" \/><br \/>\n\t\t\t\t\t\t\t<a itemprop=\"url\" href=\"http:\/\/myhomecollection.it\/fr\/portfolio-category\/divani-fr\/\">Divani<\/a><\/p>\n<h4 itemprop=\"name\" >\n\t\t\tSoftly<br \/>\n\t<\/h4>\n<p>        <a itemprop=\"url\" href=\"http:\/\/myhomecollection.it\/fr\/portfolio-item\/softly-sofa\/\" target=\"_self\" rel=\"noopener\"><\/a><br \/>\n<\/article>\n<article>\n\t<img width=\"1300\" height=\"650\" src=\"http:\/\/myhomecollection.it\/wp-content\/uploads\/2022\/03\/SoftlyOne.jpg\" alt=\"\" loading=\"lazy\" srcset=\"http:\/\/myhomecollection.it\/wp-content\/uploads\/2022\/03\/SoftlyOne.jpg 1300w, http:\/\/myhomecollection.it\/wp-content\/uploads\/2022\/03\/SoftlyOne-300x150.jpg 300w, http:\/\/myhomecollection.it\/wp-content\/uploads\/2022\/03\/SoftlyOne-1024x512.jpg 1024w, http:\/\/myhomecollection.it\/wp-content\/uploads\/2022\/03\/SoftlyOne-768x384.jpg 768w\" sizes=\"(max-width: 1300px) 100vw, 1300px\" \/><br \/>\n\t\t\t\t\t\t\t<a itemprop=\"url\" href=\"http:\/\/myhomecollection.it\/fr\/portfolio-category\/divani-fr\/\">Divani<\/a><\/p>\n<h4 itemprop=\"name\" >\n\t\t\tSoftly One<br \/>\n\t<\/h4>\n<p>        <a itemprop=\"url\" href=\"http:\/\/myhomecollection.it\/fr\/portfolio-item\/softly-one-sofa\/\" target=\"_self\" rel=\"noopener\"><\/a><br \/>\n<\/article>\n","protected":false},"excerpt":{"rendered":"<p>Enrico Cesana N\u00e9 en 1970, Enrico Cesana obtient son dipl\u00f4me \u00e0 la facult\u00e9 d&rsquo;architecture du Politechnique de Milan en 1997. De 1998 \u00e0 2004, gr\u00e2ce \u00e0 deux exp\u00e9riences professionnelles positives, il commence \u00e0 s&rsquo;occuper de design industriel et d&rsquo;int\u00e9rieur et [&hellip;]<\/p>\n","protected":false},"author":100,"featured_media":0,"parent":0,"menu_order":0,"comment_status":"closed","ping_status":"closed","template":"full-width.php","meta":[],"yoast_head":"<!-- This site is optimized with the Yoast SEO plugin v18.5.1 - https:\/\/yoast.com\/wordpress\/plugins\/seo\/ -->\n<title>Enrico Cesana - MyHome Collection<\/title>\n<meta name=\"robots\" content=\"index, follow, max-snippet:-1, max-image-preview:large, max-video-preview:-1\" \/>\n<link rel=\"canonical\" href=\"https:\/\/www.myhomecollection.it\/fr\/enrico-cesana\/\" \/>\n<meta property=\"og:locale\" content=\"fr_FR\" \/>\n<meta property=\"og:type\" content=\"article\" \/>\n<meta property=\"og:title\" content=\"Enrico Cesana - MyHome Collection\" \/>\n<meta property=\"og:description\" content=\"Enrico Cesana N\u00e9 en 1970, Enrico Cesana obtient son dipl\u00f4me \u00e0 la facult\u00e9 d&rsquo;architecture du Politechnique de Milan en 1997. De 1998 \u00e0 2004, gr\u00e2ce \u00e0 deux exp\u00e9riences professionnelles positives, il commence \u00e0 s&rsquo;occuper de design industriel et d&rsquo;int\u00e9rieur et [&hellip;]\" \/>\n<meta property=\"og:url\" content=\"https:\/\/www.myhomecollection.it\/fr\/enrico-cesana\/\" \/>\n<meta property=\"og:site_name\" content=\"MyHome Collection\" \/>\n<meta property=\"article:modified_time\" content=\"2022-04-22T07:31:17+00:00\" \/>\n<meta property=\"og:image\" content=\"http:\/\/myhomecollection.it\/wp-content\/uploads\/2022\/03\/my_home_header_designer-1.jpg\" \/>\n<meta name=\"twitter:card\" content=\"summary_large_image\" \/>\n<meta name=\"twitter:label1\" content=\"Dur\u00e9e de lecture estim\u00e9e\" \/>\n\t<meta name=\"twitter:data1\" content=\"5 minutes\" \/>\n<script type=\"application\/ld+json\" class=\"yoast-schema-graph\">{\"@context\":\"https:\/\/schema.org\",\"@graph\":[{\"@type\":\"WebSite\",\"@id\":\"https:\/\/www.myhomecollection.it\/#website\",\"url\":\"https:\/\/www.myhomecollection.it\/\",\"name\":\"MyHome Collection\",\"description\":\"Elementi d\u2019arredo per uno stile esclusivo\",\"potentialAction\":[{\"@type\":\"SearchAction\",\"target\":{\"@type\":\"EntryPoint\",\"urlTemplate\":\"https:\/\/www.myhomecollection.it\/?s={search_term_string}\"},\"query-input\":\"required name=search_term_string\"}],\"inLanguage\":\"fr-FR\"},{\"@type\":\"ImageObject\",\"@id\":\"https:\/\/www.myhomecollection.it\/fr\/enrico-cesana\/#primaryimage\",\"inLanguage\":\"fr-FR\",\"url\":\"http:\/\/myhomecollection.it\/wp-content\/uploads\/2022\/03\/my_home_header_designer-1.jpg\",\"contentUrl\":\"http:\/\/myhomecollection.it\/wp-content\/uploads\/2022\/03\/my_home_header_designer-1.jpg\"},{\"@type\":\"WebPage\",\"@id\":\"https:\/\/www.myhomecollection.it\/fr\/enrico-cesana\/#webpage\",\"url\":\"https:\/\/www.myhomecollection.it\/fr\/enrico-cesana\/\",\"name\":\"Enrico Cesana - MyHome Collection\",\"isPartOf\":{\"@id\":\"https:\/\/www.myhomecollection.it\/#website\"},\"primaryImageOfPage\":{\"@id\":\"https:\/\/www.myhomecollection.it\/fr\/enrico-cesana\/#primaryimage\"},\"datePublished\":\"2022-03-23T10:24:53+00:00\",\"dateModified\":\"2022-04-22T07:31:17+00:00\",\"breadcrumb\":{\"@id\":\"https:\/\/www.myhomecollection.it\/fr\/enrico-cesana\/#breadcrumb\"},\"inLanguage\":\"fr-FR\",\"potentialAction\":[{\"@type\":\"ReadAction\",\"target\":[\"https:\/\/www.myhomecollection.it\/fr\/enrico-cesana\/\"]}]},{\"@type\":\"BreadcrumbList\",\"@id\":\"https:\/\/www.myhomecollection.it\/fr\/enrico-cesana\/#breadcrumb\",\"itemListElement\":[{\"@type\":\"ListItem\",\"position\":1,\"name\":\"Home\",\"item\":\"https:\/\/www.myhomecollection.it\/\"},{\"@type\":\"ListItem\",\"position\":2,\"name\":\"Enrico Cesana\"}]}]}<\/script>\n<!-- \/ Yoast SEO plugin. -->","yoast_head_json":{"title":"Enrico Cesana - MyHome Collection","robots":{"index":"index","follow":"follow","max-snippet":"max-snippet:-1","max-image-preview":"max-image-preview:large","max-video-preview":"max-video-preview:-1"},"canonical":"https:\/\/www.myhomecollection.it\/fr\/enrico-cesana\/","og_locale":"fr_FR","og_type":"article","og_title":"Enrico Cesana - MyHome Collection","og_description":"Enrico Cesana N\u00e9 en 1970, Enrico Cesana obtient son dipl\u00f4me \u00e0 la facult\u00e9 d&rsquo;architecture du Politechnique de Milan en 1997. De 1998 \u00e0 2004, gr\u00e2ce \u00e0 deux exp\u00e9riences professionnelles positives, il commence \u00e0 s&rsquo;occuper de design industriel et d&rsquo;int\u00e9rieur et [&hellip;]","og_url":"https:\/\/www.myhomecollection.it\/fr\/enrico-cesana\/","og_site_name":"MyHome Collection","article_modified_time":"2022-04-22T07:31:17+00:00","og_image":[{"url":"http:\/\/myhomecollection.it\/wp-content\/uploads\/2022\/03\/my_home_header_designer-1.jpg"}],"twitter_card":"summary_large_image","twitter_misc":{"Dur\u00e9e de lecture estim\u00e9e":"5 minutes"},"schema":{"@context":"https:\/\/schema.org","@graph":[{"@type":"WebSite","@id":"https:\/\/www.myhomecollection.it\/#website","url":"https:\/\/www.myhomecollection.it\/","name":"MyHome Collection","description":"Elementi d\u2019arredo per uno stile esclusivo","potentialAction":[{"@type":"SearchAction","target":{"@type":"EntryPoint","urlTemplate":"https:\/\/www.myhomecollection.it\/?s={search_term_string}"},"query-input":"required name=search_term_string"}],"inLanguage":"fr-FR"},{"@type":"ImageObject","@id":"https:\/\/www.myhomecollection.it\/fr\/enrico-cesana\/#primaryimage","inLanguage":"fr-FR","url":"http:\/\/myhomecollection.it\/wp-content\/uploads\/2022\/03\/my_home_header_designer-1.jpg","contentUrl":"http:\/\/myhomecollection.it\/wp-content\/uploads\/2022\/03\/my_home_header_designer-1.jpg"},{"@type":"WebPage","@id":"https:\/\/www.myhomecollection.it\/fr\/enrico-cesana\/#webpage","url":"https:\/\/www.myhomecollection.it\/fr\/enrico-cesana\/","name":"Enrico Cesana - MyHome Collection","isPartOf":{"@id":"https:\/\/www.myhomecollection.it\/#website"},"primaryImageOfPage":{"@id":"https:\/\/www.myhomecollection.it\/fr\/enrico-cesana\/#primaryimage"},"datePublished":"2022-03-23T10:24:53+00:00","dateModified":"2022-04-22T07:31:17+00:00","breadcrumb":{"@id":"https:\/\/www.myhomecollection.it\/fr\/enrico-cesana\/#breadcrumb"},"inLanguage":"fr-FR","potentialAction":[{"@type":"ReadAction","target":["https:\/\/www.myhomecollection.it\/fr\/enrico-cesana\/"]}]},{"@type":"BreadcrumbList","@id":"https:\/\/www.myhomecollection.it\/fr\/enrico-cesana\/#breadcrumb","itemListElement":[{"@type":"ListItem","position":1,"name":"Home","item":"https:\/\/www.myhomecollection.it\/"},{"@type":"ListItem","position":2,"name":"Enrico Cesana"}]}]}},"_links":{"self":[{"href":"https:\/\/www.myhomecollection.it\/fr\/wp-json\/wp\/v2\/pages\/18511"}],"collection":[{"href":"https:\/\/www.myhomecollection.it\/fr\/wp-json\/wp\/v2\/pages"}],"about":[{"href":"https:\/\/www.myhomecollection.it\/fr\/wp-json\/wp\/v2\/types\/page"}],"author":[{"embeddable":true,"href":"https:\/\/www.myhomecollection.it\/fr\/wp-json\/wp\/v2\/users\/100"}],"replies":[{"embeddable":true,"href":"https:\/\/www.myhomecollection.it\/fr\/wp-json\/wp\/v2\/comments?post=18511"}],"version-history":[{"count":0,"href":"https:\/\/www.myhomecollection.it\/fr\/wp-json\/wp\/v2\/pages\/18511\/revisions"}],"wp:attachment":[{"href":"https:\/\/www.myhomecollection.it\/fr\/wp-json\/wp\/v2\/media?parent=18511"}],"curies":[{"name":"wp","href":"https:\/\/api.w.org\/{rel}","templated":true}]}}