{"id":18514,"date":"2022-03-23T11:31:19","date_gmt":"2022-03-23T10:31:19","guid":{"rendered":"http:\/\/myhomecollection.it\/fabio-bortolani\/"},"modified":"2022-05-02T17:07:51","modified_gmt":"2022-05-02T15:07:51","slug":"fabio-bortolani","status":"publish","type":"page","link":"https:\/\/www.myhomecollection.it\/fr\/fabio-bortolani\/","title":{"rendered":"Fabio Bortolani"},"content":{"rendered":"<p><img width=\"1920\" height=\"500\" src=\"http:\/\/myhomecollection.it\/wp-content\/uploads\/2022\/03\/my_home_header_designer-1.jpg\" alt=\"\" loading=\"lazy\" srcset=\"http:\/\/myhomecollection.it\/wp-content\/uploads\/2022\/03\/my_home_header_designer-1.jpg 1920w, http:\/\/myhomecollection.it\/wp-content\/uploads\/2022\/03\/my_home_header_designer-1-300x78.jpg 300w, http:\/\/myhomecollection.it\/wp-content\/uploads\/2022\/03\/my_home_header_designer-1-1024x267.jpg 1024w, http:\/\/myhomecollection.it\/wp-content\/uploads\/2022\/03\/my_home_header_designer-1-768x200.jpg 768w, http:\/\/myhomecollection.it\/wp-content\/uploads\/2022\/03\/my_home_header_designer-1-1536x400.jpg 1536w\" sizes=\"(max-width: 1920px) 100vw, 1920px\" \/>\t\t\t\t\t\t\t\t\t\t\t\t\t\t\t<\/p>\n<h1 style=\"line-height: 70px\" data-item-class=\"eltdf-cf-8578\" data-line-height-680=\"55px\">\n\tFabio Bortolani<\/h1>\n<p>\t\tArchitecte et designer, il vit et travaille \u00e0 Spilamberto, dans la province de Mod\u00e8ne. Il collabore avec de nombreuses entreprises en Italie et \u00e0 l\u2019\u00e9tranger, il a obtenu de nombreuses cons\u00e9crations et r\u00e9compenses internationales, dont une acquisition au Victoria and Albert Museum de Londres et le prix Design Plus \u00e0 Francfort. Il participe \u00e0 de nombreuses expositions \u00e0 travers le monde.<br \/>\n                                    <img width=\"1500\" height=\"1500\" src=\"http:\/\/myhomecollection.it\/wp-content\/uploads\/2022\/03\/Fabio-Bortolani.jpg\" alt=\"\" loading=\"lazy\" srcset=\"http:\/\/myhomecollection.it\/wp-content\/uploads\/2022\/03\/Fabio-Bortolani.jpg 1500w, http:\/\/myhomecollection.it\/wp-content\/uploads\/2022\/03\/Fabio-Bortolani-300x300.jpg 300w, http:\/\/myhomecollection.it\/wp-content\/uploads\/2022\/03\/Fabio-Bortolani-1024x1024.jpg 1024w, http:\/\/myhomecollection.it\/wp-content\/uploads\/2022\/03\/Fabio-Bortolani-150x150.jpg 150w, http:\/\/myhomecollection.it\/wp-content\/uploads\/2022\/03\/Fabio-Bortolani-768x768.jpg 768w, http:\/\/myhomecollection.it\/wp-content\/uploads\/2022\/03\/Fabio-Bortolani-650x650.jpg 650w, http:\/\/myhomecollection.it\/wp-content\/uploads\/2022\/03\/Fabio-Bortolani-1300x1300.jpg 1300w\" sizes=\"(max-width: 1500px) 100vw, 1500px\" \/>                        <\/p>\n<h1 style=\"line-height: 70px\" data-item-class=\"eltdf-cf-3249\" data-line-height-680=\"55px\">\n\tProduits fabriqu\u00e9s<\/h1>\n<article>\n\t<img width=\"1300\" height=\"650\" src=\"http:\/\/myhomecollection.it\/wp-content\/uploads\/2022\/03\/Babele-1.jpg\" alt=\"\" loading=\"lazy\" srcset=\"http:\/\/myhomecollection.it\/wp-content\/uploads\/2022\/03\/Babele-1.jpg 1300w, http:\/\/myhomecollection.it\/wp-content\/uploads\/2022\/03\/Babele-1-300x150.jpg 300w, http:\/\/myhomecollection.it\/wp-content\/uploads\/2022\/03\/Babele-1-1024x512.jpg 1024w, http:\/\/myhomecollection.it\/wp-content\/uploads\/2022\/03\/Babele-1-768x384.jpg 768w\" sizes=\"(max-width: 1300px) 100vw, 1300px\" \/><br \/>\n\t\t\t\t\t\t\t<a itemprop=\"url\" href=\"http:\/\/myhomecollection.it\/fr\/portfolio-category\/librerie-fr\/\">Librerie<\/a><\/p>\n<h4 itemprop=\"name\" >\n\t\t\tBabele<br \/>\n\t<\/h4>\n<p>        <a itemprop=\"url\" href=\"http:\/\/myhomecollection.it\/fr\/portfolio-item\/babele-bookcase\/\" target=\"_self\" rel=\"noopener\"><\/a><br \/>\n<\/article>\n<article>\n\t<img width=\"1300\" height=\"650\" src=\"http:\/\/myhomecollection.it\/wp-content\/uploads\/2022\/03\/Onda.jpg\" alt=\"\" loading=\"lazy\" srcset=\"http:\/\/myhomecollection.it\/wp-content\/uploads\/2022\/03\/Onda.jpg 1300w, http:\/\/myhomecollection.it\/wp-content\/uploads\/2022\/03\/Onda-300x150.jpg 300w, http:\/\/myhomecollection.it\/wp-content\/uploads\/2022\/03\/Onda-1024x512.jpg 1024w, http:\/\/myhomecollection.it\/wp-content\/uploads\/2022\/03\/Onda-768x384.jpg 768w\" sizes=\"(max-width: 1300px) 100vw, 1300px\" \/><br \/>\n\t\t\t\t\t\t\t<a itemprop=\"url\" href=\"http:\/\/myhomecollection.it\/fr\/portfolio-category\/panche-pouf-fr\/\">Panche &amp; Pouf<\/a><\/p>\n<h4 itemprop=\"name\" >\n\t\t\tOnda<br \/>\n\t<\/h4>\n<p>        <a itemprop=\"url\" href=\"http:\/\/myhomecollection.it\/fr\/portfolio-item\/onda-ottoman\/\" target=\"_self\" rel=\"noopener\"><\/a><br \/>\n<\/article>\n<article>\n\t<img width=\"1300\" height=\"650\" src=\"http:\/\/myhomecollection.it\/wp-content\/uploads\/2022\/03\/Tetris.jpg\" alt=\"\" loading=\"lazy\" srcset=\"http:\/\/myhomecollection.it\/wp-content\/uploads\/2022\/03\/Tetris.jpg 1300w, http:\/\/myhomecollection.it\/wp-content\/uploads\/2022\/03\/Tetris-300x150.jpg 300w, http:\/\/myhomecollection.it\/wp-content\/uploads\/2022\/03\/Tetris-1024x512.jpg 1024w, http:\/\/myhomecollection.it\/wp-content\/uploads\/2022\/03\/Tetris-768x384.jpg 768w\" sizes=\"(max-width: 1300px) 100vw, 1300px\" \/><br \/>\n\t\t\t\t\t\t\t<a itemprop=\"url\" href=\"http:\/\/myhomecollection.it\/fr\/portfolio-category\/mobili-fr\/\">Mobili<\/a><\/p>\n<h4 itemprop=\"name\" >\n\t\t\tTetris<br \/>\n\t<\/h4>\n<p>        <a itemprop=\"url\" href=\"http:\/\/myhomecollection.it\/fr\/portfolio-item\/tetris-cabinets\/\" target=\"_self\" rel=\"noopener\"><\/a><br \/>\n<\/article>\n<article>\n\t<img width=\"1300\" height=\"650\" src=\"http:\/\/myhomecollection.it\/wp-content\/uploads\/2022\/03\/Tetris-1.jpg\" alt=\"\" loading=\"lazy\" srcset=\"http:\/\/myhomecollection.it\/wp-content\/uploads\/2022\/03\/Tetris-1.jpg 1300w, http:\/\/myhomecollection.it\/wp-content\/uploads\/2022\/03\/Tetris-1-300x150.jpg 300w, http:\/\/myhomecollection.it\/wp-content\/uploads\/2022\/03\/Tetris-1-1024x512.jpg 1024w, http:\/\/myhomecollection.it\/wp-content\/uploads\/2022\/03\/Tetris-1-768x384.jpg 768w\" sizes=\"(max-width: 1300px) 100vw, 1300px\" \/><br \/>\n\t\t\t\t\t\t\t<a itemprop=\"url\" href=\"http:\/\/myhomecollection.it\/fr\/portfolio-category\/mobili-fr\/\">Mobili<\/a><\/p>\n<h4 itemprop=\"name\" >\n\t\t\tTetris Totem<br \/>\n\t<\/h4>\n<p>        <a itemprop=\"url\" href=\"http:\/\/myhomecollection.it\/fr\/portfolio-item\/tetris-totem-tower-unit\/\" target=\"_self\" rel=\"noopener\"><\/a><br \/>\n<\/article>\n","protected":false},"excerpt":{"rendered":"<p>Fabio Bortolani Architecte et designer, il vit et travaille \u00e0 Spilamberto, dans la province de Mod\u00e8ne. Il collabore avec de nombreuses entreprises en Italie et \u00e0 l\u2019\u00e9tranger, il a obtenu de nombreuses cons\u00e9crations et r\u00e9compenses internationales, dont une acquisition au [&hellip;]<\/p>\n","protected":false},"author":100,"featured_media":0,"parent":0,"menu_order":0,"comment_status":"closed","ping_status":"closed","template":"full-width.php","meta":[],"yoast_head":"<!-- This site is optimized with the Yoast SEO plugin v18.5.1 - https:\/\/yoast.com\/wordpress\/plugins\/seo\/ -->\n<title>Fabio Bortolani - MyHome Collection<\/title>\n<meta name=\"robots\" content=\"index, follow, max-snippet:-1, max-image-preview:large, max-video-preview:-1\" \/>\n<link rel=\"canonical\" href=\"https:\/\/www.myhomecollection.it\/fr\/fabio-bortolani\/\" \/>\n<meta property=\"og:locale\" content=\"fr_FR\" \/>\n<meta property=\"og:type\" content=\"article\" \/>\n<meta property=\"og:title\" content=\"Fabio Bortolani - MyHome Collection\" \/>\n<meta property=\"og:description\" content=\"Fabio Bortolani Architecte et designer, il vit et travaille \u00e0 Spilamberto, dans la province de Mod\u00e8ne. Il collabore avec de nombreuses entreprises en Italie et \u00e0 l\u2019\u00e9tranger, il a obtenu de nombreuses cons\u00e9crations et r\u00e9compenses internationales, dont une acquisition au [&hellip;]\" \/>\n<meta property=\"og:url\" content=\"https:\/\/www.myhomecollection.it\/fr\/fabio-bortolani\/\" \/>\n<meta property=\"og:site_name\" content=\"MyHome Collection\" \/>\n<meta property=\"article:modified_time\" content=\"2022-05-02T15:07:51+00:00\" \/>\n<meta property=\"og:image\" content=\"http:\/\/myhomecollection.it\/wp-content\/uploads\/2022\/03\/my_home_header_designer-1.jpg\" \/>\n<meta name=\"twitter:card\" content=\"summary_large_image\" \/>\n<meta name=\"twitter:label1\" content=\"Dur\u00e9e de lecture estim\u00e9e\" \/>\n\t<meta name=\"twitter:data1\" content=\"3 minutes\" \/>\n<script type=\"application\/ld+json\" class=\"yoast-schema-graph\">{\"@context\":\"https:\/\/schema.org\",\"@graph\":[{\"@type\":\"WebSite\",\"@id\":\"https:\/\/www.myhomecollection.it\/#website\",\"url\":\"https:\/\/www.myhomecollection.it\/\",\"name\":\"MyHome Collection\",\"description\":\"Elementi d\u2019arredo per uno stile esclusivo\",\"potentialAction\":[{\"@type\":\"SearchAction\",\"target\":{\"@type\":\"EntryPoint\",\"urlTemplate\":\"https:\/\/www.myhomecollection.it\/?s={search_term_string}\"},\"query-input\":\"required name=search_term_string\"}],\"inLanguage\":\"fr-FR\"},{\"@type\":\"ImageObject\",\"@id\":\"https:\/\/www.myhomecollection.it\/fr\/fabio-bortolani\/#primaryimage\",\"inLanguage\":\"fr-FR\",\"url\":\"http:\/\/myhomecollection.it\/wp-content\/uploads\/2022\/03\/my_home_header_designer-1.jpg\",\"contentUrl\":\"http:\/\/myhomecollection.it\/wp-content\/uploads\/2022\/03\/my_home_header_designer-1.jpg\"},{\"@type\":\"WebPage\",\"@id\":\"https:\/\/www.myhomecollection.it\/fr\/fabio-bortolani\/#webpage\",\"url\":\"https:\/\/www.myhomecollection.it\/fr\/fabio-bortolani\/\",\"name\":\"Fabio Bortolani - MyHome Collection\",\"isPartOf\":{\"@id\":\"https:\/\/www.myhomecollection.it\/#website\"},\"primaryImageOfPage\":{\"@id\":\"https:\/\/www.myhomecollection.it\/fr\/fabio-bortolani\/#primaryimage\"},\"datePublished\":\"2022-03-23T10:31:19+00:00\",\"dateModified\":\"2022-05-02T15:07:51+00:00\",\"breadcrumb\":{\"@id\":\"https:\/\/www.myhomecollection.it\/fr\/fabio-bortolani\/#breadcrumb\"},\"inLanguage\":\"fr-FR\",\"potentialAction\":[{\"@type\":\"ReadAction\",\"target\":[\"https:\/\/www.myhomecollection.it\/fr\/fabio-bortolani\/\"]}]},{\"@type\":\"BreadcrumbList\",\"@id\":\"https:\/\/www.myhomecollection.it\/fr\/fabio-bortolani\/#breadcrumb\",\"itemListElement\":[{\"@type\":\"ListItem\",\"position\":1,\"name\":\"Home\",\"item\":\"https:\/\/www.myhomecollection.it\/\"},{\"@type\":\"ListItem\",\"position\":2,\"name\":\"Fabio Bortolani\"}]}]}<\/script>\n<!-- \/ Yoast SEO plugin. -->","yoast_head_json":{"title":"Fabio Bortolani - MyHome Collection","robots":{"index":"index","follow":"follow","max-snippet":"max-snippet:-1","max-image-preview":"max-image-preview:large","max-video-preview":"max-video-preview:-1"},"canonical":"https:\/\/www.myhomecollection.it\/fr\/fabio-bortolani\/","og_locale":"fr_FR","og_type":"article","og_title":"Fabio Bortolani - MyHome Collection","og_description":"Fabio Bortolani Architecte et designer, il vit et travaille \u00e0 Spilamberto, dans la province de Mod\u00e8ne. Il collabore avec de nombreuses entreprises en Italie et \u00e0 l\u2019\u00e9tranger, il a obtenu de nombreuses cons\u00e9crations et r\u00e9compenses internationales, dont une acquisition au [&hellip;]","og_url":"https:\/\/www.myhomecollection.it\/fr\/fabio-bortolani\/","og_site_name":"MyHome Collection","article_modified_time":"2022-05-02T15:07:51+00:00","og_image":[{"url":"http:\/\/myhomecollection.it\/wp-content\/uploads\/2022\/03\/my_home_header_designer-1.jpg"}],"twitter_card":"summary_large_image","twitter_misc":{"Dur\u00e9e de lecture estim\u00e9e":"3 minutes"},"schema":{"@context":"https:\/\/schema.org","@graph":[{"@type":"WebSite","@id":"https:\/\/www.myhomecollection.it\/#website","url":"https:\/\/www.myhomecollection.it\/","name":"MyHome Collection","description":"Elementi d\u2019arredo per uno stile esclusivo","potentialAction":[{"@type":"SearchAction","target":{"@type":"EntryPoint","urlTemplate":"https:\/\/www.myhomecollection.it\/?s={search_term_string}"},"query-input":"required name=search_term_string"}],"inLanguage":"fr-FR"},{"@type":"ImageObject","@id":"https:\/\/www.myhomecollection.it\/fr\/fabio-bortolani\/#primaryimage","inLanguage":"fr-FR","url":"http:\/\/myhomecollection.it\/wp-content\/uploads\/2022\/03\/my_home_header_designer-1.jpg","contentUrl":"http:\/\/myhomecollection.it\/wp-content\/uploads\/2022\/03\/my_home_header_designer-1.jpg"},{"@type":"WebPage","@id":"https:\/\/www.myhomecollection.it\/fr\/fabio-bortolani\/#webpage","url":"https:\/\/www.myhomecollection.it\/fr\/fabio-bortolani\/","name":"Fabio Bortolani - MyHome Collection","isPartOf":{"@id":"https:\/\/www.myhomecollection.it\/#website"},"primaryImageOfPage":{"@id":"https:\/\/www.myhomecollection.it\/fr\/fabio-bortolani\/#primaryimage"},"datePublished":"2022-03-23T10:31:19+00:00","dateModified":"2022-05-02T15:07:51+00:00","breadcrumb":{"@id":"https:\/\/www.myhomecollection.it\/fr\/fabio-bortolani\/#breadcrumb"},"inLanguage":"fr-FR","potentialAction":[{"@type":"ReadAction","target":["https:\/\/www.myhomecollection.it\/fr\/fabio-bortolani\/"]}]},{"@type":"BreadcrumbList","@id":"https:\/\/www.myhomecollection.it\/fr\/fabio-bortolani\/#breadcrumb","itemListElement":[{"@type":"ListItem","position":1,"name":"Home","item":"https:\/\/www.myhomecollection.it\/"},{"@type":"ListItem","position":2,"name":"Fabio Bortolani"}]}]}},"_links":{"self":[{"href":"https:\/\/www.myhomecollection.it\/fr\/wp-json\/wp\/v2\/pages\/18514"}],"collection":[{"href":"https:\/\/www.myhomecollection.it\/fr\/wp-json\/wp\/v2\/pages"}],"about":[{"href":"https:\/\/www.myhomecollection.it\/fr\/wp-json\/wp\/v2\/types\/page"}],"author":[{"embeddable":true,"href":"https:\/\/www.myhomecollection.it\/fr\/wp-json\/wp\/v2\/users\/100"}],"replies":[{"embeddable":true,"href":"https:\/\/www.myhomecollection.it\/fr\/wp-json\/wp\/v2\/comments?post=18514"}],"version-history":[{"count":0,"href":"https:\/\/www.myhomecollection.it\/fr\/wp-json\/wp\/v2\/pages\/18514\/revisions"}],"wp:attachment":[{"href":"https:\/\/www.myhomecollection.it\/fr\/wp-json\/wp\/v2\/media?parent=18514"}],"curies":[{"name":"wp","href":"https:\/\/api.w.org\/{rel}","templated":true}]}}