{"id":18523,"date":"2022-03-23T12:05:47","date_gmt":"2022-03-23T11:05:47","guid":{"rendered":"http:\/\/myhomecollection.it\/radice-orlandini-design-studio\/"},"modified":"2022-04-22T09:05:43","modified_gmt":"2022-04-22T07:05:43","slug":"radice-orlandini-design-studio","status":"publish","type":"page","link":"https:\/\/www.myhomecollection.it\/fr\/radice-orlandini-design-studio\/","title":{"rendered":"RADICE ORLANDINI design studio"},"content":{"rendered":"\t\t<div data-elementor-type=\"wp-page\" data-elementor-id=\"18523\" class=\"elementor elementor-18523 elementor-11684\" data-elementor-settings=\"[]\">\n\t\t\t\t\t\t\t<div class=\"elementor-section-wrap\">\n\t\t\t\t\t\t\t<section class=\"elementor-section elementor-top-section elementor-element elementor-element-b67704a elementor-section-full_width elementor-section-stretched elementor-section-height-default elementor-section-height-default exad-glass-effect-no exad-sticky-section-no eltdf-parallax-row-no eltdf-content-aligment-left eltdf-elementor-row-grid-no eltdf-disabled-bg-image-bellow-no\" data-id=\"b67704a\" data-element_type=\"section\" data-settings=\"{&quot;stretch_section&quot;:&quot;section-stretched&quot;,&quot;background_background&quot;:&quot;classic&quot;}\">\n\t\t\t\t\t\t<div class=\"elementor-container elementor-column-gap-default\">\n\t\t\t\t\t<div class=\"elementor-column elementor-col-100 elementor-top-column elementor-element elementor-element-8ff8e02 exad-glass-effect-no exad-sticky-section-no\" data-id=\"8ff8e02\" data-element_type=\"column\">\n\t\t\t<div class=\"elementor-widget-wrap elementor-element-populated\">\n\t\t\t\t\t\t\t\t<div class=\"elementor-element elementor-element-3fad940 exad-sticky-section-no exad-glass-effect-no elementor-widget elementor-widget-image\" data-id=\"3fad940\" data-element_type=\"widget\" data-widget_type=\"image.default\">\n\t\t\t\t<div class=\"elementor-widget-container\">\n\t\t\t<style>\/*! elementor - v3.5.6 - 28-02-2022 *\/\n.elementor-widget-image{text-align:center}.elementor-widget-image a{display:inline-block}.elementor-widget-image a img[src$=\".svg\"]{width:48px}.elementor-widget-image img{vertical-align:middle;display:inline-block}<\/style>\t\t\t\t\t\t\t\t\t\t\t\t<img width=\"1920\" height=\"500\" src=\"https:\/\/www.myhomecollection.it\/wp-content\/uploads\/2022\/03\/my_home_header_designer-1.jpg\" class=\"attachment-full size-full\" alt=\"\" srcset=\"https:\/\/www.myhomecollection.it\/wp-content\/uploads\/2022\/03\/my_home_header_designer-1.jpg 1920w, https:\/\/www.myhomecollection.it\/wp-content\/uploads\/2022\/03\/my_home_header_designer-1-300x78.jpg 300w, https:\/\/www.myhomecollection.it\/wp-content\/uploads\/2022\/03\/my_home_header_designer-1-1024x267.jpg 1024w, https:\/\/www.myhomecollection.it\/wp-content\/uploads\/2022\/03\/my_home_header_designer-1-768x200.jpg 768w, https:\/\/www.myhomecollection.it\/wp-content\/uploads\/2022\/03\/my_home_header_designer-1-1536x400.jpg 1536w\" sizes=\"(max-width: 1920px) 100vw, 1920px\" \/>\t\t\t\t\t\t\t\t\t\t\t\t\t\t\t<\/div>\n\t\t\t\t<\/div>\n\t\t\t\t\t<\/div>\n\t\t<\/div>\n\t\t\t\t\t\t\t<\/div>\n\t\t<\/section>\n\t\t\t\t<section data-dynamic-bgrnd=\"#EAD5D1\" class=\"elementor-section elementor-top-section elementor-element elementor-element-6735a894 elementor-section-full_width eltdf-elementor-row-grid-section elementor-section-height-full elementor-section-height-default elementor-section-items-middle exad-glass-effect-no exad-sticky-section-no eltdf-parallax-row-no eltdf-content-aligment-left eltdf-disabled-bg-image-bellow-no\" data-id=\"6735a894\" data-element_type=\"section\">\n\t\t\t\t\t\t<div class=\"elementor-container elementor-column-gap-default\">\n\t\t\t\t\t<div class=\"elementor-column elementor-col-50 elementor-top-column elementor-element elementor-element-78770f3 exad-glass-effect-no exad-sticky-section-no\" data-id=\"78770f3\" data-element_type=\"column\">\n\t\t\t<div class=\"elementor-widget-wrap elementor-element-populated\">\n\t\t\t\t\t\t\t\t<div class=\"elementor-element elementor-element-590a5e1 elementor-widget__width-initial exad-sticky-section-no exad-glass-effect-no elementor-widget elementor-widget-eltdf_custom_font\" data-id=\"590a5e1\" data-element_type=\"widget\" data-widget_type=\"eltdf_custom_font.default\">\n\t\t\t\t<div class=\"elementor-widget-container\">\n\t\t\t<h1 class=\"eltdf-custom-font-holder  eltdf-cf-5470  \" style=\"line-height: 70px\" data-item-class=\"eltdf-cf-5470\" data-line-height-680=\"55px\">\n\tRADICE ORLANDINI design studio<\/h1>\t\t<\/div>\n\t\t\t\t<\/div>\n\t\t\t\t<div class=\"elementor-element elementor-element-c147773 elementor-widget__width-initial elementor-widget-tablet__width-inherit exad-sticky-section-no exad-glass-effect-no elementor-widget elementor-widget-text-editor\" data-id=\"c147773\" data-element_type=\"widget\" data-widget_type=\"text-editor.default\">\n\t\t\t\t<div class=\"elementor-widget-container\">\n\t\t\t<style>\/*! elementor - v3.5.6 - 28-02-2022 *\/\n.elementor-widget-text-editor.elementor-drop-cap-view-stacked .elementor-drop-cap{background-color:#818a91;color:#fff}.elementor-widget-text-editor.elementor-drop-cap-view-framed .elementor-drop-cap{color:#818a91;border:3px solid;background-color:transparent}.elementor-widget-text-editor:not(.elementor-drop-cap-view-default) .elementor-drop-cap{margin-top:8px}.elementor-widget-text-editor:not(.elementor-drop-cap-view-default) .elementor-drop-cap-letter{width:1em;height:1em}.elementor-widget-text-editor .elementor-drop-cap{float:left;text-align:center;line-height:1;font-size:50px}.elementor-widget-text-editor .elementor-drop-cap-letter{display:inline-block}<\/style>\t\t\t\tAndrea Radice n\u00e9 en 1979 et Folco Orlandini n\u00e9 en 1972 travaillent ensemble \u00e0 la cr\u00e9ation de produits diff\u00e9rents au style tr\u00e8s personnel et incisif. Les deux ont obtenu leur dipl\u00f4me \u00e0 l&rsquo;\u00c9cole Politechnique de Milan, le premier en dessin industriel et le second en architecture, et ils font leur rencontre apr\u00e8s diff\u00e9rentes exp\u00e9riences de travail. En 2008, ils commencent un rapport cr\u00e9atif gr\u00e2ce auquel ils r\u00e9alisent de nombreux projets pour plusieurs entreprises.\nGuid\u00e9s par l&rsquo;id\u00e9e d&rsquo;un design con\u00e7u comme \u00e9motion qui relie la fonctionnalit\u00e9 \u00e0 l&rsquo;esth\u00e9tique qui dure dans le temps, Andrea et Folco croient dans l&rsquo;id\u00e9ation de projets \u00e0 m\u00eame de synth\u00e9tiser trois \u00e9l\u00e9ments : paternit\u00e9, ironie et am\u00e9lioration. Chaque cr\u00e9ation est suivie au fur et \u00e0 mesure tout au long de son d\u00e9veloppement : de l&rsquo;id\u00e9e initiale jusqu&rsquo;\u00e0 la r\u00e9alisation du produit. L&rsquo;ironie, pens\u00e9e comme une recherche constante de ce qui va au-del\u00e0 du sens simple et \u00e9vident de l&rsquo;objet, caract\u00e9rise depuis toujours la fa\u00e7on de vivre des deux designers et donc leur approche aux projets qui vise \u00e0 chaque fois \u00e0 l&rsquo;am\u00e9lioration des produits d\u00e9j\u00e0 existants. Cro\u00eetre signifie am\u00e9liorer et am\u00e9liorer signifie r\u00e9ussir \u00e0 concevoir des produits toujours sup\u00e9rieurs aux pr\u00e9c\u00e9dents au niveau fonctionnel, esth\u00e9tique, productif, ergonomique et \u00e9conomique.\t\t\t\t\t\t<\/div>\n\t\t\t\t<\/div>\n\t\t\t\t\t<\/div>\n\t\t<\/div>\n\t\t\t\t<div class=\"elementor-column elementor-col-50 elementor-top-column elementor-element elementor-element-39dad26 exad-glass-effect-no exad-sticky-section-no\" data-id=\"39dad26\" data-element_type=\"column\">\n\t\t\t<div class=\"elementor-widget-wrap elementor-element-populated\">\n\t\t\t\t\t\t\t\t<div class=\"elementor-element elementor-element-a0aaea7 exad-sticky-section-no exad-glass-effect-no elementor-widget elementor-widget-eltdf_single_image\" data-id=\"a0aaea7\" data-element_type=\"widget\" data-widget_type=\"eltdf_single_image.default\">\n\t\t\t\t<div class=\"elementor-widget-container\">\n\t\t\t<div class=\"eltdf-single-image-holder   \">\n    <div class=\"eltdf-si-inner\" >\n                                    <img width=\"1500\" height=\"1500\" src=\"https:\/\/www.myhomecollection.it\/wp-content\/uploads\/2022\/03\/Radice-Orlandini.jpg\" class=\"attachment-full size-full\" alt=\"\" srcset=\"https:\/\/www.myhomecollection.it\/wp-content\/uploads\/2022\/03\/Radice-Orlandini.jpg 1500w, https:\/\/www.myhomecollection.it\/wp-content\/uploads\/2022\/03\/Radice-Orlandini-300x300.jpg 300w, https:\/\/www.myhomecollection.it\/wp-content\/uploads\/2022\/03\/Radice-Orlandini-1024x1024.jpg 1024w, https:\/\/www.myhomecollection.it\/wp-content\/uploads\/2022\/03\/Radice-Orlandini-150x150.jpg 150w, https:\/\/www.myhomecollection.it\/wp-content\/uploads\/2022\/03\/Radice-Orlandini-768x768.jpg 768w, https:\/\/www.myhomecollection.it\/wp-content\/uploads\/2022\/03\/Radice-Orlandini-650x650.jpg 650w, https:\/\/www.myhomecollection.it\/wp-content\/uploads\/2022\/03\/Radice-Orlandini-1300x1300.jpg 1300w\" sizes=\"(max-width: 1500px) 100vw, 1500px\" \/>                        <\/div>\n<\/div>\t\t<\/div>\n\t\t\t\t<\/div>\n\t\t\t\t\t<\/div>\n\t\t<\/div>\n\t\t\t\t\t\t\t<\/div>\n\t\t<\/section>\n\t\t\t\t<section data-dynamic-bgrnd=\"#F3E7BE\" class=\"elementor-section elementor-top-section elementor-element elementor-element-4f7b0a1 elementor-section-full_width eltdf-elementor-row-grid-section elementor-section-height-default elementor-section-height-default exad-glass-effect-no exad-sticky-section-no eltdf-parallax-row-no eltdf-content-aligment-left eltdf-disabled-bg-image-bellow-no\" data-id=\"4f7b0a1\" data-element_type=\"section\" data-settings=\"{&quot;background_background&quot;:&quot;classic&quot;}\">\n\t\t\t\t\t\t<div class=\"elementor-container elementor-column-gap-default\">\n\t\t\t\t\t<div class=\"elementor-column elementor-col-100 elementor-top-column elementor-element elementor-element-493cbab exad-glass-effect-no exad-sticky-section-no\" data-id=\"493cbab\" data-element_type=\"column\">\n\t\t\t<div class=\"elementor-widget-wrap elementor-element-populated\">\n\t\t\t\t\t\t\t\t<div class=\"elementor-element elementor-element-386928b elementor-widget__width-initial exad-sticky-section-no exad-glass-effect-no elementor-widget elementor-widget-eltdf_custom_font\" data-id=\"386928b\" data-element_type=\"widget\" data-widget_type=\"eltdf_custom_font.default\">\n\t\t\t\t<div class=\"elementor-widget-container\">\n\t\t\t<h1 class=\"eltdf-custom-font-holder  eltdf-cf-8481  \" style=\"line-height: 70px\" data-item-class=\"eltdf-cf-8481\" data-line-height-680=\"55px\">\n\tProduits fabriqu\u00e9s<\/h1>\t\t<\/div>\n\t\t\t\t<\/div>\n\t\t\t\t\t<\/div>\n\t\t<\/div>\n\t\t\t\t\t\t\t<\/div>\n\t\t<\/section>\n\t\t\t\t<section class=\"elementor-section elementor-top-section elementor-element elementor-element-79c1e13 elementor-section-full_width elementor-section-height-default elementor-section-height-default exad-glass-effect-no exad-sticky-section-no eltdf-parallax-row-no eltdf-content-aligment-left eltdf-elementor-row-grid-no eltdf-disabled-bg-image-bellow-no\" data-id=\"79c1e13\" data-element_type=\"section\">\n\t\t\t\t\t\t<div class=\"elementor-container elementor-column-gap-default\">\n\t\t\t\t\t<div class=\"elementor-column elementor-col-100 elementor-top-column elementor-element elementor-element-2c196e5 exad-glass-effect-no exad-sticky-section-no\" data-id=\"2c196e5\" data-element_type=\"column\">\n\t\t\t<div class=\"elementor-widget-wrap elementor-element-populated\">\n\t\t\t\t\t\t\t\t<div class=\"elementor-element elementor-element-72ba696 exad-sticky-section-no exad-glass-effect-no elementor-widget elementor-widget-eltdf_portfolio_slider\" data-id=\"72ba696\" data-element_type=\"widget\" data-widget_type=\"eltdf_portfolio_slider.default\">\n\t\t\t\t<div class=\"elementor-widget-container\">\n\t\t\t<div class=\"eltdf-portfolio-slider-holder\"><div class=\"eltdf-portfolio-list-holder eltdf-grid-list eltdf-disable-bottom-space eltdf-pl-gallery eltdf-two-columns eltdf-normal-space eltdf-pl-gallery-overlay    eltdf-pl-pag-no-pagination     eltdf-pag-below-slider eltdf-scattered-offset-normal \"  data-type=gallery data-scattered-offset=normal data-number-of-columns=two data-space-between-items=normal data-image-proportions=full data-enable-fixed-proportions=no data-enable-image-shadow=no data-tag=RADICE-ORLANDINI-design-studio data-orderby=date data-order=ASC data-item-style=gallery-overlay data-content-top-margin= data-content-bottom-margin= data-enable-title=yes data-title-tag=h4 data-enable-category=yes data-enable-count-images= data-enable-excerpt=no data-excerpt-length= data-pagination-type=no-pagination data-filter=no data-filter-order-by=name data-portfolio-slider-on=yes data-enable-loop=yes data-enable-autoplay=yes data-enable-navigation=no data-navigation-skin= data-enable-pagination=yes data-pagination-position=below-slider data-enable-list-title=no data-list-title-tag=h1 data-scattered=0 data-max-num-pages=1 data-next-page=2>\n\t\t<div class=\"eltdf-pl-inner eltdf-outer-space eltdf-owl-slider eltdf-list-is-slider clearfix\">\n        \t\t<article class=\"eltdf-pl-item eltdf-item-space  post-17838 portfolio-item type-portfolio-item status-publish has-post-thumbnail hentry portfolio-category-poltrone-fr portfolio-tag-radice-orlandini-design-studio-fr\">\n\t<div class=\"eltdf-pl-item-inner\" >\n\t\t<div class=\"eltdf-pli-image\">\n\t<img width=\"1300\" height=\"650\" src=\"https:\/\/www.myhomecollection.it\/wp-content\/uploads\/2022\/03\/Baloo.jpg\" class=\"attachment-full size-full wp-post-image\" alt=\"\" loading=\"lazy\" srcset=\"https:\/\/www.myhomecollection.it\/wp-content\/uploads\/2022\/03\/Baloo.jpg 1300w, https:\/\/www.myhomecollection.it\/wp-content\/uploads\/2022\/03\/Baloo-300x150.jpg 300w, https:\/\/www.myhomecollection.it\/wp-content\/uploads\/2022\/03\/Baloo-1024x512.jpg 1024w, https:\/\/www.myhomecollection.it\/wp-content\/uploads\/2022\/03\/Baloo-768x384.jpg 768w\" sizes=\"(max-width: 1300px) 100vw, 1300px\" \/><\/div>\n<div class=\"eltdf-pli-text-holder\">\n\t<div class=\"eltdf-pli-text-wrapper\">\n\t\t<div class=\"eltdf-pli-text\">\n\t\t\t\t\t<div class=\"eltdf-pli-category-holder\">\n\t\t\t\t\t\t\t<a itemprop=\"url\" class=\"eltdf-pli-category\" href=\"https:\/\/www.myhomecollection.it\/fr\/portfolio-category\/poltrone-fr\/\">Poltrone<\/a>\n\t\t\t\t\t<\/div>\n\t\n\t\t\t\t<h4 itemprop=\"name\" class=\"eltdf-pli-title entry-title\" >\n\t\t<span class=\"eltdf-pli-title-inner\">\n\t\t\tBaloo\t\t<\/span>\n\t<\/h4>\n\n\t\t\t\t\t\t\n\t\t\t\t\t<\/div>\n\t<\/div>\n<\/div>\n        <a itemprop=\"url\" class=\"eltdf-pli-link eltdf-block-drag-link\" href=\"https:\/\/www.myhomecollection.it\/fr\/portfolio-item\/baloo-armchair\/\" target=\"_self\"><\/a>\n\t<\/div>\n<\/article><article class=\"eltdf-pl-item eltdf-item-space  post-17860 portfolio-item type-portfolio-item status-publish has-post-thumbnail hentry portfolio-category-tavoli-scrivanie-fr portfolio-tag-radice-orlandini-design-studio-fr\">\n\t<div class=\"eltdf-pl-item-inner\" >\n\t\t<div class=\"eltdf-pli-image\">\n\t<img width=\"1300\" height=\"650\" src=\"https:\/\/www.myhomecollection.it\/wp-content\/uploads\/2022\/03\/Chapeau1.jpg\" class=\"attachment-full size-full wp-post-image\" alt=\"\" loading=\"lazy\" srcset=\"https:\/\/www.myhomecollection.it\/wp-content\/uploads\/2022\/03\/Chapeau1.jpg 1300w, https:\/\/www.myhomecollection.it\/wp-content\/uploads\/2022\/03\/Chapeau1-300x150.jpg 300w, https:\/\/www.myhomecollection.it\/wp-content\/uploads\/2022\/03\/Chapeau1-1024x512.jpg 1024w, https:\/\/www.myhomecollection.it\/wp-content\/uploads\/2022\/03\/Chapeau1-768x384.jpg 768w\" sizes=\"(max-width: 1300px) 100vw, 1300px\" \/><\/div>\n<div class=\"eltdf-pli-text-holder\">\n\t<div class=\"eltdf-pli-text-wrapper\">\n\t\t<div class=\"eltdf-pli-text\">\n\t\t\t\t\t<div class=\"eltdf-pli-category-holder\">\n\t\t\t\t\t\t\t<a itemprop=\"url\" class=\"eltdf-pli-category\" href=\"https:\/\/www.myhomecollection.it\/fr\/portfolio-category\/tavoli-scrivanie-fr\/\">Tavoli &amp; Scrivanie<\/a>\n\t\t\t\t\t<\/div>\n\t\n\t\t\t\t<h4 itemprop=\"name\" class=\"eltdf-pli-title entry-title\" >\n\t\t<span class=\"eltdf-pli-title-inner\">\n\t\t\tChapeau\t\t<\/span>\n\t<\/h4>\n\n\t\t\t\t\t\t\n\t\t\t\t\t<\/div>\n\t<\/div>\n<\/div>\n        <a itemprop=\"url\" class=\"eltdf-pli-link eltdf-block-drag-link\" href=\"https:\/\/www.myhomecollection.it\/fr\/portfolio-item\/carmen-make-up-desk\/\" target=\"_self\"><\/a>\n\t<\/div>\n<\/article><article class=\"eltdf-pl-item eltdf-item-space  post-19067 portfolio-item type-portfolio-item status-publish has-post-thumbnail hentry portfolio-category-poltrone-fr portfolio-tag-radice-orlandini-design-studio-fr\">\n\t<div class=\"eltdf-pl-item-inner\" >\n\t\t<div class=\"eltdf-pli-image\">\n\t<img width=\"1300\" height=\"650\" src=\"https:\/\/www.myhomecollection.it\/wp-content\/uploads\/2022\/03\/Hug.jpg\" class=\"attachment-full size-full wp-post-image\" alt=\"\" loading=\"lazy\" srcset=\"https:\/\/www.myhomecollection.it\/wp-content\/uploads\/2022\/03\/Hug.jpg 1300w, https:\/\/www.myhomecollection.it\/wp-content\/uploads\/2022\/03\/Hug-300x150.jpg 300w, https:\/\/www.myhomecollection.it\/wp-content\/uploads\/2022\/03\/Hug-1024x512.jpg 1024w, https:\/\/www.myhomecollection.it\/wp-content\/uploads\/2022\/03\/Hug-768x384.jpg 768w\" sizes=\"(max-width: 1300px) 100vw, 1300px\" \/><\/div>\n<div class=\"eltdf-pli-text-holder\">\n\t<div class=\"eltdf-pli-text-wrapper\">\n\t\t<div class=\"eltdf-pli-text\">\n\t\t\t\t\t<div class=\"eltdf-pli-category-holder\">\n\t\t\t\t\t\t\t<a itemprop=\"url\" class=\"eltdf-pli-category\" href=\"https:\/\/www.myhomecollection.it\/fr\/portfolio-category\/poltrone-fr\/\">Poltrone<\/a>\n\t\t\t\t\t<\/div>\n\t\n\t\t\t\t<h4 itemprop=\"name\" class=\"eltdf-pli-title entry-title\" >\n\t\t<span class=\"eltdf-pli-title-inner\">\n\t\t\tHug\t\t<\/span>\n\t<\/h4>\n\n\t\t\t\t\t\t\n\t\t\t\t\t<\/div>\n\t<\/div>\n<\/div>\n        <a itemprop=\"url\" class=\"eltdf-pli-link eltdf-block-drag-link\" href=\"https:\/\/www.myhomecollection.it\/fr\/portfolio-item\/hug-armchair\/\" target=\"_self\"><\/a>\n\t<\/div>\n<\/article>\t<\/div>\n\t\n\t<\/div><\/div>\t\t<\/div>\n\t\t\t\t<\/div>\n\t\t\t\t\t<\/div>\n\t\t<\/div>\n\t\t\t\t\t\t\t<\/div>\n\t\t<\/section>\n\t\t\t\t\t\t<\/div>\n\t\t\t\t\t<\/div>\n\t\t","protected":false},"excerpt":{"rendered":"<p>RADICE ORLANDINI design studio Andrea Radice n\u00e9 en 1979 et Folco Orlandini n\u00e9 en 1972 travaillent ensemble \u00e0 la cr\u00e9ation de produits diff\u00e9rents au style tr\u00e8s personnel et incisif. Les deux ont obtenu leur dipl\u00f4me \u00e0 l&rsquo;\u00c9cole Politechnique de Milan, [&hellip;]<\/p>\n","protected":false},"author":100,"featured_media":0,"parent":0,"menu_order":0,"comment_status":"closed","ping_status":"closed","template":"full-width.php","meta":[],"yoast_head":"<!-- This site is optimized with the Yoast SEO plugin v18.5.1 - https:\/\/yoast.com\/wordpress\/plugins\/seo\/ -->\n<title>RADICE ORLANDINI design studio - MyHome Collection<\/title>\n<meta name=\"robots\" content=\"index, follow, max-snippet:-1, max-image-preview:large, max-video-preview:-1\" \/>\n<link rel=\"canonical\" href=\"https:\/\/www.myhomecollection.it\/fr\/radice-orlandini-design-studio\/\" \/>\n<meta property=\"og:locale\" content=\"fr_FR\" \/>\n<meta property=\"og:type\" content=\"article\" \/>\n<meta property=\"og:title\" content=\"RADICE ORLANDINI design studio - MyHome Collection\" \/>\n<meta property=\"og:description\" content=\"RADICE ORLANDINI design studio Andrea Radice n\u00e9 en 1979 et Folco Orlandini n\u00e9 en 1972 travaillent ensemble \u00e0 la cr\u00e9ation de produits diff\u00e9rents au style tr\u00e8s personnel et incisif. Les deux ont obtenu leur dipl\u00f4me \u00e0 l&rsquo;\u00c9cole Politechnique de Milan, [&hellip;]\" \/>\n<meta property=\"og:url\" content=\"https:\/\/www.myhomecollection.it\/fr\/radice-orlandini-design-studio\/\" \/>\n<meta property=\"og:site_name\" content=\"MyHome Collection\" \/>\n<meta property=\"article:modified_time\" content=\"2022-04-22T07:05:43+00:00\" \/>\n<meta property=\"og:image\" content=\"http:\/\/myhomecollection.it\/wp-content\/uploads\/2022\/03\/my_home_header_designer-1.jpg\" \/>\n<meta name=\"twitter:card\" content=\"summary_large_image\" \/>\n<meta name=\"twitter:label1\" content=\"Dur\u00e9e de lecture estim\u00e9e\" \/>\n\t<meta name=\"twitter:data1\" content=\"3 minutes\" \/>\n<script type=\"application\/ld+json\" class=\"yoast-schema-graph\">{\"@context\":\"https:\/\/schema.org\",\"@graph\":[{\"@type\":\"WebSite\",\"@id\":\"https:\/\/www.myhomecollection.it\/#website\",\"url\":\"https:\/\/www.myhomecollection.it\/\",\"name\":\"MyHome Collection\",\"description\":\"Elementi d\u2019arredo per uno stile esclusivo\",\"potentialAction\":[{\"@type\":\"SearchAction\",\"target\":{\"@type\":\"EntryPoint\",\"urlTemplate\":\"https:\/\/www.myhomecollection.it\/?s={search_term_string}\"},\"query-input\":\"required name=search_term_string\"}],\"inLanguage\":\"fr-FR\"},{\"@type\":\"ImageObject\",\"@id\":\"https:\/\/www.myhomecollection.it\/fr\/radice-orlandini-design-studio\/#primaryimage\",\"inLanguage\":\"fr-FR\",\"url\":\"http:\/\/myhomecollection.it\/wp-content\/uploads\/2022\/03\/my_home_header_designer-1.jpg\",\"contentUrl\":\"http:\/\/myhomecollection.it\/wp-content\/uploads\/2022\/03\/my_home_header_designer-1.jpg\"},{\"@type\":\"WebPage\",\"@id\":\"https:\/\/www.myhomecollection.it\/fr\/radice-orlandini-design-studio\/#webpage\",\"url\":\"https:\/\/www.myhomecollection.it\/fr\/radice-orlandini-design-studio\/\",\"name\":\"RADICE ORLANDINI design studio - MyHome Collection\",\"isPartOf\":{\"@id\":\"https:\/\/www.myhomecollection.it\/#website\"},\"primaryImageOfPage\":{\"@id\":\"https:\/\/www.myhomecollection.it\/fr\/radice-orlandini-design-studio\/#primaryimage\"},\"datePublished\":\"2022-03-23T11:05:47+00:00\",\"dateModified\":\"2022-04-22T07:05:43+00:00\",\"breadcrumb\":{\"@id\":\"https:\/\/www.myhomecollection.it\/fr\/radice-orlandini-design-studio\/#breadcrumb\"},\"inLanguage\":\"fr-FR\",\"potentialAction\":[{\"@type\":\"ReadAction\",\"target\":[\"https:\/\/www.myhomecollection.it\/fr\/radice-orlandini-design-studio\/\"]}]},{\"@type\":\"BreadcrumbList\",\"@id\":\"https:\/\/www.myhomecollection.it\/fr\/radice-orlandini-design-studio\/#breadcrumb\",\"itemListElement\":[{\"@type\":\"ListItem\",\"position\":1,\"name\":\"Home\",\"item\":\"https:\/\/www.myhomecollection.it\/\"},{\"@type\":\"ListItem\",\"position\":2,\"name\":\"RADICE ORLANDINI design studio\"}]}]}<\/script>\n<!-- \/ Yoast SEO plugin. -->","yoast_head_json":{"title":"RADICE ORLANDINI design studio - MyHome Collection","robots":{"index":"index","follow":"follow","max-snippet":"max-snippet:-1","max-image-preview":"max-image-preview:large","max-video-preview":"max-video-preview:-1"},"canonical":"https:\/\/www.myhomecollection.it\/fr\/radice-orlandini-design-studio\/","og_locale":"fr_FR","og_type":"article","og_title":"RADICE ORLANDINI design studio - MyHome Collection","og_description":"RADICE ORLANDINI design studio Andrea Radice n\u00e9 en 1979 et Folco Orlandini n\u00e9 en 1972 travaillent ensemble \u00e0 la cr\u00e9ation de produits diff\u00e9rents au style tr\u00e8s personnel et incisif. Les deux ont obtenu leur dipl\u00f4me \u00e0 l&rsquo;\u00c9cole Politechnique de Milan, [&hellip;]","og_url":"https:\/\/www.myhomecollection.it\/fr\/radice-orlandini-design-studio\/","og_site_name":"MyHome Collection","article_modified_time":"2022-04-22T07:05:43+00:00","og_image":[{"url":"http:\/\/myhomecollection.it\/wp-content\/uploads\/2022\/03\/my_home_header_designer-1.jpg"}],"twitter_card":"summary_large_image","twitter_misc":{"Dur\u00e9e de lecture estim\u00e9e":"3 minutes"},"schema":{"@context":"https:\/\/schema.org","@graph":[{"@type":"WebSite","@id":"https:\/\/www.myhomecollection.it\/#website","url":"https:\/\/www.myhomecollection.it\/","name":"MyHome Collection","description":"Elementi d\u2019arredo per uno stile esclusivo","potentialAction":[{"@type":"SearchAction","target":{"@type":"EntryPoint","urlTemplate":"https:\/\/www.myhomecollection.it\/?s={search_term_string}"},"query-input":"required name=search_term_string"}],"inLanguage":"fr-FR"},{"@type":"ImageObject","@id":"https:\/\/www.myhomecollection.it\/fr\/radice-orlandini-design-studio\/#primaryimage","inLanguage":"fr-FR","url":"http:\/\/myhomecollection.it\/wp-content\/uploads\/2022\/03\/my_home_header_designer-1.jpg","contentUrl":"http:\/\/myhomecollection.it\/wp-content\/uploads\/2022\/03\/my_home_header_designer-1.jpg"},{"@type":"WebPage","@id":"https:\/\/www.myhomecollection.it\/fr\/radice-orlandini-design-studio\/#webpage","url":"https:\/\/www.myhomecollection.it\/fr\/radice-orlandini-design-studio\/","name":"RADICE ORLANDINI design studio - MyHome Collection","isPartOf":{"@id":"https:\/\/www.myhomecollection.it\/#website"},"primaryImageOfPage":{"@id":"https:\/\/www.myhomecollection.it\/fr\/radice-orlandini-design-studio\/#primaryimage"},"datePublished":"2022-03-23T11:05:47+00:00","dateModified":"2022-04-22T07:05:43+00:00","breadcrumb":{"@id":"https:\/\/www.myhomecollection.it\/fr\/radice-orlandini-design-studio\/#breadcrumb"},"inLanguage":"fr-FR","potentialAction":[{"@type":"ReadAction","target":["https:\/\/www.myhomecollection.it\/fr\/radice-orlandini-design-studio\/"]}]},{"@type":"BreadcrumbList","@id":"https:\/\/www.myhomecollection.it\/fr\/radice-orlandini-design-studio\/#breadcrumb","itemListElement":[{"@type":"ListItem","position":1,"name":"Home","item":"https:\/\/www.myhomecollection.it\/"},{"@type":"ListItem","position":2,"name":"RADICE ORLANDINI design studio"}]}]}},"_links":{"self":[{"href":"https:\/\/www.myhomecollection.it\/fr\/wp-json\/wp\/v2\/pages\/18523"}],"collection":[{"href":"https:\/\/www.myhomecollection.it\/fr\/wp-json\/wp\/v2\/pages"}],"about":[{"href":"https:\/\/www.myhomecollection.it\/fr\/wp-json\/wp\/v2\/types\/page"}],"author":[{"embeddable":true,"href":"https:\/\/www.myhomecollection.it\/fr\/wp-json\/wp\/v2\/users\/100"}],"replies":[{"embeddable":true,"href":"https:\/\/www.myhomecollection.it\/fr\/wp-json\/wp\/v2\/comments?post=18523"}],"version-history":[{"count":0,"href":"https:\/\/www.myhomecollection.it\/fr\/wp-json\/wp\/v2\/pages\/18523\/revisions"}],"wp:attachment":[{"href":"https:\/\/www.myhomecollection.it\/fr\/wp-json\/wp\/v2\/media?parent=18523"}],"curies":[{"name":"wp","href":"https:\/\/api.w.org\/{rel}","templated":true}]}}