{"id":20470,"date":"2022-05-04T13:21:32","date_gmt":"2022-05-04T11:21:32","guid":{"rendered":"http:\/\/myhomecollection.it\/elena-salmistraro\/"},"modified":"2022-05-04T14:05:33","modified_gmt":"2022-05-04T12:05:33","slug":"elena-salmistraro","status":"publish","type":"page","link":"https:\/\/www.myhomecollection.it\/fr\/elena-salmistraro\/","title":{"rendered":"Elena Salmistraro"},"content":{"rendered":"\t\t<div data-elementor-type=\"wp-page\" data-elementor-id=\"20470\" class=\"elementor elementor-20470\" data-elementor-settings=\"[]\">\n\t\t\t\t\t\t\t<div class=\"elementor-section-wrap\">\n\t\t\t\t\t\t\t<section class=\"elementor-section elementor-top-section elementor-element elementor-element-0483c36 elementor-section-full_width elementor-section-stretched elementor-section-height-default elementor-section-height-default exad-glass-effect-no exad-sticky-section-no eltdf-parallax-row-no eltdf-content-aligment-left eltdf-elementor-row-grid-no eltdf-disabled-bg-image-bellow-no\" data-id=\"0483c36\" data-element_type=\"section\" data-settings=\"{&quot;stretch_section&quot;:&quot;section-stretched&quot;,&quot;background_background&quot;:&quot;classic&quot;}\">\n\t\t\t\t\t\t<div class=\"elementor-container elementor-column-gap-default\">\n\t\t\t\t\t<div class=\"elementor-column elementor-col-100 elementor-top-column elementor-element elementor-element-4341d4a exad-glass-effect-no exad-sticky-section-no\" data-id=\"4341d4a\" data-element_type=\"column\">\n\t\t\t<div class=\"elementor-widget-wrap elementor-element-populated\">\n\t\t\t\t\t\t\t\t<div class=\"elementor-element elementor-element-4990e41 exad-sticky-section-no exad-glass-effect-no elementor-widget elementor-widget-image\" data-id=\"4990e41\" data-element_type=\"widget\" data-widget_type=\"image.default\">\n\t\t\t\t<div class=\"elementor-widget-container\">\n\t\t\t<style>\/*! elementor - v3.5.6 - 28-02-2022 *\/\n.elementor-widget-image{text-align:center}.elementor-widget-image a{display:inline-block}.elementor-widget-image a img[src$=\".svg\"]{width:48px}.elementor-widget-image img{vertical-align:middle;display:inline-block}<\/style>\t\t\t\t\t\t\t\t\t\t\t\t<img width=\"1920\" height=\"500\" src=\"https:\/\/www.myhomecollection.it\/wp-content\/uploads\/2022\/03\/my_home_header_designer-1.jpg\" class=\"attachment-full size-full\" alt=\"\" srcset=\"https:\/\/www.myhomecollection.it\/wp-content\/uploads\/2022\/03\/my_home_header_designer-1.jpg 1920w, https:\/\/www.myhomecollection.it\/wp-content\/uploads\/2022\/03\/my_home_header_designer-1-300x78.jpg 300w, https:\/\/www.myhomecollection.it\/wp-content\/uploads\/2022\/03\/my_home_header_designer-1-1024x267.jpg 1024w, https:\/\/www.myhomecollection.it\/wp-content\/uploads\/2022\/03\/my_home_header_designer-1-768x200.jpg 768w, https:\/\/www.myhomecollection.it\/wp-content\/uploads\/2022\/03\/my_home_header_designer-1-1536x400.jpg 1536w\" sizes=\"(max-width: 1920px) 100vw, 1920px\" \/>\t\t\t\t\t\t\t\t\t\t\t\t\t\t\t<\/div>\n\t\t\t\t<\/div>\n\t\t\t\t\t<\/div>\n\t\t<\/div>\n\t\t\t\t\t\t\t<\/div>\n\t\t<\/section>\n\t\t\t\t<section data-dynamic-bgrnd=\"#EAD5D1\" class=\"elementor-section elementor-top-section elementor-element elementor-element-6735a894 elementor-section-full_width eltdf-elementor-row-grid-section elementor-section-height-full elementor-section-height-default elementor-section-items-middle exad-glass-effect-no exad-sticky-section-no eltdf-parallax-row-no eltdf-content-aligment-left eltdf-disabled-bg-image-bellow-no\" data-id=\"6735a894\" data-element_type=\"section\">\n\t\t\t\t\t\t<div class=\"elementor-container elementor-column-gap-default\">\n\t\t\t\t\t<div class=\"elementor-column elementor-col-50 elementor-top-column elementor-element elementor-element-78770f3 exad-glass-effect-no exad-sticky-section-no\" data-id=\"78770f3\" data-element_type=\"column\">\n\t\t\t<div class=\"elementor-widget-wrap elementor-element-populated\">\n\t\t\t\t\t\t\t\t<div class=\"elementor-element elementor-element-590a5e1 elementor-widget__width-initial exad-sticky-section-no exad-glass-effect-no elementor-widget elementor-widget-eltdf_custom_font\" data-id=\"590a5e1\" data-element_type=\"widget\" data-widget_type=\"eltdf_custom_font.default\">\n\t\t\t\t<div class=\"elementor-widget-container\">\n\t\t\t<h1 class=\"eltdf-custom-font-holder  eltdf-cf-5684  \" style=\"line-height: 70px\" data-item-class=\"eltdf-cf-5684\" data-line-height-680=\"55px\">\n\tElena Salmistraro<\/h1>\t\t<\/div>\n\t\t\t\t<\/div>\n\t\t\t\t<div class=\"elementor-element elementor-element-c147773 elementor-widget__width-initial elementor-widget-tablet__width-inherit exad-sticky-section-no exad-glass-effect-no elementor-widget elementor-widget-text-editor\" data-id=\"c147773\" data-element_type=\"widget\" data-widget_type=\"text-editor.default\">\n\t\t\t\t<div class=\"elementor-widget-container\">\n\t\t\t<style>\/*! elementor - v3.5.6 - 28-02-2022 *\/\n.elementor-widget-text-editor.elementor-drop-cap-view-stacked .elementor-drop-cap{background-color:#818a91;color:#fff}.elementor-widget-text-editor.elementor-drop-cap-view-framed .elementor-drop-cap{color:#818a91;border:3px solid;background-color:transparent}.elementor-widget-text-editor:not(.elementor-drop-cap-view-default) .elementor-drop-cap{margin-top:8px}.elementor-widget-text-editor:not(.elementor-drop-cap-view-default) .elementor-drop-cap-letter{width:1em;height:1em}.elementor-widget-text-editor .elementor-drop-cap{float:left;text-align:center;line-height:1;font-size:50px}.elementor-widget-text-editor .elementor-drop-cap-letter{display:inline-block}<\/style>\t\t\t\tDise\u00f1adora de productos y artista. Sus creaciones son fruto de una mezcla entre arte y dise\u00f1o, la atenci\u00f3n al detalle, la b\u00fasqueda de la armon\u00eda de formas, el estilo po\u00e9tico caracterizan sus proyectos. Colabora con varias empresas del sector del dise\u00f1o y la moda como Alessi, Apple, Bosa, Disney, Lavazza, LuisaViaRoma, Yoox, Vitra. En 2017 gan\u00f3 el premio \u00ab\u00a0Salone del Mobile Milano Award\u00a0\u00bb como \u00ab\u00a0Mejor dise\u00f1ador novato\u00a0\u00bb.\t\t\t\t\t\t<\/div>\n\t\t\t\t<\/div>\n\t\t\t\t\t<\/div>\n\t\t<\/div>\n\t\t\t\t<div class=\"elementor-column elementor-col-50 elementor-top-column elementor-element elementor-element-39dad26 exad-glass-effect-no exad-sticky-section-no\" data-id=\"39dad26\" data-element_type=\"column\">\n\t\t\t<div class=\"elementor-widget-wrap elementor-element-populated\">\n\t\t\t\t\t\t\t\t<div class=\"elementor-element elementor-element-a0aaea7 exad-sticky-section-no exad-glass-effect-no elementor-widget elementor-widget-eltdf_single_image\" data-id=\"a0aaea7\" data-element_type=\"widget\" data-widget_type=\"eltdf_single_image.default\">\n\t\t\t\t<div class=\"elementor-widget-container\">\n\t\t\t<div class=\"eltdf-single-image-holder   \">\n    <div class=\"eltdf-si-inner\" >\n                                    <img width=\"700\" height=\"700\" src=\"https:\/\/www.myhomecollection.it\/wp-content\/uploads\/2022\/05\/elena.png\" class=\"attachment-full size-full\" alt=\"\" srcset=\"https:\/\/www.myhomecollection.it\/wp-content\/uploads\/2022\/05\/elena.png 700w, https:\/\/www.myhomecollection.it\/wp-content\/uploads\/2022\/05\/elena-300x300.png 300w, https:\/\/www.myhomecollection.it\/wp-content\/uploads\/2022\/05\/elena-150x150.png 150w, https:\/\/www.myhomecollection.it\/wp-content\/uploads\/2022\/05\/elena-650x650.png 650w\" sizes=\"(max-width: 700px) 100vw, 700px\" \/>                        <\/div>\n<\/div>\t\t<\/div>\n\t\t\t\t<\/div>\n\t\t\t\t\t<\/div>\n\t\t<\/div>\n\t\t\t\t\t\t\t<\/div>\n\t\t<\/section>\n\t\t\t\t<section data-dynamic-bgrnd=\"#F3E7BE\" class=\"elementor-section elementor-top-section elementor-element elementor-element-4f7b0a1 elementor-section-full_width eltdf-elementor-row-grid-section elementor-section-height-default elementor-section-height-default exad-glass-effect-no exad-sticky-section-no eltdf-parallax-row-no eltdf-content-aligment-left eltdf-disabled-bg-image-bellow-no\" data-id=\"4f7b0a1\" data-element_type=\"section\" data-settings=\"{&quot;background_background&quot;:&quot;classic&quot;}\">\n\t\t\t\t\t\t<div class=\"elementor-container elementor-column-gap-default\">\n\t\t\t\t\t<div class=\"elementor-column elementor-col-100 elementor-top-column elementor-element elementor-element-493cbab exad-glass-effect-no exad-sticky-section-no\" data-id=\"493cbab\" data-element_type=\"column\">\n\t\t\t<div class=\"elementor-widget-wrap elementor-element-populated\">\n\t\t\t\t\t\t\t\t<div class=\"elementor-element elementor-element-386928b elementor-widget__width-initial exad-sticky-section-no exad-glass-effect-no elementor-widget elementor-widget-eltdf_custom_font\" data-id=\"386928b\" data-element_type=\"widget\" data-widget_type=\"eltdf_custom_font.default\">\n\t\t\t\t<div class=\"elementor-widget-container\">\n\t\t\t<h1 class=\"eltdf-custom-font-holder  eltdf-cf-2172  \" style=\"line-height: 70px\" data-item-class=\"eltdf-cf-2172\" data-line-height-680=\"55px\">\n\tProductos dise\u00f1ados<\/h1>\t\t<\/div>\n\t\t\t\t<\/div>\n\t\t\t\t\t<\/div>\n\t\t<\/div>\n\t\t\t\t\t\t\t<\/div>\n\t\t<\/section>\n\t\t\t\t<section class=\"elementor-section elementor-top-section elementor-element elementor-element-79c1e13 elementor-section-full_width elementor-section-height-default elementor-section-height-default exad-glass-effect-no exad-sticky-section-no eltdf-parallax-row-no eltdf-content-aligment-left eltdf-elementor-row-grid-no eltdf-disabled-bg-image-bellow-no\" data-id=\"79c1e13\" data-element_type=\"section\">\n\t\t\t\t\t\t<div class=\"elementor-container elementor-column-gap-default\">\n\t\t\t\t\t<div class=\"elementor-column elementor-col-100 elementor-top-column elementor-element elementor-element-2c196e5 exad-glass-effect-no exad-sticky-section-no\" data-id=\"2c196e5\" data-element_type=\"column\">\n\t\t\t<div class=\"elementor-widget-wrap elementor-element-populated\">\n\t\t\t\t\t\t\t\t<div class=\"elementor-element elementor-element-72ba696 exad-sticky-section-no exad-glass-effect-no elementor-widget elementor-widget-eltdf_portfolio_slider\" data-id=\"72ba696\" data-element_type=\"widget\" data-widget_type=\"eltdf_portfolio_slider.default\">\n\t\t\t\t<div class=\"elementor-widget-container\">\n\t\t\t<div class=\"eltdf-portfolio-slider-holder\"><div class=\"eltdf-portfolio-list-holder eltdf-grid-list eltdf-disable-bottom-space eltdf-pl-gallery eltdf-two-columns eltdf-normal-space eltdf-pl-gallery-overlay    eltdf-pl-pag-no-pagination     eltdf-pag-below-slider eltdf-scattered-offset-normal \"  data-type=gallery data-scattered-offset=normal data-number-of-columns=two data-space-between-items=normal data-image-proportions=full data-enable-fixed-proportions=no data-enable-image-shadow=no data-tag=elena-salmistraro data-orderby=date data-order=ASC data-item-style=gallery-overlay data-content-top-margin= data-content-bottom-margin= data-enable-title=yes data-title-tag=h4 data-enable-category=yes data-enable-count-images= data-enable-excerpt=no data-excerpt-length= data-pagination-type=no-pagination data-filter=no data-filter-order-by=name data-portfolio-slider-on=yes data-enable-loop=yes data-enable-autoplay=yes data-enable-navigation=no data-navigation-skin= data-enable-pagination=yes data-pagination-position=below-slider data-enable-list-title=no data-list-title-tag=h1 data-scattered=0 data-max-num-pages=1 data-next-page=2>\n\t\t<div class=\"eltdf-pl-inner eltdf-outer-space eltdf-owl-slider eltdf-list-is-slider clearfix\">\n        \t\t<article class=\"eltdf-pl-item eltdf-item-space  post-17845 portfolio-item type-portfolio-item status-publish has-post-thumbnail hentry portfolio-category-panche-pouf-fr portfolio-tag-elena-salmistraro-fr\">\n\t<div class=\"eltdf-pl-item-inner\" >\n\t\t<div class=\"eltdf-pli-image\">\n\t<img width=\"1300\" height=\"650\" src=\"https:\/\/www.myhomecollection.it\/wp-content\/uploads\/2022\/03\/Belte.jpg\" class=\"attachment-full size-full wp-post-image\" alt=\"\" loading=\"lazy\" srcset=\"https:\/\/www.myhomecollection.it\/wp-content\/uploads\/2022\/03\/Belte.jpg 1300w, https:\/\/www.myhomecollection.it\/wp-content\/uploads\/2022\/03\/Belte-300x150.jpg 300w, https:\/\/www.myhomecollection.it\/wp-content\/uploads\/2022\/03\/Belte-1024x512.jpg 1024w, https:\/\/www.myhomecollection.it\/wp-content\/uploads\/2022\/03\/Belte-768x384.jpg 768w\" sizes=\"(max-width: 1300px) 100vw, 1300px\" \/><\/div>\n<div class=\"eltdf-pli-text-holder\">\n\t<div class=\"eltdf-pli-text-wrapper\">\n\t\t<div class=\"eltdf-pli-text\">\n\t\t\t\t\t<div class=\"eltdf-pli-category-holder\">\n\t\t\t\t\t\t\t<a itemprop=\"url\" class=\"eltdf-pli-category\" href=\"https:\/\/www.myhomecollection.it\/fr\/portfolio-category\/panche-pouf-fr\/\">Panche &amp; Pouf<\/a>\n\t\t\t\t\t<\/div>\n\t\n\t\t\t\t<h4 itemprop=\"name\" class=\"eltdf-pli-title entry-title\" >\n\t\t<span class=\"eltdf-pli-title-inner\">\n\t\t\tBelte\t\t<\/span>\n\t<\/h4>\n\n\t\t\t\t\t\t\n\t\t\t\t\t<\/div>\n\t<\/div>\n<\/div>\n        <a itemprop=\"url\" class=\"eltdf-pli-link eltdf-block-drag-link\" href=\"https:\/\/www.myhomecollection.it\/fr\/portfolio-item\/belte-pouf\/\" target=\"_self\"><\/a>\n\t<\/div>\n<\/article><article class=\"eltdf-pl-item eltdf-item-space  post-18100 portfolio-item type-portfolio-item status-publish has-post-thumbnail hentry portfolio-category-tavolini-fr portfolio-tag-elena-salmistraro-fr\">\n\t<div class=\"eltdf-pl-item-inner\" >\n\t\t<div class=\"eltdf-pli-image\">\n\t<img width=\"1600\" height=\"850\" src=\"https:\/\/www.myhomecollection.it\/wp-content\/uploads\/2022\/03\/Lok.jpg\" class=\"attachment-full size-full wp-post-image\" alt=\"\" loading=\"lazy\" srcset=\"https:\/\/www.myhomecollection.it\/wp-content\/uploads\/2022\/03\/Lok.jpg 1600w, https:\/\/www.myhomecollection.it\/wp-content\/uploads\/2022\/03\/Lok-300x159.jpg 300w, https:\/\/www.myhomecollection.it\/wp-content\/uploads\/2022\/03\/Lok-1024x544.jpg 1024w, https:\/\/www.myhomecollection.it\/wp-content\/uploads\/2022\/03\/Lok-768x408.jpg 768w, https:\/\/www.myhomecollection.it\/wp-content\/uploads\/2022\/03\/Lok-1536x816.jpg 1536w\" sizes=\"(max-width: 1600px) 100vw, 1600px\" \/><\/div>\n<div class=\"eltdf-pli-text-holder\">\n\t<div class=\"eltdf-pli-text-wrapper\">\n\t\t<div class=\"eltdf-pli-text\">\n\t\t\t\t\t<div class=\"eltdf-pli-category-holder\">\n\t\t\t\t\t\t\t<a itemprop=\"url\" class=\"eltdf-pli-category\" href=\"https:\/\/www.myhomecollection.it\/fr\/portfolio-category\/tavolini-fr\/\">Tavolini<\/a>\n\t\t\t\t\t<\/div>\n\t\n\t\t\t\t<h4 itemprop=\"name\" class=\"eltdf-pli-title entry-title\" >\n\t\t<span class=\"eltdf-pli-title-inner\">\n\t\t\tLok\t\t<\/span>\n\t<\/h4>\n\n\t\t\t\t\t\t\n\t\t\t\t\t<\/div>\n\t<\/div>\n<\/div>\n        <a itemprop=\"url\" class=\"eltdf-pli-link eltdf-block-drag-link\" href=\"https:\/\/www.myhomecollection.it\/fr\/portfolio-item\/lok-coffee-table\/\" target=\"_self\"><\/a>\n\t<\/div>\n<\/article>\t<\/div>\n\t\n\t<\/div><\/div>\t\t<\/div>\n\t\t\t\t<\/div>\n\t\t\t\t\t<\/div>\n\t\t<\/div>\n\t\t\t\t\t\t\t<\/div>\n\t\t<\/section>\n\t\t\t\t\t\t<\/div>\n\t\t\t\t\t<\/div>\n\t\t","protected":false},"excerpt":{"rendered":"<p>Elena Salmistraro Dise\u00f1adora de productos y artista. Sus creaciones son fruto de una mezcla entre arte y dise\u00f1o, la atenci\u00f3n al detalle, la b\u00fasqueda de la armon\u00eda de formas, el estilo po\u00e9tico caracterizan sus proyectos. Colabora con varias empresas del [&hellip;]<\/p>\n","protected":false},"author":100,"featured_media":0,"parent":0,"menu_order":0,"comment_status":"closed","ping_status":"closed","template":"full-width.php","meta":[],"yoast_head":"<!-- This site is optimized with the Yoast SEO plugin v18.5.1 - https:\/\/yoast.com\/wordpress\/plugins\/seo\/ -->\n<title>Elena Salmistraro - MyHome Collection<\/title>\n<meta name=\"robots\" content=\"index, follow, max-snippet:-1, max-image-preview:large, max-video-preview:-1\" \/>\n<link rel=\"canonical\" href=\"https:\/\/www.myhomecollection.it\/fr\/elena-salmistraro\/\" \/>\n<meta property=\"og:locale\" content=\"fr_FR\" \/>\n<meta property=\"og:type\" content=\"article\" \/>\n<meta property=\"og:title\" content=\"Elena Salmistraro - MyHome Collection\" \/>\n<meta property=\"og:description\" content=\"Elena Salmistraro Dise\u00f1adora de productos y artista. Sus creaciones son fruto de una mezcla entre arte y dise\u00f1o, la atenci\u00f3n al detalle, la b\u00fasqueda de la armon\u00eda de formas, el estilo po\u00e9tico caracterizan sus proyectos. Colabora con varias empresas del [&hellip;]\" \/>\n<meta property=\"og:url\" content=\"https:\/\/www.myhomecollection.it\/fr\/elena-salmistraro\/\" \/>\n<meta property=\"og:site_name\" content=\"MyHome Collection\" \/>\n<meta property=\"article:modified_time\" content=\"2022-05-04T12:05:33+00:00\" \/>\n<meta property=\"og:image\" content=\"http:\/\/myhomecollection.it\/wp-content\/uploads\/2022\/03\/my_home_header_designer-1.jpg\" \/>\n<meta name=\"twitter:card\" content=\"summary_large_image\" \/>\n<meta name=\"twitter:label1\" content=\"Dur\u00e9e de lecture estim\u00e9e\" \/>\n\t<meta name=\"twitter:data1\" content=\"3 minutes\" \/>\n<script type=\"application\/ld+json\" class=\"yoast-schema-graph\">{\"@context\":\"https:\/\/schema.org\",\"@graph\":[{\"@type\":\"WebSite\",\"@id\":\"https:\/\/www.myhomecollection.it\/#website\",\"url\":\"https:\/\/www.myhomecollection.it\/\",\"name\":\"MyHome Collection\",\"description\":\"Elementi d\u2019arredo per uno stile esclusivo\",\"potentialAction\":[{\"@type\":\"SearchAction\",\"target\":{\"@type\":\"EntryPoint\",\"urlTemplate\":\"https:\/\/www.myhomecollection.it\/?s={search_term_string}\"},\"query-input\":\"required name=search_term_string\"}],\"inLanguage\":\"fr-FR\"},{\"@type\":\"ImageObject\",\"@id\":\"https:\/\/www.myhomecollection.it\/fr\/elena-salmistraro\/#primaryimage\",\"inLanguage\":\"fr-FR\",\"url\":\"http:\/\/myhomecollection.it\/wp-content\/uploads\/2022\/03\/my_home_header_designer-1.jpg\",\"contentUrl\":\"http:\/\/myhomecollection.it\/wp-content\/uploads\/2022\/03\/my_home_header_designer-1.jpg\"},{\"@type\":\"WebPage\",\"@id\":\"https:\/\/www.myhomecollection.it\/fr\/elena-salmistraro\/#webpage\",\"url\":\"https:\/\/www.myhomecollection.it\/fr\/elena-salmistraro\/\",\"name\":\"Elena Salmistraro - MyHome Collection\",\"isPartOf\":{\"@id\":\"https:\/\/www.myhomecollection.it\/#website\"},\"primaryImageOfPage\":{\"@id\":\"https:\/\/www.myhomecollection.it\/fr\/elena-salmistraro\/#primaryimage\"},\"datePublished\":\"2022-05-04T11:21:32+00:00\",\"dateModified\":\"2022-05-04T12:05:33+00:00\",\"breadcrumb\":{\"@id\":\"https:\/\/www.myhomecollection.it\/fr\/elena-salmistraro\/#breadcrumb\"},\"inLanguage\":\"fr-FR\",\"potentialAction\":[{\"@type\":\"ReadAction\",\"target\":[\"https:\/\/www.myhomecollection.it\/fr\/elena-salmistraro\/\"]}]},{\"@type\":\"BreadcrumbList\",\"@id\":\"https:\/\/www.myhomecollection.it\/fr\/elena-salmistraro\/#breadcrumb\",\"itemListElement\":[{\"@type\":\"ListItem\",\"position\":1,\"name\":\"Home\",\"item\":\"https:\/\/www.myhomecollection.it\/\"},{\"@type\":\"ListItem\",\"position\":2,\"name\":\"Elena Salmistraro\"}]}]}<\/script>\n<!-- \/ Yoast SEO plugin. -->","yoast_head_json":{"title":"Elena Salmistraro - MyHome Collection","robots":{"index":"index","follow":"follow","max-snippet":"max-snippet:-1","max-image-preview":"max-image-preview:large","max-video-preview":"max-video-preview:-1"},"canonical":"https:\/\/www.myhomecollection.it\/fr\/elena-salmistraro\/","og_locale":"fr_FR","og_type":"article","og_title":"Elena Salmistraro - MyHome Collection","og_description":"Elena Salmistraro Dise\u00f1adora de productos y artista. Sus creaciones son fruto de una mezcla entre arte y dise\u00f1o, la atenci\u00f3n al detalle, la b\u00fasqueda de la armon\u00eda de formas, el estilo po\u00e9tico caracterizan sus proyectos. Colabora con varias empresas del [&hellip;]","og_url":"https:\/\/www.myhomecollection.it\/fr\/elena-salmistraro\/","og_site_name":"MyHome Collection","article_modified_time":"2022-05-04T12:05:33+00:00","og_image":[{"url":"http:\/\/myhomecollection.it\/wp-content\/uploads\/2022\/03\/my_home_header_designer-1.jpg"}],"twitter_card":"summary_large_image","twitter_misc":{"Dur\u00e9e de lecture estim\u00e9e":"3 minutes"},"schema":{"@context":"https:\/\/schema.org","@graph":[{"@type":"WebSite","@id":"https:\/\/www.myhomecollection.it\/#website","url":"https:\/\/www.myhomecollection.it\/","name":"MyHome Collection","description":"Elementi d\u2019arredo per uno stile esclusivo","potentialAction":[{"@type":"SearchAction","target":{"@type":"EntryPoint","urlTemplate":"https:\/\/www.myhomecollection.it\/?s={search_term_string}"},"query-input":"required name=search_term_string"}],"inLanguage":"fr-FR"},{"@type":"ImageObject","@id":"https:\/\/www.myhomecollection.it\/fr\/elena-salmistraro\/#primaryimage","inLanguage":"fr-FR","url":"http:\/\/myhomecollection.it\/wp-content\/uploads\/2022\/03\/my_home_header_designer-1.jpg","contentUrl":"http:\/\/myhomecollection.it\/wp-content\/uploads\/2022\/03\/my_home_header_designer-1.jpg"},{"@type":"WebPage","@id":"https:\/\/www.myhomecollection.it\/fr\/elena-salmistraro\/#webpage","url":"https:\/\/www.myhomecollection.it\/fr\/elena-salmistraro\/","name":"Elena Salmistraro - MyHome Collection","isPartOf":{"@id":"https:\/\/www.myhomecollection.it\/#website"},"primaryImageOfPage":{"@id":"https:\/\/www.myhomecollection.it\/fr\/elena-salmistraro\/#primaryimage"},"datePublished":"2022-05-04T11:21:32+00:00","dateModified":"2022-05-04T12:05:33+00:00","breadcrumb":{"@id":"https:\/\/www.myhomecollection.it\/fr\/elena-salmistraro\/#breadcrumb"},"inLanguage":"fr-FR","potentialAction":[{"@type":"ReadAction","target":["https:\/\/www.myhomecollection.it\/fr\/elena-salmistraro\/"]}]},{"@type":"BreadcrumbList","@id":"https:\/\/www.myhomecollection.it\/fr\/elena-salmistraro\/#breadcrumb","itemListElement":[{"@type":"ListItem","position":1,"name":"Home","item":"https:\/\/www.myhomecollection.it\/"},{"@type":"ListItem","position":2,"name":"Elena Salmistraro"}]}]}},"_links":{"self":[{"href":"https:\/\/www.myhomecollection.it\/fr\/wp-json\/wp\/v2\/pages\/20470"}],"collection":[{"href":"https:\/\/www.myhomecollection.it\/fr\/wp-json\/wp\/v2\/pages"}],"about":[{"href":"https:\/\/www.myhomecollection.it\/fr\/wp-json\/wp\/v2\/types\/page"}],"author":[{"embeddable":true,"href":"https:\/\/www.myhomecollection.it\/fr\/wp-json\/wp\/v2\/users\/100"}],"replies":[{"embeddable":true,"href":"https:\/\/www.myhomecollection.it\/fr\/wp-json\/wp\/v2\/comments?post=20470"}],"version-history":[{"count":0,"href":"https:\/\/www.myhomecollection.it\/fr\/wp-json\/wp\/v2\/pages\/20470\/revisions"}],"wp:attachment":[{"href":"https:\/\/www.myhomecollection.it\/fr\/wp-json\/wp\/v2\/media?parent=20470"}],"curies":[{"name":"wp","href":"https:\/\/api.w.org\/{rel}","templated":true}]}}